{"id":21226,"date":"2026-03-07T20:16:00","date_gmt":"2026-03-07T19:16:00","guid":{"rendered":"https:\/\/ritosa.click.si\/?post_type=product&#038;p=21226"},"modified":"2026-03-07T20:20:18","modified_gmt":"2026-03-07T19:20:18","slug":"reusch-tessa-stormbloxx","status":"publish","type":"product","link":"https:\/\/ritosa.click.si\/it\/negozio\/sciare\/smucarska-oprema\/smucarske-rokavice\/odrasle-smucarske-rokavice\/reusch-tessa-stormbloxx\/","title":{"rendered":"Reusch Tessa STORMBLOXX"},"content":{"rendered":"<p>guanti da sci <strong data-start=\"19\" data-end=\"47\">Reusch Tessa STORMBLOXX<\/strong>\u00a0zdru\u017eujejo eleganten dizajn, toploto in zanesljivo za\u0161\u010dito za smu\u010danje v hladnih zimskih razmerah. Opremljene so z <strong data-start=\"163\" data-end=\"187\">membrano STORMBLOXX\u2122<\/strong>, ki u\u010dinkovito \u0161\u010diti pred vetrom, hkrati pa ostaja zelo zra\u010dna in omogo\u010da udobje skozi ves dan na smu\u010di\u0161\u010du. Rokavice so <strong data-start=\"308\" data-end=\"339\">vodoodbojne in hitro su\u0161e\u010de<\/strong>, zato roke ostanejo suhe tudi v mokrem snegu. Za toploto skrbi <strong data-start=\"403\" data-end=\"432\">PrimaLoft\u00ae Gold izolacija<\/strong>, ki zagotavlja odli\u010dno toplotno za\u0161\u010dito brez ob\u010dutka te\u017ee. Kombinacija <strong data-start=\"504\" data-end=\"553\">softshell materiala in kozjega usnja na dlani<\/strong> omogo\u010da dober oprijem smu\u010darskih palic ter visoko vzdr\u017eljivost rokavic.<\/p>","protected":false},"excerpt":{"rendered":"<p>\u017denske smu\u010darske rokavice Reusch Tessa STORMBLOXX<\/p>","protected":false},"featured_media":21232,"template":"","meta":{"_acf_changed":false,"inline_featured_image":false},"product_brand":[683],"product_cat":[604],"product_tag":[],"class_list":{"0":"post-21226","1":"product","2":"type-product","3":"status-publish","4":"has-post-thumbnail","6":"product_brand-reusch","7":"product_cat-odrasle-smucarske-rokavice","8":"pa_velikost-798","9":"pa_velikost-7-5","11":"first","12":"instock","13":"sale","14":"taxable","15":"shipping-taxable","16":"purchasable","17":"product-type-variable"},"acf":[],"_links":{"self":[{"href":"https:\/\/ritosa.click.si\/it\/wp-json\/wp\/v2\/product\/21226","targetHints":{"allow":["GET"]}}],"collection":[{"href":"https:\/\/ritosa.click.si\/it\/wp-json\/wp\/v2\/product"}],"about":[{"href":"https:\/\/ritosa.click.si\/it\/wp-json\/wp\/v2\/types\/product"}],"wp:featuredmedia":[{"embeddable":true,"href":"https:\/\/ritosa.click.si\/it\/wp-json\/wp\/v2\/media\/21232"}],"wp:attachment":[{"href":"https:\/\/ritosa.click.si\/it\/wp-json\/wp\/v2\/media?parent=21226"}],"wp:term":[{"taxonomy":"product_brand","embeddable":true,"href":"https:\/\/ritosa.click.si\/it\/wp-json\/wp\/v2\/product_brand?post=21226"},{"taxonomy":"product_cat","embeddable":true,"href":"https:\/\/ritosa.click.si\/it\/wp-json\/wp\/v2\/product_cat?post=21226"},{"taxonomy":"product_tag","embeddable":true,"href":"https:\/\/ritosa.click.si\/it\/wp-json\/wp\/v2\/product_tag?post=21226"}],"curies":[{"name":"parola chiave","href":"https:\/\/api.w.org\/{rel}","templated":true}]}}