{"id":21176,"date":"2026-03-07T19:16:17","date_gmt":"2026-03-07T18:16:17","guid":{"rendered":"https:\/\/ritosa.click.si\/?post_type=product&#038;p=21176"},"modified":"2026-03-07T19:18:46","modified_gmt":"2026-03-07T18:18:46","slug":"smucarske-rokavice-reusch-ben","status":"publish","type":"product","link":"https:\/\/ritosa.click.si\/it\/negozio\/sciare\/smucarska-oprema\/smucarske-rokavice\/otroske-smucarske-rokavice\/smucarske-rokavice-reusch-ben\/","title":{"rendered":"Guanti da sci Reusch Ben"},"content":{"rendered":"<p>Dekli\u0161ke smu\u010darske rokavice <strong data-start=\"29\" data-end=\"43\">Reusch Ben<\/strong> na dva prsta (lobster oziroma mitten dizajn) so zasnovane za <strong data-start=\"105\" data-end=\"124\">mlaj\u0161e smu\u010darke<\/strong>, ki potrebujejo toploto in udobje na snegu. Posebna zasnova z <strong data-start=\"187\" data-end=\"204\">dvema prstoma<\/strong> omogo\u010da bolj\u0161e zadr\u017eevanje toplote kot klasi\u010dne rokavice, hkrati pa \u0161e vedno nudi dovolj gibljivosti. Za toploto skrbi <strong data-start=\"324\" data-end=\"345\">R-LOFT\u2122 izolacija<\/strong>, ki u\u010dinkovito zadr\u017euje toploto tudi v hladnih zimskih razmerah. Notranja <strong data-start=\"420\" data-end=\"443\">MicroActive podloga<\/strong> odvaja vlago in poskrbi za prijeten ob\u010dutek med no\u0161enjem. Rokavice imajo tudi <strong data-start=\"522\" data-end=\"556\">dolgo zadrgo na zgornji strani<\/strong>, ki omogo\u010da zelo enostavno obla\u010denje in sla\u010denje rokavic.<\/p>","protected":false},"excerpt":{"rendered":"<p>Dekli\u0161ke smu\u010darske rokavice Reusch Ben<\/p>","protected":false},"featured_media":21179,"template":"","meta":{"_acf_changed":false,"inline_featured_image":false},"product_brand":[683],"product_cat":[605],"product_tag":[1198],"class_list":{"0":"post-21176","1":"product","2":"type-product","3":"status-publish","4":"has-post-thumbnail","6":"product_brand-reusch","7":"product_cat-otroske-smucarske-rokavice","8":"product_tag-otroci","9":"pa_velikost-ii","10":"pa_velikost-iii","11":"pa_velikost-v","13":"first","14":"instock","15":"sale","16":"taxable","17":"shipping-taxable","18":"purchasable","19":"product-type-variable"},"acf":[],"_links":{"self":[{"href":"https:\/\/ritosa.click.si\/it\/wp-json\/wp\/v2\/product\/21176","targetHints":{"allow":["GET"]}}],"collection":[{"href":"https:\/\/ritosa.click.si\/it\/wp-json\/wp\/v2\/product"}],"about":[{"href":"https:\/\/ritosa.click.si\/it\/wp-json\/wp\/v2\/types\/product"}],"wp:featuredmedia":[{"embeddable":true,"href":"https:\/\/ritosa.click.si\/it\/wp-json\/wp\/v2\/media\/21179"}],"wp:attachment":[{"href":"https:\/\/ritosa.click.si\/it\/wp-json\/wp\/v2\/media?parent=21176"}],"wp:term":[{"taxonomy":"product_brand","embeddable":true,"href":"https:\/\/ritosa.click.si\/it\/wp-json\/wp\/v2\/product_brand?post=21176"},{"taxonomy":"product_cat","embeddable":true,"href":"https:\/\/ritosa.click.si\/it\/wp-json\/wp\/v2\/product_cat?post=21176"},{"taxonomy":"product_tag","embeddable":true,"href":"https:\/\/ritosa.click.si\/it\/wp-json\/wp\/v2\/product_tag?post=21176"}],"curies":[{"name":"parola chiave","href":"https:\/\/api.w.org\/{rel}","templated":true}]}}