{"id":21126,"date":"2026-03-07T15:47:10","date_gmt":"2026-03-07T14:47:10","guid":{"rendered":"https:\/\/ritosa.click.si\/?post_type=product&#038;p=21126"},"modified":"2026-03-07T15:47:54","modified_gmt":"2026-03-07T14:47:54","slug":"alpina-scarabeo-jr-q-lite-white-rose","status":"publish","type":"product","link":"https:\/\/ritosa.click.si\/it\/negozio\/sciare\/smucarska-oprema\/smucarska-ocala\/otroska-smucarska-ocala\/alpina-scarabeo-jr-q-lite-white-rose\/","title":{"rendered":"Alpina Scarabeo JR Q-Lite bianco-rosa"},"content":{"rendered":"<div class=\"product-short-description\">\n<p>Veliko vidno polje, udobno no\u0161enje, sodoben dizajn in izjemno razmerje med ceno in zmogljivostjo \u2013 te funkcije zaznamujejo otro\u0161ke smu\u010darske o\u010dala Alpina Scarabeo JR. Q-lite. Velika sferi\u010dna in zrcalna le\u010da daje o\u010dalom atraktiven izgled, hkrati pa odbija infrarde\u010de \u017earke in tako zmanj\u0161uje obremenitev o\u010di. Prevleka Fogstop na notranji strani prepre\u010duje rosenje. Poleg tega je dvojna le\u010da odporna proti lomljenju in zagotavlja 100% UV za\u0161\u010dito. Prilagodljivi okvir in obloga iz penaste mase zagotavljata udobno no\u0161enje. O\u010dala se lahko nosijo skupaj z va\u0161imi korekcijskimi o\u010dali. Stopnja za\u0161\u010dite: S2<\/p>\n<ul>\n<li>Q-lite le\u010da\u00a0odbija infrarde\u010de \u017earke in tako zmanj\u0161a obremenitev o\u010di hkrati pa pove\u010da kontraste<\/li>\n<li>Sferi\u010dne le\u010de: Sferi\u010dno oblikovane dvojne le\u010de zagotavljajo mo\u010dno raz\u0161irjen pogled.<\/li>\n<li>Fogstop: je premaz na notranji strani le\u010d za za\u0161\u010dito o\u010dal pred rosenjem.<\/li>\n<li>UV za\u0161\u010dita: 100% za\u0161\u010dita pred UV A, B in C \u017earki do 400nm<\/li>\n<li>180\u00b0+ view: Alpina smu\u010darska o\u010dala s 180\u00b0+ pogledom imajo \u0161e ve\u010dje vidno polje kot je zahtevano po CE standardu<\/li>\n<li>Montatura confortevole: gli occhiali di sicurezza sono progettati ergonomicamente per adattarsi in modo ottimale a ogni forma del viso.<\/li>\n<li>Ventilazione della montatura: le aperture sui bordi laterali e inferiori della montatura consentono all&#039;aria di fluire all&#039;interno degli occhiali, prevenendo l&#039;appannamento delle lenti<\/li>\n<li>OTG (over the glasses):\u00a0Smu\u010darska o\u010dala OTG imajo dovolj prostora v notranjosti o\u010dal ter s tem omogo\u010dajo, da se pod smu\u010darskimi o\u010dali lahko nosijo korekcijska o\u010dala<\/li>\n<\/ul>\n<\/div>","protected":false},"excerpt":{"rendered":"<p>Otro\u0161ka smu\u010darska o\u010dala Alpina Scarabeo JR Q-Lite<\/p>","protected":false},"featured_media":21105,"template":"","meta":{"_acf_changed":false,"inline_featured_image":false},"product_brand":[678],"product_cat":[607],"product_tag":[1198],"class_list":{"0":"post-21126","1":"product","2":"type-product","3":"status-publish","4":"has-post-thumbnail","6":"product_brand-alpina","7":"product_cat-otroska-smucarska-ocala","8":"product_tag-otroci","10":"first","11":"instock","12":"sale","13":"taxable","14":"shipping-taxable","15":"purchasable","16":"product-type-simple"},"acf":[],"_links":{"self":[{"href":"https:\/\/ritosa.click.si\/it\/wp-json\/wp\/v2\/product\/21126","targetHints":{"allow":["GET"]}}],"collection":[{"href":"https:\/\/ritosa.click.si\/it\/wp-json\/wp\/v2\/product"}],"about":[{"href":"https:\/\/ritosa.click.si\/it\/wp-json\/wp\/v2\/types\/product"}],"wp:featuredmedia":[{"embeddable":true,"href":"https:\/\/ritosa.click.si\/it\/wp-json\/wp\/v2\/media\/21105"}],"wp:attachment":[{"href":"https:\/\/ritosa.click.si\/it\/wp-json\/wp\/v2\/media?parent=21126"}],"wp:term":[{"taxonomy":"product_brand","embeddable":true,"href":"https:\/\/ritosa.click.si\/it\/wp-json\/wp\/v2\/product_brand?post=21126"},{"taxonomy":"product_cat","embeddable":true,"href":"https:\/\/ritosa.click.si\/it\/wp-json\/wp\/v2\/product_cat?post=21126"},{"taxonomy":"product_tag","embeddable":true,"href":"https:\/\/ritosa.click.si\/it\/wp-json\/wp\/v2\/product_tag?post=21126"}],"curies":[{"name":"parola chiave","href":"https:\/\/api.w.org\/{rel}","templated":true}]}}