{"id":20968,"date":"2026-03-07T09:55:40","date_gmt":"2026-03-07T08:55:40","guid":{"rendered":"https:\/\/ritosa.click.si\/?post_type=product&#038;p=20968"},"modified":"2026-03-07T12:26:57","modified_gmt":"2026-03-07T11:26:57","slug":"smucarske-palice-leki-rider-red","status":"publish","type":"product","link":"https:\/\/ritosa.click.si\/it\/negozio\/sciare\/smucarska-oprema\/smucarske-palice\/otroske-smucarske-palice\/smucarske-palice-leki-rider-red\/","title":{"rendered":"Leki Rider \u2013 rosso"},"content":{"rendered":"<p>Bastoncini da sci LEKI Rider per i pi\u00f9 piccoli che si avvicinano allo sci. Grazie alla robusta struttura in alluminio con un diametro di 14 mm, resistono a molte cadute e sono anche estremamente leggeri.<\/p>\n<p>Le impugnature PAS e gli anelli regolabili garantiranno al tuo piccolo sciatore di avere sempre i bastoncini sotto controllo. I bastoncini sono dotati di punte in acciaio che garantiscono un&#039;aderenza eccellente su tutte le superfici.<\/p>\n<p>\u00c8 possibile visionare e testare il prodotto in modo pi\u00f9 dettagliato presso il centro ciclistico Rito\u0161a di Isola.<\/p>\n<table class=\"table table-striped\">\n<tbody>\n<tr>\n<td class=\"dark\">Serie<\/td>\n<td class=\"dark\">Freeski per ragazzi<br \/>\n<small><\/small><\/td>\n<\/tr>\n<tr>\n<td class=\"light\">Costruzione<\/td>\n<td class=\"light\">Lunghezza fissa<small><\/small><\/td>\n<\/tr>\n<tr>\n<td class=\"dark\">Maniglia<\/td>\n<td class=\"dark\">Presa per bambini<small><\/small><\/td>\n<\/tr>\n<tr>\n<td class=\"dark\">Loop<\/td>\n<td class=\"dark\">Cinturino con fibbia<br \/>\n<small><\/small><\/td>\n<\/tr>\n<tr>\n<td class=\"dark\">Diametro del tubo<\/td>\n<td class=\"dark\">14 millimetri<small><\/small><\/td>\n<\/tr>\n<tr>\n<td class=\"light\">Ciaspole<\/td>\n<td class=\"light\">Alpino<small><\/small><\/td>\n<\/tr>\n<tr>\n<td class=\"dark\">Mancia<\/td>\n<td class=\"dark\">Acciaio<small><\/small><\/td>\n<\/tr>\n<tr>\n<td class=\"light\">Lunghezza\/dimensione<\/td>\n<td class=\"light\">70 \u2013 105 centimetri\u00a0<small>in incrementi di 5 cm<\/small><\/td>\n<\/tr>\n<tr>\n<td class=\"dark\">Peso<\/td>\n<td class=\"dark testa\">168 g\u00a0<small>a una lunghezza di 105 cm<\/small><\/td>\n<\/tr>\n<\/tbody>\n<\/table>","protected":false},"excerpt":{"rendered":"<p>I bastoncini da sci LEKI Rider sono pensati per i giovani sciatori che si avvicinano per la prima volta allo sci e sono estremamente leggeri e resistenti.<\/p>","protected":false},"featured_media":20971,"template":"","meta":{"_acf_changed":false,"inline_featured_image":false},"product_brand":[691],"product_cat":[596],"product_tag":[],"class_list":{"0":"post-20968","1":"product","2":"type-product","3":"status-publish","4":"has-post-thumbnail","6":"product_brand-leki","7":"product_cat-otroske-smucarske-palice","8":"pa_velikost-1056","9":"pa_velikost-1055","11":"first","12":"instock","13":"sale","14":"taxable","15":"shipping-taxable","16":"purchasable","17":"product-type-variable"},"acf":[],"_links":{"self":[{"href":"https:\/\/ritosa.click.si\/it\/wp-json\/wp\/v2\/product\/20968","targetHints":{"allow":["GET"]}}],"collection":[{"href":"https:\/\/ritosa.click.si\/it\/wp-json\/wp\/v2\/product"}],"about":[{"href":"https:\/\/ritosa.click.si\/it\/wp-json\/wp\/v2\/types\/product"}],"wp:featuredmedia":[{"embeddable":true,"href":"https:\/\/ritosa.click.si\/it\/wp-json\/wp\/v2\/media\/20971"}],"wp:attachment":[{"href":"https:\/\/ritosa.click.si\/it\/wp-json\/wp\/v2\/media?parent=20968"}],"wp:term":[{"taxonomy":"product_brand","embeddable":true,"href":"https:\/\/ritosa.click.si\/it\/wp-json\/wp\/v2\/product_brand?post=20968"},{"taxonomy":"product_cat","embeddable":true,"href":"https:\/\/ritosa.click.si\/it\/wp-json\/wp\/v2\/product_cat?post=20968"},{"taxonomy":"product_tag","embeddable":true,"href":"https:\/\/ritosa.click.si\/it\/wp-json\/wp\/v2\/product_tag?post=20968"}],"curies":[{"name":"parola chiave","href":"https:\/\/api.w.org\/{rel}","templated":true}]}}