{"id":20954,"date":"2026-03-06T20:14:58","date_gmt":"2026-03-06T19:14:58","guid":{"rendered":"https:\/\/ritosa.click.si\/?post_type=product&#038;p=20954"},"modified":"2026-03-06T20:19:58","modified_gmt":"2026-03-06T19:19:58","slug":"marker-confidant","status":"publish","type":"product","link":"https:\/\/ritosa.click.si\/it\/negozio\/sciare\/smucarska-oprema\/smucarske-celade\/odrasle-smucarske-celade\/marker-confidant\/","title":{"rendered":"Marker Confidant"},"content":{"rendered":"<p data-start=\"122\" data-end=\"611\">Marker <strong data-start=\"129\" data-end=\"142\">Confidant<\/strong> je sodobna smu\u010darska \u010delada z lahko <strong data-start=\"179\" data-end=\"203\">Costruzione in stampo<\/strong>, ki zagotavlja odli\u010dno razmerje med za\u0161\u010dito, te\u017eo in udobjem. Sistem <strong data-start=\"273\" data-end=\"289\">RTS 360\u00b0 Fit<\/strong> omogo\u010da natan\u010dno prilagoditev velikosti, prezra\u010devalni sistem <strong data-start=\"352\" data-end=\"371\">Canale MarkAIR<\/strong> pa poskrbi za u\u010dinkovito kro\u017eenje zraka in prijetno temperaturo med smu\u010danjem. Udobna <strong data-start=\"458\" data-end=\"486\">Fodera Xdry Performance<\/strong> odvaja vlago, snemljive u\u0161esne blazinice pa zagotavljajo dodatno toploto in prilagodljivost v razli\u010dnih vremenskih razmerah.<\/p>\n<h4 data-section-id=\"1xgzajh\" data-start=\"618\" data-end=\"643\"><strong data-start=\"622\" data-end=\"643\">Caratteristiche principali<\/strong><\/h4>\n<ul data-start=\"645\" data-end=\"1046\">\n<li data-section-id=\"cwiu1m\" data-start=\"645\" data-end=\"700\">\n<p data-start=\"647\" data-end=\"700\"><strong data-start=\"647\" data-end=\"671\">Costruzione in stampo<\/strong> \u2013 protezione leggera e durevole<\/p>\n<\/li>\n<li data-section-id=\"18exfyi\" data-start=\"701\" data-end=\"767\">\n<p data-start=\"703\" data-end=\"767\"><strong data-start=\"703\" data-end=\"726\">RTS 360\u00b0 Fit System<\/strong> \u2013 natan\u010dna nastavitev velikosti \u010delade<\/p>\n<\/li>\n<li data-section-id=\"xbw8lh\" data-start=\"768\" data-end=\"853\">\n<p data-start=\"770\" data-end=\"853\"><strong data-start=\"770\" data-end=\"803\">Ventilazione del canale MarkAIR<\/strong> \u2013 optimalno kro\u017eenje zraka in manj rosenja o\u010dal<\/p>\n<\/li>\n<li data-section-id=\"1nfcnzz\" data-start=\"854\" data-end=\"919\">\n<p data-start=\"856\" data-end=\"919\"><strong data-start=\"856\" data-end=\"884\">Fodera Xdry Performance<\/strong> \u2013 zra\u010dna, udobna in hitro su\u0161e\u010da<\/p>\n<\/li>\n<li data-section-id=\"1sorxp6\" data-start=\"920\" data-end=\"987\">\n<p data-start=\"922\" data-end=\"987\"><strong data-start=\"922\" data-end=\"952\">Cuscinetti auricolari rimovibili<\/strong> \u2013 ve\u010d udobja in prilagodljivosti<\/p>\n<\/li>\n<li data-section-id=\"1y8gpg6\" data-start=\"988\" data-end=\"1046\">\n<p data-start=\"990\" data-end=\"1046\"><strong data-start=\"990\" data-end=\"1018\">Clip per occhiali da sci<\/strong> \u2013 varno pritrjevanje o\u010dal<\/p>\n<\/li>\n<\/ul>\n<h4 data-section-id=\"iz2t3m\" data-start=\"1053\" data-end=\"1083\"><strong data-start=\"1057\" data-end=\"1083\">Specifiche tecniche<\/strong><\/h4>\n<div class=\"TyagGW_tableContainer\">\n<div class=\"group TyagGW_tableWrapper flex flex-col-reverse w-fit\">\n<table class=\"w-fit min-w-(--thread-content-width)\" data-start=\"1085\" data-end=\"1396\">\n<thead data-start=\"1085\" data-end=\"1107\"><\/thead>\n<tbody data-start=\"1118\" data-end=\"1396\">\n<tr data-start=\"1118\" data-end=\"1144\">\n<td data-start=\"1118\" data-end=\"1133\" data-col-size=\"sm\">Costruzione<\/td>\n<td data-start=\"1133\" data-end=\"1144\" data-col-size=\"sm\">In-Mold<\/td>\n<\/tr>\n<tr data-start=\"1145\" data-end=\"1190\">\n<td data-start=\"1145\" data-end=\"1167\" data-col-size=\"sm\">Sistema di regolazione<\/td>\n<td data-start=\"1167\" data-end=\"1190\" data-col-size=\"sm\">RTS 360\u00b0 Fit System<\/td>\n<\/tr>\n<tr data-start=\"1191\" data-end=\"1233\">\n<td data-start=\"1191\" data-end=\"1207\" data-col-size=\"sm\">Ventilazione<\/td>\n<td data-start=\"1207\" data-end=\"1233\" data-col-size=\"sm\">Sistema di canali MarkAIR<\/td>\n<\/tr>\n<tr data-start=\"1234\" data-end=\"1276\">\n<td data-start=\"1234\" data-end=\"1244\" data-col-size=\"sm\">Liner<\/td>\n<td data-start=\"1244\" data-end=\"1276\" data-col-size=\"sm\">Xdry Performance (snemljiva)<\/td>\n<\/tr>\n<tr data-start=\"1277\" data-end=\"1309\">\n<td data-start=\"1277\" data-end=\"1296\" data-col-size=\"sm\">U\u0161esne blazinice<\/td>\n<td data-start=\"1296\" data-end=\"1309\" data-col-size=\"sm\">snemljive<\/td>\n<\/tr>\n<\/tbody>\n<\/table>\n<\/div>\n<\/div>","protected":false},"excerpt":{"rendered":"<p>Smu\u010darska \u010delada Marker Confidant<\/p>\n<p>Lahka, udobna in zanesljiva za\u0161\u010dita za brezskrbno smu\u010danje.<\/p>\n<p>(slika je simboli\u010dna &#8211; \u010delada je brez tehnologije Mips)<\/p>","protected":false},"featured_media":20956,"template":"","meta":{"_acf_changed":false,"inline_featured_image":false},"product_brand":[2242],"product_cat":[509],"product_tag":[],"class_list":{"0":"post-20954","1":"product","2":"type-product","3":"status-publish","4":"has-post-thumbnail","6":"product_brand-marker","7":"product_cat-odrasle-smucarske-celade","8":"pa_velikost-55-59","10":"first","11":"instock","12":"sale","13":"taxable","14":"shipping-taxable","15":"purchasable","16":"product-type-variable"},"acf":[],"_links":{"self":[{"href":"https:\/\/ritosa.click.si\/it\/wp-json\/wp\/v2\/product\/20954","targetHints":{"allow":["GET"]}}],"collection":[{"href":"https:\/\/ritosa.click.si\/it\/wp-json\/wp\/v2\/product"}],"about":[{"href":"https:\/\/ritosa.click.si\/it\/wp-json\/wp\/v2\/types\/product"}],"wp:featuredmedia":[{"embeddable":true,"href":"https:\/\/ritosa.click.si\/it\/wp-json\/wp\/v2\/media\/20956"}],"wp:attachment":[{"href":"https:\/\/ritosa.click.si\/it\/wp-json\/wp\/v2\/media?parent=20954"}],"wp:term":[{"taxonomy":"product_brand","embeddable":true,"href":"https:\/\/ritosa.click.si\/it\/wp-json\/wp\/v2\/product_brand?post=20954"},{"taxonomy":"product_cat","embeddable":true,"href":"https:\/\/ritosa.click.si\/it\/wp-json\/wp\/v2\/product_cat?post=20954"},{"taxonomy":"product_tag","embeddable":true,"href":"https:\/\/ritosa.click.si\/it\/wp-json\/wp\/v2\/product_tag?post=20954"}],"curies":[{"name":"parola chiave","href":"https:\/\/api.w.org\/{rel}","templated":true}]}}