{"id":20919,"date":"2026-03-06T17:42:46","date_gmt":"2026-03-06T16:42:46","guid":{"rendered":"https:\/\/ritosa.click.si\/?post_type=product&#038;p=20919"},"modified":"2026-03-06T20:31:28","modified_gmt":"2026-03-06T19:31:28","slug":"alpina-brix-jr-white","status":"publish","type":"product","link":"https:\/\/ritosa.click.si\/it\/negozio\/sciare\/smucarska-oprema\/smucarske-celade\/odrasle-smucarske-celade\/alpina-brix-jr-white\/","title":{"rendered":"Alpina Brix Jr \u2013 bianco"},"content":{"rendered":"<p>Poich\u00e9 il casco BRIX per adulti \u00e8 diventato uno dei pi\u00f9 popolari e venduti sul mercato grazie al suo peso ridotto e all&#039;eccellente vestibilit\u00e0 che si adatta a ogni testa, Alpina ha deciso di sviluppare anche il casco BRIX JR per bambini. Un casco per bambini e ragazzi che non parlano pi\u00f9 di pizza e patatine mentre sciano, ma vogliono gareggiare sulla pista nera. Il BRIX JR offre il massimo livello di sicurezza grazie alla sua costruzione Inmold, al nucleo Hi-EPS e alla robusta calotta in ceramica, mentre la morbida fodera rimovibile e lavabile garantisce il massimo comfort. Il controllo Airstream consente un&#039;eccellente ventilazione attraverso i canali d&#039;aria. Con le prese d&#039;aria aperte, l&#039;aria fresca fluisce nel casco nelle giornate calde, ma quando le temperature scendono o durante le discese veloci, possono essere facilmente chiuse. Il sistema di regolazione della taglia Ergo Snow consente di adattare il Brix individualmente alla testa dell&#039;utente.<\/p>\n<ul>\n<li>Inmold tec:\u00a0tehnologija obsega ogrevanje zunanje polikarbonatne lupine na visoko temperaturo in pe\u010denje na EPS ogrodje z visokim pritiskom. Postopek ustvari permanentno vez \u010dez celotno povr\u0161ino zunanjih in notranjih lupin, kar naredi \u010delado ekstremno lahko in stabilno<\/li>\n<li>Ceramic shell:\u00a0ime za zunanjo lupino vseh Alpina \u010delad, izdelanih s postopkom Inmold. Gre za tanek, lahek material, ki je izredno odporen na udarce in praske, vsebuje UV stabilizatorje in je antistati\u010den.<\/li>\n<\/ul>\n<ul>\n<li>HI-EPS:\u00a0notranje ogrodje Alpininih \u010delad je narejeno iz HI-EPSa (raztegljiv polistiren). Ta material je sestavljen iz mikroskopsko majhnih zra\u010dnih prostorov, ki u\u010dinkovito absorbirajo sile, ki nastanejo ob udarcu.<\/li>\n<\/ul>\n<ul>\n<li>La collaudata fibbia Ergomatic \u00e8 utilizzata su tutti i caschi Alpina. Regolazione multistadio, azionabile con una sola mano. La fibbia non si slaccia da sola in caso di incidente.<\/li>\n<li>Airstream control:\u00a0omogo\u010da optimalno prezra\u010devanje in udobno po\u010dutje;<\/li>\n<li>Run system Ergo Snow:\u00a0Prilagodljiv sistem za nastavitev velikosti smu\u010darske \u010delade vsaki obliki glave, zagotavlja udobje in popolno prilagoditev<\/li>\n<li>Edge protect:\u00a0dodatno oja\u010dani robovi za\u0161\u010ditijo \u010delado pred udarci<\/li>\n<li>Y-clip:\u00a0Sponka Y-CLIP povezuje sprednji in zadnji trak pod u\u0161esi, kar omogo\u010da optimalno prilagajanje \u010delade<\/li>\n<li>Fodera in tessuto rimovibile e lavabile e cuscinetti auricolari rimovibili<\/li>\n<li>Scaldacollo caldo<\/li>\n<\/ul>","protected":false},"excerpt":{"rendered":"<p>Casco da sci per bambini Alpina Brix Jr<\/p>","protected":false},"featured_media":20960,"template":"","meta":{"_acf_changed":false,"inline_featured_image":false,"_monsterinsights_skip_tracking":false,"_monsterinsights_sitenote_active":false,"_monsterinsights_sitenote_note":"","_monsterinsights_sitenote_category":0},"product_brand":[678],"product_cat":[509,569],"product_tag":[1198],"class_list":{"0":"post-20919","1":"product","2":"type-product","3":"status-publish","4":"has-post-thumbnail","6":"product_brand-alpina","7":"product_cat-odrasle-smucarske-celade","8":"product_cat-otroske-smucarske-celade","9":"product_tag-otroci","10":"pa_velikost-55-59","12":"first","13":"instock","14":"sale","15":"taxable","16":"shipping-taxable","17":"purchasable","18":"product-type-variable"},"acf":[],"aioseo_notices":[],"_links":{"self":[{"href":"https:\/\/ritosa.click.si\/it\/wp-json\/wp\/v2\/product\/20919","targetHints":{"allow":["GET"]}}],"collection":[{"href":"https:\/\/ritosa.click.si\/it\/wp-json\/wp\/v2\/product"}],"about":[{"href":"https:\/\/ritosa.click.si\/it\/wp-json\/wp\/v2\/types\/product"}],"wp:featuredmedia":[{"embeddable":true,"href":"https:\/\/ritosa.click.si\/it\/wp-json\/wp\/v2\/media\/20960"}],"wp:attachment":[{"href":"https:\/\/ritosa.click.si\/it\/wp-json\/wp\/v2\/media?parent=20919"}],"wp:term":[{"taxonomy":"product_brand","embeddable":true,"href":"https:\/\/ritosa.click.si\/it\/wp-json\/wp\/v2\/product_brand?post=20919"},{"taxonomy":"product_cat","embeddable":true,"href":"https:\/\/ritosa.click.si\/it\/wp-json\/wp\/v2\/product_cat?post=20919"},{"taxonomy":"product_tag","embeddable":true,"href":"https:\/\/ritosa.click.si\/it\/wp-json\/wp\/v2\/product_tag?post=20919"}],"curies":[{"name":"parola chiave","href":"https:\/\/api.w.org\/{rel}","templated":true}]}}