{"id":20864,"date":"2026-03-06T13:22:55","date_gmt":"2026-03-06T12:22:55","guid":{"rendered":"https:\/\/ritosa.click.si\/?post_type=product&#038;p=20864"},"modified":"2026-03-06T13:27:25","modified_gmt":"2026-03-06T12:27:25","slug":"nogavice-tofit-hipper-kopija","status":"publish","type":"product","link":"https:\/\/ritosa.click.si\/it\/negozio\/kolesarstvo\/kolesarska-oprema\/kolesarska-oblacila\/nogavice\/nogavice-tofit-hipper-kopija\/","title":{"rendered":"Calzini superleggeri Tofit"},"content":{"rendered":"<ul>\n<li data-start=\"19\" data-end=\"98\">Izjemno lahke poletne nogavice s posebno diferencirano mre\u017easto konstrukcijo.<\/li>\n<li data-start=\"101\" data-end=\"173\">Posebne oja\u010ditve na ve\u010d delih stopala za ve\u010dje udobje in vzdr\u017eljivost.<\/li>\n<li data-start=\"176\" data-end=\"219\">Maksimalna zra\u010dnost za vro\u010de poletne dni.<\/li>\n<li data-start=\"222\" data-end=\"293\">Obrnjen \u0161iv na predelu prstov za prepre\u010devanje pritiska ali dra\u017eenja.<\/li>\n<\/ul>","protected":false},"excerpt":{"rendered":"<p>Izjemno lahke poletne nogavice s posebno diferencirano mre\u017easto konstrukcijo. Posebne oja\u010ditve na ve\u010d delih stopala za ve\u010dje udobje in vzdr\u017eljivost. Maksimalna zra\u010dnost za vro\u010de poletne dni. Obrnjen \u0161iv na predelu prstov za prepre\u010devanje pritiska ali dra\u017eenja.<\/p>","protected":false},"featured_media":20870,"template":"","meta":{"_acf_changed":false,"inline_featured_image":false,"_monsterinsights_skip_tracking":false,"_monsterinsights_sitenote_active":false,"_monsterinsights_sitenote_note":"","_monsterinsights_sitenote_category":0},"product_brand":[1975],"product_cat":[619],"product_tag":[2238,1988,2240,2239],"class_list":{"0":"post-20864","1":"product","2":"type-product","3":"status-publish","4":"has-post-thumbnail","6":"product_brand-tofit","7":"product_cat-nogavice","8":"product_tag-kolesarske-nogavice","9":"product_tag-nogavice","10":"product_tag-nogavice-tofit","11":"product_tag-nogavice-za-cestno-kolo","12":"pa_velikost-43-47","14":"first","15":"instock","16":"sale","17":"taxable","18":"shipping-taxable","19":"purchasable","20":"product-type-variable"},"acf":[],"aioseo_notices":[],"_links":{"self":[{"href":"https:\/\/ritosa.click.si\/it\/wp-json\/wp\/v2\/product\/20864","targetHints":{"allow":["GET"]}}],"collection":[{"href":"https:\/\/ritosa.click.si\/it\/wp-json\/wp\/v2\/product"}],"about":[{"href":"https:\/\/ritosa.click.si\/it\/wp-json\/wp\/v2\/types\/product"}],"wp:featuredmedia":[{"embeddable":true,"href":"https:\/\/ritosa.click.si\/it\/wp-json\/wp\/v2\/media\/20870"}],"wp:attachment":[{"href":"https:\/\/ritosa.click.si\/it\/wp-json\/wp\/v2\/media?parent=20864"}],"wp:term":[{"taxonomy":"product_brand","embeddable":true,"href":"https:\/\/ritosa.click.si\/it\/wp-json\/wp\/v2\/product_brand?post=20864"},{"taxonomy":"product_cat","embeddable":true,"href":"https:\/\/ritosa.click.si\/it\/wp-json\/wp\/v2\/product_cat?post=20864"},{"taxonomy":"product_tag","embeddable":true,"href":"https:\/\/ritosa.click.si\/it\/wp-json\/wp\/v2\/product_tag?post=20864"}],"curies":[{"name":"parola chiave","href":"https:\/\/api.w.org\/{rel}","templated":true}]}}