{"id":20857,"date":"2026-03-06T13:07:30","date_gmt":"2026-03-06T12:07:30","guid":{"rendered":"https:\/\/ritosa.click.si\/?post_type=product&#038;p=20857"},"modified":"2026-03-06T13:17:41","modified_gmt":"2026-03-06T12:17:41","slug":"nogavice-tofit-classic-kopija","status":"publish","type":"product","link":"https:\/\/ritosa.click.si\/it\/negozio\/kolesarstvo\/kolesarska-oprema\/kolesarska-oblacila\/nogavice\/nogavice-tofit-classic-kopija\/","title":{"rendered":"Calzini classici Tofit"},"content":{"rendered":"<ul>\n<li data-start=\"875\" data-end=\"910\">Calzino da ciclismo, altezza 17 cm<\/li>\n<li>Costruzione speciale in rete per la massima traspirabilit\u00e0<\/li>\n<li>Punta e tallone rinforzati<\/li>\n<li>Bordo antiscivolo grafico asimmetrico<\/li>\n<li>Cuciture invertite sulla zona delle dita per prevenire pressione o irritazione<\/li>\n<\/ul>","protected":false},"excerpt":{"rendered":"<p>Kolesarska nogavica, visoka 17 cm Posebna mre\u017easta konstrukcija za maksimalno zra\u010dnost Oja\u010dani prsti in peta Asimetri\u010den grafi\u010dni rob proti drsenju Obrnjen \u0161iv na predelu prstov za prepre\u010devanje pritiska ali dra\u017eenja<\/p>","protected":false},"featured_media":20859,"template":"","meta":{"_acf_changed":false,"inline_featured_image":false},"product_brand":[1975],"product_cat":[619],"product_tag":[2238,1988,2240],"class_list":{"0":"post-20857","1":"product","2":"type-product","3":"status-publish","4":"has-post-thumbnail","6":"product_brand-tofit","7":"product_cat-nogavice","8":"product_tag-kolesarske-nogavice","9":"product_tag-nogavice","10":"product_tag-nogavice-tofit","11":"pa_velikost-43-47","13":"first","14":"instock","15":"sale","16":"taxable","17":"shipping-taxable","18":"purchasable","19":"product-type-variable"},"acf":[],"_links":{"self":[{"href":"https:\/\/ritosa.click.si\/it\/wp-json\/wp\/v2\/product\/20857","targetHints":{"allow":["GET"]}}],"collection":[{"href":"https:\/\/ritosa.click.si\/it\/wp-json\/wp\/v2\/product"}],"about":[{"href":"https:\/\/ritosa.click.si\/it\/wp-json\/wp\/v2\/types\/product"}],"wp:featuredmedia":[{"embeddable":true,"href":"https:\/\/ritosa.click.si\/it\/wp-json\/wp\/v2\/media\/20859"}],"wp:attachment":[{"href":"https:\/\/ritosa.click.si\/it\/wp-json\/wp\/v2\/media?parent=20857"}],"wp:term":[{"taxonomy":"product_brand","embeddable":true,"href":"https:\/\/ritosa.click.si\/it\/wp-json\/wp\/v2\/product_brand?post=20857"},{"taxonomy":"product_cat","embeddable":true,"href":"https:\/\/ritosa.click.si\/it\/wp-json\/wp\/v2\/product_cat?post=20857"},{"taxonomy":"product_tag","embeddable":true,"href":"https:\/\/ritosa.click.si\/it\/wp-json\/wp\/v2\/product_tag?post=20857"}],"curies":[{"name":"parola chiave","href":"https:\/\/api.w.org\/{rel}","templated":true}]}}