{"id":20825,"date":"2026-03-06T12:22:39","date_gmt":"2026-03-06T11:22:39","guid":{"rendered":"https:\/\/ritosa.click.si\/?post_type=product&#038;p=20825"},"modified":"2026-03-06T13:32:03","modified_gmt":"2026-03-06T12:32:03","slug":"volkl-shine-72-2026","status":"publish","type":"product","link":"https:\/\/ritosa.click.si\/it\/negozio\/sciare\/sci\/sci-da-donna\/volkl-shine-72-2026\/","title":{"rendered":"V\u00f6lkl Shine 72 2026"},"content":{"rendered":"<div class=\"rte\">\n<p>Il V\u00f6lkl Shine 72 \u00e8 lo sci perfetto per le donne che desiderano un approccio facile, divertente e sicuro al mondo dello sci. \u00c8 progettato per principianti e sciatrici amatoriali che cercano stabilit\u00e0, maneggevolezza e comfort sulle piste battute.<\/p>\n<p>Con una larghezza di 72 mm sotto la scarpa Shine 72, consentono una svolta estremamente facile, mentre\u00a0<strong>Tipo Profilo a bilanciere<\/strong>\u00a0garantisce un inizio di curva fluido e una facile scivolata o rotazione a velocit\u00e0 pi\u00f9 basse.\u00a0<strong>Nucleo composito<\/strong>\u00a0con una curvatura morbida fornisce supporto affidabile e flessibilit\u00e0, ideale per gli sciatori pi\u00f9 leggeri. Tecnologia\u00a0<strong>Parete laterale centrale<\/strong>\u00a0Riduce ulteriormente il peso mantenendo la stabilit\u00e0 nella parte centrale dello sci, conferendogli una sensazione di equilibrio.<\/p>\n<p>Gli attacchi offrono un comfort aggiuntivo\u00a0<strong>vMotion1 Lady<\/strong>, che consentono un contatto confortevole con la neve e sono compatibili con gli scarponi\u00a0<strong>GripWalk<\/strong>\u00a0\u2013 suole in gomma che facilitano la camminata sulla neve.<\/p>\n<p>Il V\u00f6lkl Shine 72 \u00e8 un compagno affidabile, amichevole ed elegante sulla strada per una sciata sicura: la scelta perfetta per le tue prime avventure sugli sci e per progredire con stile.<\/p>\n<hr \/>\n<h4><strong>Caratteristiche principali<\/strong><\/h4>\n<ul>\n<li>Sci da donna leggeri e giocosi per principianti e sciatrici amatoriali<\/li>\n<li>Tipo rocker: facile inizio curva e maggiore stabilit\u00e0<\/li>\n<li>Nucleo composito: flex morbido e reattivo, ideale per gli sciatori pi\u00f9 leggeri<\/li>\n<li>Parete laterale centrale: peso inferiore e maggiore stabilit\u00e0<\/li>\n<li>P-Tex 2100 \u2013 superficie di scorrimento sinterizzata per buona velocit\u00e0 e durata<\/li>\n<li>Attacchi vMotion1 Lady: comodi, flessibili e compatibili con le scarpe GripWalk<\/li>\n<\/ul>\n<hr \/>\n<h4><strong>Specifiche tecniche<\/strong><\/h4>\n<div class=\"_tableContainer_1rjym_1\">\n<ul>\n<li><strong>Lunghezze disponibili:<\/strong>\u00a0137 cm, 144 cm, 151 cm, 158 cm, 165 cm<\/li>\n<li><strong>Geometria:<\/strong>\u00a0123\u201372\u2013104 millimetri<\/li>\n<li><strong>Raggio di sterzata:<\/strong>\u00a0curve da corte a medie<\/li>\n<li><strong>Nucleo:<\/strong>\u00a0Nucleo composito (nucleo in PU con flessibilit\u00e0 morbida)<\/li>\n<li><strong>Costruzione:<\/strong>\u00a0Parete laterale centrale<\/li>\n<li><strong>Profilo:<\/strong>\u00a0Tipo Rocker<\/li>\n<li><strong>Superficie di scorrimento:<\/strong>\u00a0P-Tex 2100 \u2013 sinterizzato, resistente e veloce<\/li>\n<li><strong>Scheda di connessione:<\/strong>\u00a0vMotion1<\/li>\n<li><strong>Collegamento:<\/strong>\u00a0Marcatore vMotion 10 Lady GW<\/li>\n<li><strong>Compatibilit\u00e0:<\/strong>\u00a0Scarpe GripWalk<\/li>\n<li><strong>Gruppo target:<\/strong>\u00a0principianti e sciatori amatoriali<\/li>\n<\/ul>\n<\/div>\n<\/div>","protected":false},"excerpt":{"rendered":"<p>Smu\u010di\u00a0V\u00f6lkl Shine 72+ vezi vMotion10<\/p>\n<div class=\"text-base my-auto mx-auto pb-10 [--thread-content-margin:--spacing(4)] thread-sm:[--thread-content-margin:--spacing(6)] thread-lg:[--thread-content-margin:--spacing(16)] px-(--thread-content-margin)\">\n<div class=\"[--thread-content-max-width:40rem] thread-lg:[--thread-content-max-width:48rem] mx-auto max-w-(--thread-content-max-width) flex-1 group\/turn-messages focus-visible:outline-hidden relative flex w-full min-w-0 flex-col agent-turn\">\n<div class=\"flex max-w-full flex-col grow\">\n<div class=\"min-h-8 text-message relative flex w-full flex-col items-end gap-2 text-start break-words whitespace-normal [.text-message+&amp;]:mt-1\">\n<div class=\"flex w-full flex-col gap-1 empty:hidden first:pt-[1px]\">\n<div class=\"markdown prose dark:prose-invert w-full break-words light markdown-new-styling\">\n<p>V\u00f6lkl Shine 72 so popolne smu\u010di za \u017eenske, ki \u017eelijo lahkotno, zabavno in varno vstopiti v svet smu\u010danja. Zasnovane so za za\u010detnice in rekreativne smu\u010darke, ki i\u0161\u010dejo stabilnost, enostavno vodljivost in udobno vo\u017enjo na urejenih progah.<\/p>\n<\/div>\n<\/div>\n<\/div>\n<\/div>\n<\/div>\n<\/div>\n","protected":false},"featured_media":20835,"template":"","meta":{"_acf_changed":false,"inline_featured_image":false},"product_brand":[1190],"product_cat":[567],"product_tag":[],"class_list":{"0":"post-20825","1":"product","2":"type-product","3":"status-publish","4":"has-post-thumbnail","6":"product_brand-volkl","7":"product_cat-zenske-smuci","8":"pa_velikost-2214","10":"first","11":"instock","12":"sale","13":"taxable","14":"shipping-taxable","15":"purchasable","16":"product-type-variable"},"acf":[],"_links":{"self":[{"href":"https:\/\/ritosa.click.si\/it\/wp-json\/wp\/v2\/product\/20825","targetHints":{"allow":["GET"]}}],"collection":[{"href":"https:\/\/ritosa.click.si\/it\/wp-json\/wp\/v2\/product"}],"about":[{"href":"https:\/\/ritosa.click.si\/it\/wp-json\/wp\/v2\/types\/product"}],"wp:featuredmedia":[{"embeddable":true,"href":"https:\/\/ritosa.click.si\/it\/wp-json\/wp\/v2\/media\/20835"}],"wp:attachment":[{"href":"https:\/\/ritosa.click.si\/it\/wp-json\/wp\/v2\/media?parent=20825"}],"wp:term":[{"taxonomy":"product_brand","embeddable":true,"href":"https:\/\/ritosa.click.si\/it\/wp-json\/wp\/v2\/product_brand?post=20825"},{"taxonomy":"product_cat","embeddable":true,"href":"https:\/\/ritosa.click.si\/it\/wp-json\/wp\/v2\/product_cat?post=20825"},{"taxonomy":"product_tag","embeddable":true,"href":"https:\/\/ritosa.click.si\/it\/wp-json\/wp\/v2\/product_tag?post=20825"}],"curies":[{"name":"parola chiave","href":"https:\/\/api.w.org\/{rel}","templated":true}]}}