{"id":20761,"date":"2026-03-06T09:59:05","date_gmt":"2026-03-06T08:59:05","guid":{"rendered":"https:\/\/ritosa.click.si\/?post_type=product&#038;p=20761"},"modified":"2026-03-06T10:02:53","modified_gmt":"2026-03-06T09:02:53","slug":"volkl-peregrine-7-2-ltd-2026","status":"publish","type":"product","link":"https:\/\/ritosa.click.si\/it\/negozio\/sciare\/sci\/sci-da-uomo\/volkl-peregrine-7-2-ltd-2026\/","title":{"rendered":"V\u00f6lkl Peregrine 7.2 LTD 2026"},"content":{"rendered":"<p><strong>V\u00f6lkl Peregrine 7.2 LTD<\/strong>\u00a0Sono sci da carving leggeri, maneggevoli ed estremamente facili da usare, pensati per principianti e sciatori amatoriali che desiderano progredire rapidamente, mantenendo un senso di sicurezza e affidabilit\u00e0 sulle piste battute. Grazie al profilo Tip Rocker, consentono un facile ingresso in curva, una maggiore manovrabilit\u00e0 e un superamento fluido delle asperit\u00e0, rendendoli un&#039;ottima scelta per chi desidera curvare con sicurezza e migliorare la propria tecnica.<\/p>\n<p>Il Multilayer Woodcore, abbinato alla tecnologia Progressive, offre stabilit\u00e0, stabilit\u00e0 ad alta velocit\u00e0 e presa di spigolo, mantenendo al contempo una morbidezza sufficiente a perdonare i piccoli errori. Il Peregrine 7.2 LTD unisce comfort, prevedibilit\u00e0 e reattivit\u00e0, ideale per divertirsi tutto il giorno sulle piste battute.<\/p>\n<p>I principianti ne apprezzeranno la stabilit\u00e0 e la maneggevolezza, mentre gli sciatori amatoriali pi\u00f9 esperti apprezzeranno curve precise, affidabilit\u00e0 e una sensazione progressiva. Gli sci sono dotati di attacchi Marker FDT TP10 GripWalk, che garantiscono un serraggio facile e un trasferimento di potenza sicuro.<\/p>\n<p><strong>V\u00f6lkl Peregrine 7.2 LTD<\/strong>\u00a0Sono la scelta giusta per chi cerca sci affidabili, convenienti e versatili, adatti dalle prime curve fino a una sciata rilassata ma tecnicamente perfetta.<\/p>\n<hr \/>\n<p><strong>Caratteristiche principali:<\/strong><\/p>\n<ul>\n<li>Sci da carving leggeri e maneggevoli per principianti e sciatori amatoriali<\/li>\n<li><strong>Anima in legno multistrato<\/strong>\u00a0\u2013 anima in legno multistrato per stabilit\u00e0, trasferimento di potenza preciso e punta e coda pi\u00f9 tolleranti<\/li>\n<li><strong>Tipo Rocker<\/strong>\u00a0\u2013 avviamento pi\u00f9 facile delle curve, meno sforzo e migliore maneggevolezza sulla neve pi\u00f9 morbida<\/li>\n<li><strong>Tecnologia progressiva<\/strong>\u00a0\u2013 Forma 3D per un naso pi\u00f9 stabile, pi\u00f9 equilibrio e transizioni pi\u00f9 fluide tra le curve<\/li>\n<li><strong>P-Tex 2100<\/strong>\u00a0\u2013 superficie di scorrimento durevole per alta velocit\u00e0 e lunga durata<\/li>\n<li><strong>Attacchi Marker FDT TP10 GripWalk<\/strong>\u00a0\u2013 facile fissaggio, sgancio e trasmissione affidabile della forza<\/li>\n<\/ul>\n<hr \/>\n<p><strong>Specifiche tecniche:<\/strong><\/p>\n<ul>\n<li><strong>Geometria:<\/strong>\u00a0123 \u2013 72 \u2013 104 millimetri<\/li>\n<li><strong>Raggio di sterzata:\u00a0<\/strong>144 cm \u2013 10,5 m | 151 cm \u2013 11,8 m | 158 cm \u2013 12,7 m<\/li>\n<li><strong>Nucleo:<\/strong>\u00a0Anima in legno multistrato<\/li>\n<li><strong>Profilo:<\/strong>\u00a0Tipo a bilanciere (5 mm)<\/li>\n<li><strong>Superficie di scorrimento:<\/strong>\u00a0P-Tex 2100<\/li>\n<li><strong>Collegamenti:<\/strong>\u00a0Marcatore FDT TP10 GripWalk (DIN-ISO 3.0-10.0)<\/li>\n<li><strong>Livello di conoscenza:<\/strong>\u00a0atleta ricreativo principiante-intermedio<\/li>\n<\/ul>","protected":false},"excerpt":{"rendered":"<p>Sci da uomo V\u00f6lkl Peregrine 7.2 LTD + attacchi FDT TP10<\/p>","protected":false},"featured_media":20765,"template":"","meta":{"_acf_changed":false,"inline_featured_image":false,"_monsterinsights_skip_tracking":false,"_monsterinsights_sitenote_active":false,"_monsterinsights_sitenote_note":"","_monsterinsights_sitenote_category":0},"product_brand":[1190],"product_cat":[508],"product_tag":[],"class_list":{"0":"post-20761","1":"product","2":"type-product","3":"status-publish","4":"has-post-thumbnail","6":"product_brand-volkl","7":"product_cat-moske-smuci","8":"pa_velikost-2227","9":"pa_velikost-813","10":"pa_velikost-2221","12":"first","13":"instock","14":"sale","15":"taxable","16":"shipping-taxable","17":"purchasable","18":"product-type-variable"},"acf":[],"aioseo_notices":[],"_links":{"self":[{"href":"https:\/\/ritosa.click.si\/it\/wp-json\/wp\/v2\/product\/20761","targetHints":{"allow":["GET"]}}],"collection":[{"href":"https:\/\/ritosa.click.si\/it\/wp-json\/wp\/v2\/product"}],"about":[{"href":"https:\/\/ritosa.click.si\/it\/wp-json\/wp\/v2\/types\/product"}],"wp:featuredmedia":[{"embeddable":true,"href":"https:\/\/ritosa.click.si\/it\/wp-json\/wp\/v2\/media\/20765"}],"wp:attachment":[{"href":"https:\/\/ritosa.click.si\/it\/wp-json\/wp\/v2\/media?parent=20761"}],"wp:term":[{"taxonomy":"product_brand","embeddable":true,"href":"https:\/\/ritosa.click.si\/it\/wp-json\/wp\/v2\/product_brand?post=20761"},{"taxonomy":"product_cat","embeddable":true,"href":"https:\/\/ritosa.click.si\/it\/wp-json\/wp\/v2\/product_cat?post=20761"},{"taxonomy":"product_tag","embeddable":true,"href":"https:\/\/ritosa.click.si\/it\/wp-json\/wp\/v2\/product_tag?post=20761"}],"curies":[{"name":"parola chiave","href":"https:\/\/api.w.org\/{rel}","templated":true}]}}