{"id":20756,"date":"2026-03-06T09:53:12","date_gmt":"2026-03-06T08:53:12","guid":{"rendered":"https:\/\/ritosa.click.si\/?post_type=product&#038;p=20756"},"modified":"2026-03-06T09:57:17","modified_gmt":"2026-03-06T08:57:17","slug":"volkl-racetiger-src-2026","status":"publish","type":"product","link":"https:\/\/ritosa.click.si\/it\/negozio\/sciare\/sci\/sci-da-uomo\/volkl-racetiger-src-2026\/","title":{"rendered":"V\u00f6lkl Racetiger SRC 2026"},"content":{"rendered":"<p><strong>V\u00f6lkl Racetiger SRC<\/strong>\u00a0\u00e8 uno sci dinamico progettato per sciatori ambiziosi che cercano controllo completo, stabilit\u00e0 e divertimento nelle curve corte e medie su piste battute. Il suo design combina la precisione da gara della serie Racetiger con il comfort di una sciata di un&#039;intera giornata, rendendolo la scelta ideale per chi desidera prestazioni elevate senza compromessi.<\/p>\n<p>Grazie alla carreggiata pi\u00f9 larga (73 mm) e alla geometria bilanciata, offre un&#039;eccellente stabilit\u00e0, rapidi cambi di spigolo e un ingresso in curva preciso.\u00a0<strong>Fascia di Titanal<\/strong>\u00a0Il design garantisce stabilit\u00e0 a velocit\u00e0 pi\u00f9 elevate e un trasferimento di potenza ottimale, mentre\u00a0<strong>Intarsio in legno<\/strong>\u00a0garantisce reattivit\u00e0 e una sensazione naturale sulla neve.<\/p>\n<p>Lo sci ha\u00a0<strong>Parete laterale completa \/ Mini tappo<\/strong>\u00a0costruzione per durata e presa precisa dei bordi, superficie di scorrimento sinterizzata\u00a0<strong>P-Tex 2100<\/strong>\u00a0per la massima velocit\u00e0 e distintivo\u00a0<strong>Tipo Rocker<\/strong>\u00a0un profilo che consente una facile maneggevolezza e una guida dinamica in curva.<\/p>\n<p>In combinazione con una piastra di collegamento\u00a0<strong>vMotion 3<\/strong>\u00a0e marcatore\u00a0<strong>vMotion 10GW<\/strong>\u00a0Gli attacchi Racetiger SRC offrono il perfetto equilibrio tra comfort, prestazioni e precisione, per gli sciatori che cercano il vero piacere del carving.<\/p>\n<hr \/>\n<h4><strong>Caratteristiche principali<\/strong><\/h4>\n<ul>\n<li>Sci sportivo per curve corte e medie<\/li>\n<li><strong>Fascia di Titanal<\/strong>\u00a0\u2013 stabilit\u00e0, calma e trasferimento di potenza<\/li>\n<li><strong>Intarsio in legno<\/strong>\u00a0\u2013 sensazione naturale e reattivit\u00e0<\/li>\n<li><strong>P-Tex 2100<\/strong>\u00a0\u2013 superficie di scorrimento sinterizzata per velocit\u00e0 e durata<\/li>\n<li><strong>Parete laterale completa \/ Mini tappo<\/strong>\u00a0\u2013 presa precisa sul marciapiede e durata<\/li>\n<li><strong>Tipo Rocker<\/strong>\u00a0\u2013 facilit\u00e0 di sterzata e maneggevolezza dinamica<\/li>\n<li><strong>Sistema vMotion 3<\/strong>\u00a0\u2013 piena compatibilit\u00e0 con i binding Marker GW<\/li>\n<\/ul>\n<hr \/>\n<h4><strong>Specifiche tecniche<\/strong><\/h4>\n<div class=\"_tableContainer_1rjym_1\">\n<div class=\"group _tableWrapper_1rjym_13 flex w-fit flex-col-reverse\">\n<table class=\"w-fit min-w-(--thread-content-width)\">\n<thead>\n<tr>\n<th>Lunghezza<\/th>\n<th>Geometria (mm)<\/th>\n<th>Raggio (m)<\/th>\n<th>Peso (senza attacchi)<\/th>\n<\/tr>\n<\/thead>\n<tbody>\n<tr>\n<td>153 centimetri<\/td>\n<td>124\u201373\u2013103<\/td>\n<td>12.0<\/td>\n<td>2560 g<\/td>\n<\/tr>\n<tr>\n<td>158 centimetri<\/td>\n<td>124\u201373\u2013103<\/td>\n<td>12.9<\/td>\n<td>2658 grammi<\/td>\n<\/tr>\n<tr>\n<td>163 centimetri<\/td>\n<td>124\u201373\u2013103<\/td>\n<td>13.9<\/td>\n<td>2950 g<\/td>\n<\/tr>\n<tr>\n<td>168 centimetri<\/td>\n<td>124\u201373\u2013103<\/td>\n<td>14.8<\/td>\n<td>3050 g<\/td>\n<\/tr>\n<tr>\n<td>173 centimetri<\/td>\n<td>124\u201373\u2013103<\/td>\n<td>15.8<\/td>\n<td>3130 g<\/td>\n<\/tr>\n<\/tbody>\n<\/table>\n<\/div>\n<\/div>\n<p><strong>Nucleo:<\/strong>\u00a0Intarsio in legno<br \/>\n<strong>Costruzione:<\/strong>\u00a0Parete laterale completa \/ Mini tappo, fascia in Titanal<br \/>\n<strong>Profilo:<\/strong>\u00a0Tipo Rocker<br \/>\n<strong>Superficie di scorrimento:<\/strong>\u00a0P-Tex 2100<br \/>\n<strong>Pannello:<\/strong>\u00a0vMotion 3<br \/>\n<strong>Collegamenti:<\/strong>\u00a0Marcatore vMotion 10 GW<\/p>","protected":false},"excerpt":{"rendered":"<p>Smu\u010di\u00a0V\u00f6lkl Racetiger\u00a0SRC + vezi vMotion 10<\/p>\n<div class=\"text-base my-auto mx-auto pb-10 [--thread-content-margin:--spacing(4)] thread-sm:[--thread-content-margin:--spacing(6)] thread-lg:[--thread-content-margin:--spacing(16)] px-(--thread-content-margin)\">\n<div class=\"[--thread-content-max-width:40rem] thread-lg:[--thread-content-max-width:48rem] mx-auto max-w-(--thread-content-max-width) flex-1 group\/turn-messages focus-visible:outline-hidden relative flex w-full min-w-0 flex-col agent-turn\">\n<div class=\"flex max-w-full flex-col grow\">\n<div class=\"min-h-8 text-message relative flex w-full flex-col items-end gap-2 text-start break-words whitespace-normal [.text-message+&amp;]:mt-1\">\n<div class=\"flex w-full flex-col gap-1 empty:hidden first:pt-[1px]\">\n<div class=\"markdown prose dark:prose-invert w-full break-words light markdown-new-styling\">\n<p>Dinami\u010dna smu\u010dka, zasnovana za ambiciozne smu\u010darje, ki i\u0161\u010dejo popoln nadzor, stabilnost in u\u017eitek v kratkih do srednje dolgih zavojih na urejenih progah.<\/p>\n<\/div>\n<\/div>\n<\/div>\n<\/div>\n<\/div>\n<\/div>\n","protected":false},"featured_media":20743,"template":"","meta":{"_acf_changed":false,"inline_featured_image":false,"_monsterinsights_skip_tracking":false,"_monsterinsights_sitenote_active":false,"_monsterinsights_sitenote_note":"","_monsterinsights_sitenote_category":0},"product_brand":[1190],"product_cat":[508,567],"product_tag":[],"class_list":{"0":"post-20756","1":"product","2":"type-product","3":"status-publish","4":"has-post-thumbnail","6":"product_brand-volkl","7":"product_cat-moske-smuci","8":"product_cat-zenske-smuci","9":"pa_velikost-784","10":"pa_velikost-2226","11":"pa_velikost-1020","13":"first","14":"instock","15":"sale","16":"taxable","17":"shipping-taxable","18":"purchasable","19":"product-type-variable"},"acf":[],"aioseo_notices":[],"_links":{"self":[{"href":"https:\/\/ritosa.click.si\/it\/wp-json\/wp\/v2\/product\/20756","targetHints":{"allow":["GET"]}}],"collection":[{"href":"https:\/\/ritosa.click.si\/it\/wp-json\/wp\/v2\/product"}],"about":[{"href":"https:\/\/ritosa.click.si\/it\/wp-json\/wp\/v2\/types\/product"}],"wp:featuredmedia":[{"embeddable":true,"href":"https:\/\/ritosa.click.si\/it\/wp-json\/wp\/v2\/media\/20743"}],"wp:attachment":[{"href":"https:\/\/ritosa.click.si\/it\/wp-json\/wp\/v2\/media?parent=20756"}],"wp:term":[{"taxonomy":"product_brand","embeddable":true,"href":"https:\/\/ritosa.click.si\/it\/wp-json\/wp\/v2\/product_brand?post=20756"},{"taxonomy":"product_cat","embeddable":true,"href":"https:\/\/ritosa.click.si\/it\/wp-json\/wp\/v2\/product_cat?post=20756"},{"taxonomy":"product_tag","embeddable":true,"href":"https:\/\/ritosa.click.si\/it\/wp-json\/wp\/v2\/product_tag?post=20756"}],"curies":[{"name":"parola chiave","href":"https:\/\/api.w.org\/{rel}","templated":true}]}}