{"id":20737,"date":"2026-03-06T09:36:55","date_gmt":"2026-03-06T08:36:55","guid":{"rendered":"https:\/\/ritosa.click.si\/?post_type=product&#038;p=20737"},"modified":"2026-03-06T09:43:58","modified_gmt":"2026-03-06T08:43:58","slug":"volkl-racetiger-sc-white-2026","status":"publish","type":"product","link":"https:\/\/ritosa.click.si\/it\/negozio\/sciare\/sci\/sci-da-uomo\/volkl-racetiger-sc-white-2026\/","title":{"rendered":"V\u00f6lkl Racetiger SC Bianco 2026"},"content":{"rendered":"<p><strong>V\u00f6lkl Racetiger SC\u00a0<\/strong>\u00e8 la scelta perfetta per gli sciatori che amano curve veloci e precise e il controllo completo sulle piste battute. \u00c8 progettato per chi ama lo sci dinamico e tecnico e desidera uno sci che unisca potenza, precisione e fluidit\u00e0 a ogni curva.<\/p>\n<p>Il Racetiger SC \u00e8 uno sci estremamente agile con caratteristiche aggiuntive\u00a0<strong>nastri di titanal<\/strong>\u00a0e appositamente progettato, pi\u00f9 ampio\u00a0<strong>punta in carbonio (punte in carbonio su misura)<\/strong>, che gli conferisce reattivit\u00e0 e stabilit\u00e0 senza sforzo. Nonostante il suo carattere sportivo, rimane sorprendentemente leggero e facile da usare: ideale sia per gli sciatori esperti che per quelli amatoriali che cercano prestazioni senza eccessive pretese.<\/p>\n<p>La sua forma bilanciata e la vita pi\u00f9 stretta (68 mm) consentono transizioni rapide da spigolo a spigolo e uno stile di sciata dinamico, mentre la superficie di scorrimento sinterizzata\u00a0<strong>P-Tex 2100<\/strong>\u00a0garantisce un&#039;eccellente velocit\u00e0 e una lunga durata. Grazie a\u00a0<strong>Tecnologia del vetro 3D<\/strong>\u00a0La presa delle lamine \u00e8 ancora pi\u00f9 forte, mentre lo sci mantiene una sensazione di vivacit\u00e0 e stabilit\u00e0 in curva.<\/p>\n<p>In combinazione con un legame\u00a0<strong>vMotion 3<\/strong>\u00a0Il Racetiger SC rappresenta il perfetto equilibrio tra prestazioni sportive e comfort, per tutti coloro che cercano il piacere di un carving di precisione.<\/p>\n<h4><strong>Caratteristiche principali<\/strong><\/h4>\n<ul>\n<li>Uno sci da slalom preciso e giocoso per piste battute<\/li>\n<li><strong>Punte in carbonio su misura<\/strong>\u00a0\u2013 ingresso in curva pi\u00f9 facile e risposta precisa della punta<\/li>\n<li><strong>Fascia di Titanal<\/strong>\u00a0\u2013 calma e stabilit\u00e0 alle alte velocit\u00e0<\/li>\n<li><strong>Vetro 3D<\/strong>\u00a0\u2013 forte aderenza sui marciapiedi e rimbalzo reattivo in curva<\/li>\n<li><strong>Anima in legno multistrato<\/strong>\u00a0\u2013 perfetto equilibrio tra potenza e agilit\u00e0<\/li>\n<li><strong>P-Tex 2100<\/strong>\u00a0\u2013 superficie di scorrimento sinterizzata con eccellente scorrevolezza e durata<\/li>\n<li><strong>Tipo Rocker<\/strong>\u00a0\u2013 inserimento dinamico in curva e aderenza precisa sui marciapiedi<\/li>\n<li><strong>Sistema vMotion 3<\/strong>\u00a0\u2013 piena compatibilit\u00e0 con i binding Marker GW<\/li>\n<\/ul>\n<hr \/>\n<h4><strong>Specifiche tecniche<\/strong><\/h4>\n<div class=\"_tableContainer_1rjym_1\">\n<div class=\"group _tableWrapper_1rjym_13 flex w-fit flex-col-reverse\">\n<table class=\"w-fit min-w-(--thread-content-width)\">\n<thead>\n<tr>\n<th>Lunghezza<\/th>\n<th>Geometria (mm)<\/th>\n<th>Raggio (m)<\/th>\n<th>Peso (senza attacchi)<\/th>\n<\/tr>\n<\/thead>\n<tbody>\n<tr>\n<td>148 centimetri<\/td>\n<td>123\u201368\u2013102<\/td>\n<td>10.2<\/td>\n<td>2658 grammi<\/td>\n<\/tr>\n<tr>\n<td>153 centimetri<\/td>\n<td>123\u201368\u2013102<\/td>\n<td>11.0<\/td>\n<td>2508 grammi<\/td>\n<\/tr>\n<tr>\n<td>158 centimetri<\/td>\n<td>123\u201368\u2013102<\/td>\n<td>11.8<\/td>\n<td>2765 g<\/td>\n<\/tr>\n<tr>\n<td>165 centimetri<\/td>\n<td>123\u201368\u2013102<\/td>\n<td>13.1<\/td>\n<td>2850 g<\/td>\n<\/tr>\n<tr>\n<td>172 centimetri<\/td>\n<td>121,5\u201369\u2013100<\/td>\n<td>15.3<\/td>\n<td>2965 g<\/td>\n<\/tr>\n<\/tbody>\n<\/table>\n<\/div>\n<\/div>\n<p><strong>Nucleo:<\/strong>\u00a0Anima in legno multistrato<br \/>\n<strong>Costruzione:<\/strong>\u00a0Parete laterale completa \/ Mini Cap, vetro 3D, punte in carbonio su misura, fascia in Titanal<br \/>\n<strong>Profilo:<\/strong>\u00a0Tipo Rocker<br \/>\n<strong>Superficie di scorrimento:<\/strong>\u00a0P-Tex 2100<br \/>\n<strong>Pannello:<\/strong>\u00a0vMotion 3<br \/>\n<strong>Link consigliati:<\/strong>\u00a0Marcatore vMotion 10 GW<\/p>","protected":false},"excerpt":{"rendered":"<p>Smu\u010di\u00a0V\u00f6lkl Racetiger\u00a0SC + vezi vMotion10<\/p>\n<div class=\"text-base my-auto mx-auto pb-10 [--thread-content-margin:--spacing(4)] thread-sm:[--thread-content-margin:--spacing(6)] thread-lg:[--thread-content-margin:--spacing(16)] px-(--thread-content-margin)\">\n<div class=\"[--thread-content-max-width:40rem] thread-lg:[--thread-content-max-width:48rem] mx-auto max-w-(--thread-content-max-width) flex-1 group\/turn-messages focus-visible:outline-hidden relative flex w-full min-w-0 flex-col agent-turn\">\n<div class=\"flex max-w-full flex-col grow\">\n<div class=\"min-h-8 text-message relative flex w-full flex-col items-end gap-2 text-start break-words whitespace-normal [.text-message+&amp;]:mt-1\">\n<div class=\"flex w-full flex-col gap-1 empty:hidden first:pt-[1px]\">\n<div class=\"markdown prose dark:prose-invert w-full break-words light markdown-new-styling\">\n<p>Idealne za\u00a0tehni\u010dno izpopolnjene in \u0161portne smu\u010darje, ki i\u0161\u010dejo natan\u010dno, stabilno in odzivno smu\u010dko za urejene proge in kratke do srednje dolge zavoje.<\/p>\n<\/div>\n<\/div>\n<\/div>\n<\/div>\n<\/div>\n<\/div>\n","protected":false},"featured_media":20747,"template":"","meta":{"_acf_changed":false,"inline_featured_image":false,"_monsterinsights_skip_tracking":false,"_monsterinsights_sitenote_active":false,"_monsterinsights_sitenote_note":"","_monsterinsights_sitenote_category":0},"product_brand":[1190],"product_cat":[508,567],"product_tag":[],"class_list":{"0":"post-20737","1":"product","2":"type-product","3":"status-publish","4":"has-post-thumbnail","6":"product_brand-volkl","7":"product_cat-moske-smuci","8":"product_cat-zenske-smuci","9":"pa_velikost-978","10":"pa_velikost-2221","12":"first","13":"instock","14":"sale","15":"taxable","16":"shipping-taxable","17":"purchasable","18":"product-type-variable"},"acf":[],"aioseo_notices":[],"_links":{"self":[{"href":"https:\/\/ritosa.click.si\/it\/wp-json\/wp\/v2\/product\/20737","targetHints":{"allow":["GET"]}}],"collection":[{"href":"https:\/\/ritosa.click.si\/it\/wp-json\/wp\/v2\/product"}],"about":[{"href":"https:\/\/ritosa.click.si\/it\/wp-json\/wp\/v2\/types\/product"}],"wp:featuredmedia":[{"embeddable":true,"href":"https:\/\/ritosa.click.si\/it\/wp-json\/wp\/v2\/media\/20747"}],"wp:attachment":[{"href":"https:\/\/ritosa.click.si\/it\/wp-json\/wp\/v2\/media?parent=20737"}],"wp:term":[{"taxonomy":"product_brand","embeddable":true,"href":"https:\/\/ritosa.click.si\/it\/wp-json\/wp\/v2\/product_brand?post=20737"},{"taxonomy":"product_cat","embeddable":true,"href":"https:\/\/ritosa.click.si\/it\/wp-json\/wp\/v2\/product_cat?post=20737"},{"taxonomy":"product_tag","embeddable":true,"href":"https:\/\/ritosa.click.si\/it\/wp-json\/wp\/v2\/product_tag?post=20737"}],"curies":[{"name":"parola chiave","href":"https:\/\/api.w.org\/{rel}","templated":true}]}}