{"id":20732,"date":"2026-03-06T09:31:37","date_gmt":"2026-03-06T08:31:37","guid":{"rendered":"https:\/\/ritosa.click.si\/?post_type=product&#038;p=20732"},"modified":"2026-03-06T09:35:09","modified_gmt":"2026-03-06T08:35:09","slug":"volkl-racetiger-sc-limited-2026","status":"publish","type":"product","link":"https:\/\/ritosa.click.si\/it\/negozio\/sciare\/sci\/sci-da-uomo\/volkl-racetiger-sc-limited-2026\/","title":{"rendered":"V\u00f6lkl Racetiger SC Limitata 2026"},"content":{"rendered":"<p>Il V\u00f6lkl Racetiger SC LTD \u00e8 uno sci versatile e versatile per tutti gli sciatori avanzati che cercano uno sci per curve veloci, strette o lunghe su piste battute in diverse condizioni, senza spendere una fortuna. Il modello Racetiger SC LTD si basa sui leggendari sci da competizione Racetiger SC, ma offre un rinforzo leggermente inferiore e una maggiore larghezza, il che si traduce in maggiore stabilit\u00e0 e giocabilit\u00e0 sulla neve. L&#039;anima in legno con rinforzo 3D.Glass offre un&#039;eccellente combinazione di agilit\u00e0, reattivit\u00e0 e stabilit\u00e0, esattamente quando ne hai pi\u00f9 bisogno. Gli attacchi Marker vMotion 11 inclusi con suola GripWalk garantiscono un trasferimento di potenza efficiente e un&#039;esperienza di sci completa.<\/p>\n<p><span style=\"text-decoration: underline\">arco laterale<\/span>: 122 \u2013 73 \u2013 103<\/p>\n<p><span style=\"text-decoration: underline\">Raggio di sterzata<\/span>: 13,4 m (158 cm), 15,0 m (168 cm)<\/p>\n<ul>\n<li><strong>Full Sensor Woodcore<\/strong>\u00a0Un&#039;anima in laminato di legno compatto che si estende dalla punta alla coda dello sci. \u00c8 questa anima che garantisce la trasmissione della potenza su tutta la lunghezza dello sci. Il risultato \u00e8 un supporto ottimale per lo sciatore e un&#039;eccezionale reattivit\u00e0 dello sci, accelerazione in uscita di curva e stabilit\u00e0 in curva.<\/li>\n<li><strong>VETRO 3D<\/strong>\u00a0Il rinforzo in fibra di vetro con costruzione multistrato tridimensionale garantisce una migliore aderenza sui marciapiedi e una maggiore reattivit\u00e0 in curva<\/li>\n<li><strong>Tipo Rocker<\/strong>, che comporta un leggero sollevamento dello sci verso la curva finale della punta. Questa caratteristica consente loro di entrare in curva rapidamente e di passare alla successiva con estrema rapidit\u00e0.<\/li>\n<li><strong>Parete laterale completa<\/strong>\u00a0\u2013 trasmissione diretta e potente della potenza lungo i bordi verticali dello sci per tutta la sua lunghezza<\/li>\n<li><strong>Base P-Tex 2100<\/strong>\u00a0\u2013 base sinterizzata densa con eccellenti propriet\u00e0 di scorrimento e durata<\/li>\n<li><strong>Link allegati:<\/strong>\u00a0vMotion Marker 11<\/li>\n<li>Peso: 2764 g (163 cm con attacchi)<\/li>\n<\/ul>","protected":false},"excerpt":{"rendered":"<p>Sci V\u00f6lkl Racetiger SC Yellow Limited + vMotion 11 GW BLK<\/p>","protected":false},"featured_media":20736,"template":"","meta":{"_acf_changed":false,"inline_featured_image":false,"_monsterinsights_skip_tracking":false,"_monsterinsights_sitenote_active":false,"_monsterinsights_sitenote_note":"","_monsterinsights_sitenote_category":0},"product_brand":[1190],"product_cat":[508,567],"product_tag":[],"class_list":{"0":"post-20732","1":"product","2":"type-product","3":"status-publish","4":"has-post-thumbnail","6":"product_brand-volkl","7":"product_cat-moske-smuci","8":"product_cat-zenske-smuci","9":"pa_velikost-784","10":"pa_velikost-978","11":"pa_velikost-1020","13":"first","14":"instock","15":"sale","16":"taxable","17":"shipping-taxable","18":"purchasable","19":"product-type-variable"},"acf":[],"aioseo_notices":[],"_links":{"self":[{"href":"https:\/\/ritosa.click.si\/it\/wp-json\/wp\/v2\/product\/20732","targetHints":{"allow":["GET"]}}],"collection":[{"href":"https:\/\/ritosa.click.si\/it\/wp-json\/wp\/v2\/product"}],"about":[{"href":"https:\/\/ritosa.click.si\/it\/wp-json\/wp\/v2\/types\/product"}],"wp:featuredmedia":[{"embeddable":true,"href":"https:\/\/ritosa.click.si\/it\/wp-json\/wp\/v2\/media\/20736"}],"wp:attachment":[{"href":"https:\/\/ritosa.click.si\/it\/wp-json\/wp\/v2\/media?parent=20732"}],"wp:term":[{"taxonomy":"product_brand","embeddable":true,"href":"https:\/\/ritosa.click.si\/it\/wp-json\/wp\/v2\/product_brand?post=20732"},{"taxonomy":"product_cat","embeddable":true,"href":"https:\/\/ritosa.click.si\/it\/wp-json\/wp\/v2\/product_cat?post=20732"},{"taxonomy":"product_tag","embeddable":true,"href":"https:\/\/ritosa.click.si\/it\/wp-json\/wp\/v2\/product_tag?post=20732"}],"curies":[{"name":"parola chiave","href":"https:\/\/api.w.org\/{rel}","templated":true}]}}