{"id":20452,"date":"2026-02-11T15:11:11","date_gmt":"2026-02-11T14:11:11","guid":{"rendered":"https:\/\/ritosa.click.si\/?post_type=product&#038;p=20452"},"modified":"2026-02-12T12:14:23","modified_gmt":"2026-02-12T11:14:23","slug":"elan-bermuda-kolesarske-hlace-2","status":"publish","type":"product","link":"https:\/\/ritosa.click.si\/it\/negozio\/kolesarstvo\/kolesarska-oprema\/kolesarska-oblacila\/moska-oblacila\/moske-hlace\/elan-bermuda-kolesarske-hlace-2\/","title":{"rendered":"Pantaloncini da ciclismo Elan Bermuda"},"content":{"rendered":"<div class=\"pdp-attributes__collapsible allow active\" role=\"tab\" data-role=\"collapsible\" data-collapsible=\"true\" aria-expanded=\"true\">\n<div class=\"pdp-attributes__trigger\" data-role=\"trigger\">\n<div class=\"product attribute overview\">\n<div class=\"value\">\n<p>Questi pantaloncini funzionali sono progettati per gli amanti della mountain bike e offrono un comfort eccezionale e libert\u00e0 di movimento. Sono realizzati in materiale elastico e offrono flessibilit\u00e0 a ogni movimento. Gli accessori in silicone sulla cintura assicurano che i pantaloni rimangano in posizione anche durante le attivit\u00e0 pi\u00f9 intense. I pantaloni sono progettati per diverse attivit\u00e0 all&#039;aperto. Sono realizzati in materiale leggero e traspirante che favorisce la circolazione dell&#039;aria per freschezza e comfort. Due tasche laterali e una tasca con cerniera sulla gamba consentono di riporre in sicurezza il telefono e altri oggetti essenziali. I pantaloncini sono inoltre dotati di dettagli riflettenti per una migliore visibilit\u00e0 e sicurezza in condizioni di scarsa illuminazione.<\/p>\n<\/div>\n<\/div>\n<p class=\"pdp-attributes__title\">Caratteristiche principali<\/p>\n<\/div>\n<div class=\"pdp-attributes__content\" role=\"tabpanel\" data-role=\"content\" aria-hidden=\"false\">\n<div class=\"pdp-attributes__sustainability\">\n<ul class=\"checkmark\">\n<li>Pantaloncini da ciclismo funzionali<\/li>\n<li>materiale elastico elasticizzato in 4 direzioni<\/li>\n<li>Inserti in silicone antiscivolo nella cintura<\/li>\n<li>Sistema di regolazione in velcro in vita<\/li>\n<li>Due tasche laterali e una tasca con cerniera sulla gamba<\/li>\n<li>Prese d&#039;aria per un migliore flusso d&#039;aria<\/li>\n<li>Elementi di design riflettenti<\/li>\n<li>Materiale: 90% Poliammide \/ 10% Elastan<\/li>\n<\/ul>\n<\/div>\n<\/div>\n<\/div>","protected":false},"excerpt":{"rendered":"<div class=\"product attribute overview\">\n<div class=\"value\">\n<p>I pantaloncini da uomo Elan diventeranno presto la tua scelta preferita per la mountain bike e le avventure all&#039;aria aperta, offrendoti comfort e praticit\u00e0.<\/p>\n<\/div>\n<\/div>","protected":false},"featured_media":20438,"template":"","meta":{"_acf_changed":false,"inline_featured_image":false},"product_brand":[677],"product_cat":[623],"product_tag":[1946,2142,2134,2139,2133,2132],"class_list":{"0":"post-20452","1":"product","2":"type-product","3":"status-publish","4":"has-post-thumbnail","6":"product_brand-elan","7":"product_cat-moske-hlace","8":"product_tag-elan","9":"product_tag-elan-kolesarske-hlace","10":"product_tag-hlace","11":"product_tag-hlace-elan","12":"product_tag-hlace-za-na-kolo","13":"product_tag-kolesarske-hlace","14":"pa_velikost-l","15":"pa_velikost-xl","16":"pa_velikost-xxl","18":"first","19":"instock","20":"sale","21":"taxable","22":"shipping-taxable","23":"purchasable","24":"product-type-variable"},"acf":[],"_links":{"self":[{"href":"https:\/\/ritosa.click.si\/it\/wp-json\/wp\/v2\/product\/20452","targetHints":{"allow":["GET"]}}],"collection":[{"href":"https:\/\/ritosa.click.si\/it\/wp-json\/wp\/v2\/product"}],"about":[{"href":"https:\/\/ritosa.click.si\/it\/wp-json\/wp\/v2\/types\/product"}],"wp:featuredmedia":[{"embeddable":true,"href":"https:\/\/ritosa.click.si\/it\/wp-json\/wp\/v2\/media\/20438"}],"wp:attachment":[{"href":"https:\/\/ritosa.click.si\/it\/wp-json\/wp\/v2\/media?parent=20452"}],"wp:term":[{"taxonomy":"product_brand","embeddable":true,"href":"https:\/\/ritosa.click.si\/it\/wp-json\/wp\/v2\/product_brand?post=20452"},{"taxonomy":"product_cat","embeddable":true,"href":"https:\/\/ritosa.click.si\/it\/wp-json\/wp\/v2\/product_cat?post=20452"},{"taxonomy":"product_tag","embeddable":true,"href":"https:\/\/ritosa.click.si\/it\/wp-json\/wp\/v2\/product_tag?post=20452"}],"curies":[{"name":"parola chiave","href":"https:\/\/api.w.org\/{rel}","templated":true}]}}