{"id":20443,"date":"2026-02-11T13:16:13","date_gmt":"2026-02-11T12:16:13","guid":{"rendered":"https:\/\/ritosa.click.si\/?post_type=product&#038;p=20443"},"modified":"2026-03-25T09:30:36","modified_gmt":"2026-03-25T08:30:36","slug":"elan-kolesarske-hlace","status":"publish","type":"product","link":"https:\/\/ritosa.click.si\/it\/negozio\/kolesarstvo\/kolesarska-oprema\/kolesarska-oblacila\/enska-oblacila\/zenske-hlace\/elan-kolesarske-hlace\/","title":{"rendered":"Pantaloni da ciclismo Elan"},"content":{"rendered":"<p>Il materiale ad asciugatura rapida garantisce comfort, mentre la vestibilit\u00e0 aderente offre libert\u00e0 di movimento anche nelle avventure in bicicletta pi\u00f9 lunghe. Il fondello ergonomico riduce la pressione e l&#039;attrito sulla seduta, mentre gli accessori in silicone su cintura e gambe assicurano che i pantaloni rimangano saldamente in posizione anche durante le pedalate pi\u00f9 intense. Gli elementi riflettenti aumentano la visibilit\u00e0 in condizioni di scarsa illuminazione e garantiscono ulteriore sicurezza.<\/p>\n<div class=\"pdp-attributes__collapsible allow active\" role=\"tab\" data-role=\"collapsible\" data-collapsible=\"true\" aria-expanded=\"true\">\n<div class=\"pdp-attributes__trigger\" data-role=\"trigger\">\n<p class=\"pdp-attributes__title\">Caratteristiche principali<\/p>\n<\/div>\n<div class=\"pdp-attributes__content\" role=\"tabpanel\" data-role=\"content\" aria-hidden=\"false\">\n<div class=\"pdp-attributes__sustainability\">\n<ul class=\"checkmark\">\n<li>Cuciture elastiche<\/li>\n<li>Elementi di design riflettenti<\/li>\n<li>Inserti in silicone antiscivolo nella cintura<\/li>\n<li>Inserti in silicone sul bordo inferiore<\/li>\n<li>Tappetino ergonomico<\/li>\n<li>Materiale traspirante ed elastico<\/li>\n<li>Materiale: 80% Poliammide, 20% Elastan<\/li>\n<li>Fondello: 100% Poliestere<\/li>\n<\/ul>\n<\/div>\n<\/div>\n<\/div>","protected":false},"excerpt":{"rendered":"<p>I pantaloncini da ciclismo da donna Elan sono la scelta ideale per le cicliste che amano le strade asfaltate o sterrate e che danno valore alla funzionalit\u00e0 e all&#039;affidabilit\u00e0.<\/p>","protected":false},"featured_media":20445,"template":"","meta":{"_acf_changed":false,"inline_featured_image":false,"_monsterinsights_skip_tracking":false,"_monsterinsights_sitenote_active":false,"_monsterinsights_sitenote_note":"","_monsterinsights_sitenote_category":0},"product_brand":[677],"product_cat":[633],"product_tag":[1946,2142,2134,2139,2133,2132],"class_list":{"0":"post-20443","1":"product","2":"type-product","3":"status-publish","4":"has-post-thumbnail","6":"product_brand-elan","7":"product_cat-zenske-hlace","8":"product_tag-elan","9":"product_tag-elan-kolesarske-hlace","10":"product_tag-hlace","11":"product_tag-hlace-elan","12":"product_tag-hlace-za-na-kolo","13":"product_tag-kolesarske-hlace","14":"pa_velikost-l","15":"pa_velikost-m","16":"pa_velikost-xl","18":"first","19":"instock","20":"sale","21":"taxable","22":"shipping-taxable","23":"purchasable","24":"product-type-variable"},"acf":[],"aioseo_notices":[],"_links":{"self":[{"href":"https:\/\/ritosa.click.si\/it\/wp-json\/wp\/v2\/product\/20443","targetHints":{"allow":["GET"]}}],"collection":[{"href":"https:\/\/ritosa.click.si\/it\/wp-json\/wp\/v2\/product"}],"about":[{"href":"https:\/\/ritosa.click.si\/it\/wp-json\/wp\/v2\/types\/product"}],"wp:featuredmedia":[{"embeddable":true,"href":"https:\/\/ritosa.click.si\/it\/wp-json\/wp\/v2\/media\/20445"}],"wp:attachment":[{"href":"https:\/\/ritosa.click.si\/it\/wp-json\/wp\/v2\/media?parent=20443"}],"wp:term":[{"taxonomy":"product_brand","embeddable":true,"href":"https:\/\/ritosa.click.si\/it\/wp-json\/wp\/v2\/product_brand?post=20443"},{"taxonomy":"product_cat","embeddable":true,"href":"https:\/\/ritosa.click.si\/it\/wp-json\/wp\/v2\/product_cat?post=20443"},{"taxonomy":"product_tag","embeddable":true,"href":"https:\/\/ritosa.click.si\/it\/wp-json\/wp\/v2\/product_tag?post=20443"}],"curies":[{"name":"parola chiave","href":"https:\/\/api.w.org\/{rel}","templated":true}]}}