{"id":20328,"date":"2025-11-10T12:18:34","date_gmt":"2025-11-10T11:18:34","guid":{"rendered":"https:\/\/ritosa.click.si\/?post_type=product&#038;p=20328"},"modified":"2026-03-05T18:43:50","modified_gmt":"2026-03-05T17:43:50","slug":"elan-sky-jrs-130-150-2","status":"publish","type":"product","link":"https:\/\/ritosa.click.si\/it\/negozio\/sciare\/sci\/sci-per-bambini\/elan-sky-jrs-130-150-2\/","title":{"rendered":"Elan SKY JRS (130-150)"},"content":{"rendered":"<div class=\"product attribute overview\">\n<div class=\"value\">\n<div class=\"product attribute overview\">\n<div class=\"value\">\n<p>Il cielo \u00e8 il limite quando impari a sciare con la tecnologia U-Flex.<\/p>\n<\/div>\n<\/div>\n<div class=\"product attribute description\">\n<div class=\"value\">\n<p>U-Flex non \u00e8 solo la migliore tecnologia per gli sci da bambino, ma \u00e8 anche l&#039;unica tecnologia adatta agli sciatori pi\u00f9 piccoli, che offre uno sci leggero e flessibile che ha dimostrato di facilitare l&#039;apprendimento dello sci per i principianti.<\/p>\n<ul class=\"checkmark\">\n<li>Apprendimento accelerato<\/li>\n<li>Curvatura adattata alla misura dello sci<\/li>\n<li>Geometria a misura di bambino<\/li>\n<\/ul>\n<\/div>\n<\/div>\n<\/div>\n<\/div>\n<div class=\"product attribute description\">\n<div class=\"value\">\n<div class=\"pdp-attributes__trigger\"><\/div>\n<div class=\"pdp-attributes__content\">\n<div class=\"pdp-attributes__trigger\">\n<h3 class=\"pdp-attributes__title\">GUIDA TAGLIE<\/h3>\n<\/div>\n<div class=\"pdp-attributes__content\">\n<table class=\"pdp-attributes__size-guide\">\n<thead>\n<tr>\n<th>Altezza dello sciatore<\/th>\n<th>Lunghezza dello sci<\/th>\n<\/tr>\n<\/thead>\n<tbody>\n<tr>\n<td>100 \u2013 115 centimetri<\/td>\n<td>100<\/td>\n<\/tr>\n<tr>\n<td>110 \u2013 125 centimetri<\/td>\n<td>110<\/td>\n<\/tr>\n<tr>\n<td>120 \u2013 135 centimetri<\/td>\n<td>120<\/td>\n<\/tr>\n<tr>\n<td>130 \u2013 145 centimetri<\/td>\n<td>130<\/td>\n<\/tr>\n<tr>\n<td>140 \u2013 155 centimetri<\/td>\n<td>140<\/td>\n<\/tr>\n<tr>\n<td>150 \u2013 165 centimetri<\/td>\n<td>150<\/td>\n<\/tr>\n<\/tbody>\n<\/table>\n<h3>INFORMAZIONI TECNICHE<\/h3>\n<table>\n<tbody>\n<tr>\n<td><\/td>\n<td style=\"text-align: left\">100 centimetri<\/td>\n<td>110 centimetri<\/td>\n<td>120 centimetri<\/td>\n<td>130 centimetri<\/td>\n<td>140 centimetri<\/td>\n<td>150 cm<\/td>\n<\/tr>\n<tr>\n<td>Raggio<\/td>\n<td>6.2<\/td>\n<td>7<\/td>\n<td>8.6<\/td>\n<td>9.4<\/td>\n<td>11.2<\/td>\n<td>13.1<\/td>\n<\/tr>\n<tr>\n<td>Larghezza della punta dello sci<\/td>\n<td>101<\/td>\n<td>105<\/td>\n<td>105<\/td>\n<td>109<\/td>\n<td>109<\/td>\n<td>109<\/td>\n<\/tr>\n<tr>\n<td>Larghezza della parte centrale dello sci<\/td>\n<td>69<\/td>\n<td>67<\/td>\n<td>68<\/td>\n<td>67<\/td>\n<td>67<\/td>\n<td>67<\/td>\n<\/tr>\n<tr>\n<td>Larghezza della coda dello sci<\/td>\n<td>90<\/td>\n<td>90<\/td>\n<td>90<\/td>\n<td>95<\/td>\n<td>95<\/td>\n<td>95<\/td>\n<\/tr>\n<\/tbody>\n<\/table>\n<h3>DETTAGLI<\/h3>\n<table>\n<tbody>\n<tr>\n<td>Codice<\/td>\n<td>AFFMAK25<\/td>\n<\/tr>\n<tr>\n<td>Legame<\/td>\n<td>EL 4.5\/7.5 GW CA JRS<\/td>\n<\/tr>\n<tr>\n<td>Lunghezza\/Raggio<\/td>\n<td>120 (8.6)<\/td>\n<\/tr>\n<tr>\n<td>Sistema<\/td>\n<td>Junior Shift<\/td>\n<\/tr>\n<tr>\n<td>Profilo<\/td>\n<td>Early Rise Rocker<\/td>\n<\/tr>\n<tr>\n<td>Frastuono<\/td>\n<td>0,75 \u2013 4,5 \/ 2 \u2013 7,5<\/td>\n<\/tr>\n<tr>\n<td>Tecnologia<\/td>\n<td>Synflex, tecnologia U-Flex, Full Power Cap<\/td>\n<\/tr>\n<\/tbody>\n<\/table>\n<\/div>\n<\/div>\n<\/div>\n<\/div>","protected":false},"excerpt":{"rendered":"<p>Sci da bambina Elan SKY JRS (130-150)<\/p>\n<div class=\"product attribute overview\">\n<div class=\"value\">\n<p>Il cielo \u00e8 il limite quando impari a sciare con la tecnologia U-Flex.<br \/>\nU-Flex non \u00e8 solo la migliore tecnologia per gli sci da bambino, ma \u00e8 anche l&#039;unica tecnologia adatta agli sciatori pi\u00f9 piccoli, che offre uno sci leggero e flessibile che ha dimostrato di facilitare l&#039;apprendimento dello sci per i principianti.<\/p>\n<\/div>\n<\/div>","protected":false},"featured_media":20322,"template":"","meta":{"_acf_changed":false,"inline_featured_image":false,"_monsterinsights_skip_tracking":false,"_monsterinsights_sitenote_active":false,"_monsterinsights_sitenote_note":"","_monsterinsights_sitenote_category":0},"product_brand":[677],"product_cat":[592],"product_tag":[],"class_list":{"0":"post-20328","1":"product","2":"type-product","3":"status-publish","4":"has-post-thumbnail","6":"product_brand-elan","7":"product_cat-otroske-smuci","8":"pa_velikost-130-3","9":"pa_velikost-719","10":"pa_velikost-150-2","12":"first","13":"instock","14":"sale","15":"taxable","16":"shipping-taxable","17":"purchasable","18":"product-type-variable"},"acf":[],"aioseo_notices":[],"_links":{"self":[{"href":"https:\/\/ritosa.click.si\/it\/wp-json\/wp\/v2\/product\/20328","targetHints":{"allow":["GET"]}}],"collection":[{"href":"https:\/\/ritosa.click.si\/it\/wp-json\/wp\/v2\/product"}],"about":[{"href":"https:\/\/ritosa.click.si\/it\/wp-json\/wp\/v2\/types\/product"}],"wp:featuredmedia":[{"embeddable":true,"href":"https:\/\/ritosa.click.si\/it\/wp-json\/wp\/v2\/media\/20322"}],"wp:attachment":[{"href":"https:\/\/ritosa.click.si\/it\/wp-json\/wp\/v2\/media?parent=20328"}],"wp:term":[{"taxonomy":"product_brand","embeddable":true,"href":"https:\/\/ritosa.click.si\/it\/wp-json\/wp\/v2\/product_brand?post=20328"},{"taxonomy":"product_cat","embeddable":true,"href":"https:\/\/ritosa.click.si\/it\/wp-json\/wp\/v2\/product_cat?post=20328"},{"taxonomy":"product_tag","embeddable":true,"href":"https:\/\/ritosa.click.si\/it\/wp-json\/wp\/v2\/product_tag?post=20328"}],"curies":[{"name":"parola chiave","href":"https:\/\/api.w.org\/{rel}","templated":true}]}}