{"id":20032,"date":"2025-10-24T10:50:14","date_gmt":"2025-10-24T08:50:14","guid":{"rendered":"https:\/\/ritosa.click.si\/?post_type=product&#038;p=20032"},"modified":"2025-10-24T10:53:43","modified_gmt":"2025-10-24T08:53:43","slug":"kolesarska-majica-elan-2","status":"publish","type":"product","link":"https:\/\/ritosa.click.si\/it\/negozio\/kolesarstvo\/kolesarska-oprema\/kolesarska-oblacila\/enska-oblacila\/zenske-majice\/kolesarska-majica-elan-2\/","title":{"rendered":"Maglia da ciclismo Elan"},"content":{"rendered":"<p>La maglia da ciclismo da donna Elan offre tutto ci\u00f2 di cui le cicliste gravel hanno bisogno per macinare chilometri. Offre il perfetto equilibrio tra comfort, traspirabilit\u00e0 e flessibilit\u00e0 per una pedalata confortevole. Il taglio aderente garantisce comfort e prestazioni, mentre la zip a tutta lunghezza assicura traspirabilit\u00e0 e regolazione della temperatura. La maglia \u00e8 dotata di tre tasche posteriori per gli oggetti essenziali e di una tasca con zip per riporre in sicurezza oggetti di valore come chiavi o cellulare. Un elastico in vita con silicone antiscivolo mantiene la maglia in posizione, indipendentemente dall&#039;intensit\u00e0 della pedalata. Le cuciture nastrate sulle maniche aumentano il comfort e riducono gli sfregamenti, aspetto particolarmente importante quando si pedala per diverse ore. Gli elementi riflettenti aumentano la visibilit\u00e0 e la sicurezza in condizioni di scarsa illuminazione.<\/p>\n<div class=\"pdp-attributes__collapsible allow active\" role=\"tab\" data-role=\"collapsible\" data-collapsible=\"true\" aria-expanded=\"true\">\n<div class=\"pdp-attributes__trigger\" data-role=\"trigger\">\n<p class=\"pdp-attributes__title\"><strong>Caratteristiche principali<\/strong><\/p>\n<\/div>\n<div class=\"pdp-attributes__content\" role=\"tabpanel\" data-role=\"content\" aria-hidden=\"false\">\n<div class=\"pdp-attributes__sustainability\">\n<ul class=\"checkmark\">\n<li>Cerniera a tutta lunghezza sul davanti<\/li>\n<li>Tre tasche posteriori<\/li>\n<li>Tasca posteriore con cerniera<\/li>\n<li>Cintura elastica con silicone antiscivolo<\/li>\n<li>Cuciture delle maniche nastrate<\/li>\n<li>Tessuto leggero, ad asciugatura rapida ed elastico<\/li>\n<li>Elementi di design riflettenti<\/li>\n<li>Ottimizzato per l&#039;aerodinamica<\/li>\n<li>Comodo e dalla vestibilit\u00e0 perfetta<\/li>\n<li>MATERIALE: Poliestere 100%<\/li>\n<\/ul>\n<\/div>\n<\/div>\n<\/div>","protected":false},"excerpt":{"rendered":"<p>La maglia da ciclismo da donna Elan \u00e8 una maglia aderente per le avventure gravel, realizzata in un tessuto confortevole, traspirante e ad asciugatura rapida. I dettagli riflettenti garantiscono visibilit\u00e0, mentre le pratiche tasche e la cerniera a tutta lunghezza consentono un facile accesso e una maggiore traspirabilit\u00e0. \u00c8 un&#039;ottima scelta per qualsiasi avventura in bicicletta.<\/p>","protected":false},"featured_media":20035,"template":"","meta":{"_acf_changed":false,"inline_featured_image":false,"_monsterinsights_skip_tracking":false,"_monsterinsights_sitenote_active":false,"_monsterinsights_sitenote_note":"","_monsterinsights_sitenote_category":0},"product_brand":[677],"product_cat":[625],"product_tag":[1946,1991,1990,1994,1992,1200],"class_list":{"0":"post-20032","1":"product","2":"type-product","3":"status-publish","4":"has-post-thumbnail","6":"product_brand-elan","7":"product_cat-zenske-majice","8":"product_tag-elan","9":"product_tag-kolesarska-majica","10":"product_tag-kolesarska-majica-elan","11":"product_tag-kolesarska-majica-elan-siva","12":"product_tag-majica-elan","13":"product_tag-moski","14":"pa_velikost-l","15":"pa_velikost-m","17":"first","18":"instock","19":"sale","20":"taxable","21":"shipping-taxable","22":"purchasable","23":"product-type-variable"},"acf":[],"aioseo_notices":[],"_links":{"self":[{"href":"https:\/\/ritosa.click.si\/it\/wp-json\/wp\/v2\/product\/20032","targetHints":{"allow":["GET"]}}],"collection":[{"href":"https:\/\/ritosa.click.si\/it\/wp-json\/wp\/v2\/product"}],"about":[{"href":"https:\/\/ritosa.click.si\/it\/wp-json\/wp\/v2\/types\/product"}],"wp:featuredmedia":[{"embeddable":true,"href":"https:\/\/ritosa.click.si\/it\/wp-json\/wp\/v2\/media\/20035"}],"wp:attachment":[{"href":"https:\/\/ritosa.click.si\/it\/wp-json\/wp\/v2\/media?parent=20032"}],"wp:term":[{"taxonomy":"product_brand","embeddable":true,"href":"https:\/\/ritosa.click.si\/it\/wp-json\/wp\/v2\/product_brand?post=20032"},{"taxonomy":"product_cat","embeddable":true,"href":"https:\/\/ritosa.click.si\/it\/wp-json\/wp\/v2\/product_cat?post=20032"},{"taxonomy":"product_tag","embeddable":true,"href":"https:\/\/ritosa.click.si\/it\/wp-json\/wp\/v2\/product_tag?post=20032"}],"curies":[{"name":"parola chiave","href":"https:\/\/api.w.org\/{rel}","templated":true}]}}