{"id":20018,"date":"2025-10-24T10:36:39","date_gmt":"2025-10-24T08:36:39","guid":{"rendered":"https:\/\/ritosa.click.si\/?post_type=product&#038;p=20018"},"modified":"2026-02-12T12:29:36","modified_gmt":"2026-02-12T11:29:36","slug":"kolesarska-majica-elan-petrol","status":"publish","type":"product","link":"https:\/\/ritosa.click.si\/it\/negozio\/kolesarstvo\/kolesarska-oprema\/kolesarska-oblacila\/moska-oblacila\/moske-majice\/kolesarska-majica-elan-petrol\/","title":{"rendered":"Maglietta da ciclismo Elan"},"content":{"rendered":"<div class=\"product attribute overview\">\n<div class=\"value\">\n<p>La maglia da ciclismo da uomo Elan offre tutto ci\u00f2 di cui gli appassionati di gravel hanno bisogno per lunghe e impegnative avventure ciclistiche. Il perfetto equilibrio tra comfort, traspirabilit\u00e0 e flessibilit\u00e0 garantisce il benessere durante la pedalata. La vestibilit\u00e0 aderente garantisce comfort e prestazioni, mentre la cerniera a tutta lunghezza garantisce traspirabilit\u00e0 e regolazione della temperatura. La maglia \u00e8 dotata di tre tasche posteriori per gli oggetti essenziali e di una tasca con cerniera per riporre in sicurezza oggetti di valore come chiavi o cellulare. Un elastico in vita con silicone antiscivolo mantiene la maglia in posizione indipendentemente dall&#039;intensit\u00e0 della pedalata. Le cuciture nastrate sulle maniche aumentano il comfort e riducono gli sfregamenti, aspetto particolarmente importante quando si pedala per diverse ore. Gli elementi riflettenti aumentano la visibilit\u00e0 e la sicurezza in condizioni di scarsa illuminazione.<\/p>\n<\/div>\n<\/div>\n<div class=\"product attribute description\">\n<div class=\"value\">\n<div data-content-type=\"html\" data-appearance=\"default\" data-element=\"main\" data-decoded=\"true\">\n<div class=\"pdp-attributes__collapsible allow active\" role=\"tab\" data-role=\"collapsible\" data-collapsible=\"true\" aria-expanded=\"true\">\n<div class=\"pdp-attributes__trigger\" data-role=\"trigger\">\n<p class=\"pdp-attributes__title\"><strong>Caratteristiche principali<\/strong><\/p>\n<div class=\"pdp-attributes__content\" role=\"tabpanel\" data-role=\"content\" aria-hidden=\"false\">\n<div class=\"pdp-attributes__sustainability\">\n<ul class=\"checkmark\">\n<li>Cerniera a tutta lunghezza sul davanti<\/li>\n<li>Tre tasche posteriori<\/li>\n<li>Tasca posteriore con cerniera<\/li>\n<li>Cintura elastica con silicone antiscivolo<\/li>\n<li>Cuciture delle maniche nastrate<\/li>\n<li>Tessuto leggero, ad asciugatura rapida ed elastico<\/li>\n<li>Elementi di design riflettenti<\/li>\n<li>Ottimizzato per l&#039;aerodinamica<\/li>\n<li>Comodo e dalla vestibilit\u00e0 perfetta<\/li>\n<li>MATERIALE: Poliestere 100%<\/li>\n<\/ul>\n<\/div>\n<\/div>\n<\/div>\n<\/div>\n<\/div>\n<\/div>\n<\/div>","protected":false},"excerpt":{"rendered":"<p>Preparati al massimo comfort e al look perfetto in bici con la maglia da ciclismo Elan! Il tessuto leggero e traspirante allontana perfettamente l&#039;umidit\u00e0, mentre la vestibilit\u00e0 aderente e le tasche con cerniera garantiscono comfort e praticit\u00e0.<\/p>","protected":false},"featured_media":20021,"template":"","meta":{"_acf_changed":false,"inline_featured_image":false},"product_brand":[677],"product_cat":[622],"product_tag":[1946,1991,1990,1993,1992,1200],"class_list":{"0":"post-20018","1":"product","2":"type-product","3":"status-publish","4":"has-post-thumbnail","6":"product_brand-elan","7":"product_cat-moske-majice","8":"product_tag-elan","9":"product_tag-kolesarska-majica","10":"product_tag-kolesarska-majica-elan","11":"product_tag-kolesarska-majica-elan-petrol","12":"product_tag-majica-elan","13":"product_tag-moski","14":"pa_velikost-l","15":"pa_velikost-xl","16":"pa_velikost-xxl","17":"pa_velikost-xxxl","19":"first","20":"instock","21":"sale","22":"taxable","23":"shipping-taxable","24":"purchasable","25":"product-type-variable"},"acf":[],"_links":{"self":[{"href":"https:\/\/ritosa.click.si\/it\/wp-json\/wp\/v2\/product\/20018","targetHints":{"allow":["GET"]}}],"collection":[{"href":"https:\/\/ritosa.click.si\/it\/wp-json\/wp\/v2\/product"}],"about":[{"href":"https:\/\/ritosa.click.si\/it\/wp-json\/wp\/v2\/types\/product"}],"wp:featuredmedia":[{"embeddable":true,"href":"https:\/\/ritosa.click.si\/it\/wp-json\/wp\/v2\/media\/20021"}],"wp:attachment":[{"href":"https:\/\/ritosa.click.si\/it\/wp-json\/wp\/v2\/media?parent=20018"}],"wp:term":[{"taxonomy":"product_brand","embeddable":true,"href":"https:\/\/ritosa.click.si\/it\/wp-json\/wp\/v2\/product_brand?post=20018"},{"taxonomy":"product_cat","embeddable":true,"href":"https:\/\/ritosa.click.si\/it\/wp-json\/wp\/v2\/product_cat?post=20018"},{"taxonomy":"product_tag","embeddable":true,"href":"https:\/\/ritosa.click.si\/it\/wp-json\/wp\/v2\/product_tag?post=20018"}],"curies":[{"name":"parola chiave","href":"https:\/\/api.w.org\/{rel}","templated":true}]}}