{"id":19796,"date":"2025-09-26T10:30:29","date_gmt":"2025-09-26T08:30:29","guid":{"rendered":"https:\/\/ritosa.click.si\/?post_type=product&#038;p=19796"},"modified":"2025-09-26T10:39:07","modified_gmt":"2025-09-26T08:39:07","slug":"torba-acid-2","status":"publish","type":"product","link":"https:\/\/ritosa.click.si\/it\/negozio\/kolesarstvo\/kolesarska-oprema\/dodatna-oprema-in-rezervni-deli\/torbice\/torba-acid-2\/","title":{"rendered":"Borsa ACID TopTube View CMPT"},"content":{"rendered":"<p data-start=\"151\" data-end=\"539\">La borsa ACID TopTube View CMPT \u00e8 ideale per riporre tutto ci\u00f2 che si desidera avere a portata di mano durante la pedalata. Si fissa rapidamente e facilmente al telaio della bici con tre cinghie in velcro e l&#039;ampio scomparto superiore con pellicola trasparente compatibile con touchscreen \u00e8 perfetto per utilizzare il navigatore del tuo smartphone. L&#039;accessorio pratico perfetto per i giri in citt\u00e0 o le gite del fine settimana.<\/p>\n<p data-start=\"469\" data-end=\"483\"><strong data-start=\"469\" data-end=\"483\">Caratteristiche:<\/strong><\/p>\n<ul>\n<li data-start=\"1089\" data-end=\"1131\">esterno durevole e resistente all&#039;usura<\/li>\n<li data-start=\"1134\" data-end=\"1162\">Senza PVC<\/li>\n<li data-start=\"1165\" data-end=\"1208\">elementi riflettenti per una migliore visibilit\u00e0<\/li>\n<li data-start=\"1211\" data-end=\"1260\">3 cinghie per riccio per la massima stabilit\u00e0<\/li>\n<li data-start=\"1263\" data-end=\"1305\">Estensione della cinghia per bici elettrica inclusa<\/li>\n<li data-start=\"1308\" data-end=\"1356\">copertura antipioggia per protezione in caso di maltempo<\/li>\n<li data-start=\"1359\" data-end=\"1459\">scomparto trasparente con pellicola touch, adatto a tutti gli smartphone fino a 17 \u00d7 8,5 cm (L \u00d7 P)<\/li>\n<li data-start=\"1462\" data-end=\"1538\">grande finestra: 17 \u00d7 9,0 cm (L \u00d7 P) \u2013 per una visibilit\u00e0 ottimale dello schermo<\/li>\n<li data-start=\"1541\" data-end=\"1593\">ideale per gite in citt\u00e0, tour pi\u00f9 lunghi e bikepacking<\/li>\n<li data-start=\"735\" data-end=\"780\">Dimensioni: (L \u00d7 P \u00d7 A) 170 \u00d7 95 \u00d7 90 mm<\/li>\n<li data-start=\"783\" data-end=\"808\">materiale: poliestere<\/li>\n<li data-start=\"811\" data-end=\"837\">capacit\u00e0: 1 litro<\/li>\n<\/ul>\n<p>&nbsp;<\/p>","protected":false},"excerpt":{"rendered":"<p>ACID TopTube View Borsa per tubo superiore CMPT<\/p>","protected":false},"featured_media":19800,"template":"","meta":{"_acf_changed":false,"inline_featured_image":false,"_monsterinsights_skip_tracking":false,"_monsterinsights_sitenote_active":false,"_monsterinsights_sitenote_note":"","_monsterinsights_sitenote_category":0},"product_brand":[1192],"product_cat":[517],"product_tag":[1586,1754,993,1755,914,1714,1756],"class_list":{"0":"post-19796","1":"product","2":"type-product","3":"status-publish","4":"has-post-thumbnail","6":"product_brand-cube","7":"product_cat-torbice","8":"product_tag-acid","9":"product_tag-acid-toptube-view-cmpt","10":"product_tag-cube","11":"product_tag-toptube-view-cmpt","12":"product_tag-torba","13":"product_tag-torba-za-na-kolo","14":"product_tag-torbica-za-na-zgornjo-cev-okvirja","16":"first","17":"instock","18":"sale","19":"taxable","20":"shipping-taxable","21":"purchasable","22":"product-type-simple"},"acf":[],"aioseo_notices":[],"_links":{"self":[{"href":"https:\/\/ritosa.click.si\/it\/wp-json\/wp\/v2\/product\/19796","targetHints":{"allow":["GET"]}}],"collection":[{"href":"https:\/\/ritosa.click.si\/it\/wp-json\/wp\/v2\/product"}],"about":[{"href":"https:\/\/ritosa.click.si\/it\/wp-json\/wp\/v2\/types\/product"}],"wp:featuredmedia":[{"embeddable":true,"href":"https:\/\/ritosa.click.si\/it\/wp-json\/wp\/v2\/media\/19800"}],"wp:attachment":[{"href":"https:\/\/ritosa.click.si\/it\/wp-json\/wp\/v2\/media?parent=19796"}],"wp:term":[{"taxonomy":"product_brand","embeddable":true,"href":"https:\/\/ritosa.click.si\/it\/wp-json\/wp\/v2\/product_brand?post=19796"},{"taxonomy":"product_cat","embeddable":true,"href":"https:\/\/ritosa.click.si\/it\/wp-json\/wp\/v2\/product_cat?post=19796"},{"taxonomy":"product_tag","embeddable":true,"href":"https:\/\/ritosa.click.si\/it\/wp-json\/wp\/v2\/product_tag?post=19796"}],"curies":[{"name":"parola chiave","href":"https:\/\/api.w.org\/{rel}","templated":true}]}}