{"id":19787,"date":"2025-09-26T10:16:05","date_gmt":"2025-09-26T08:16:05","guid":{"rendered":"https:\/\/ritosa.click.si\/?post_type=product&#038;p=19787"},"modified":"2025-09-26T10:26:12","modified_gmt":"2025-09-26T08:26:12","slug":"torba-acid","status":"publish","type":"product","link":"https:\/\/ritosa.click.si\/it\/negozio\/kolesarstvo\/kolesarska-oprema\/dodatna-oprema-in-rezervni-deli\/torbice\/torba-acid\/","title":{"rendered":"Borsa ACID PACK PRO 3"},"content":{"rendered":"<p data-start=\"108\" data-end=\"604\">L&#039;intera serie di borse da bikepacking PACK PRO \u00e8 stata sviluppata in collaborazione con bikepacker esperti. La PRO 3 \u00e8 la borsa da telaio di medie dimensioni di questa serie. La sua struttura saldata e priva di PVC \u00e8 impermeabile, mentre l&#039;esterno \u00e8 realizzato in materiale resistente e di facile manutenzione. Il sistema MOLLE offre un&#039;estrema flessibilit\u00e0 e permette di agganciare facilmente la borsa a diversi tipi di telaio. Le tasche laterali con cerniere scorrevoli sono ideali per riporre gli oggetti pi\u00f9 piccoli.<\/p>\n<p data-start=\"606\" data-end=\"904\">Anche il design degli interni \u00e8 stato curato con la stessa attenzione: numerose tasche interne offrono un&#039;eccellente organizzazione per attrezzi, pezzi di ricambio e altri oggetti, mentre i contrasti cromatici aiutano a trovare rapidamente gli oggetti. Gli elementi riflettenti migliorano la visibilit\u00e0 su strada in condizioni di scarsa illuminazione.<\/p>\n<p data-start=\"469\" data-end=\"483\"><strong data-start=\"469\" data-end=\"483\">Caratteristiche:<\/strong><\/p>\n<ul>\n<li data-start=\"1205\" data-end=\"1227\">costruzione saldata<\/li>\n<li data-start=\"1230\" data-end=\"1241\">impermeabile<\/li>\n<li data-start=\"1244\" data-end=\"1273\">esterno resistente all&#039;usura<\/li>\n<li data-start=\"1276\" data-end=\"1289\">Senza PVC<\/li>\n<li data-start=\"1292\" data-end=\"1346\">attacco flessibile con sistema MOLLE a 360\u00b0<\/li>\n<li data-start=\"1349\" data-end=\"1387\">elementi riflettenti su entrambi i lati<\/li>\n<li data-start=\"1390\" data-end=\"1417\">tasca laterale con cerniera<\/li>\n<li data-start=\"1420\" data-end=\"1469\">pi\u00f9 opzioni per attaccare gli oggetti all&#039;interno<\/li>\n<li data-start=\"1472\" data-end=\"1525\">Tasche interne con colore a contrasto per una ricerca pi\u00f9 facile<\/li>\n<li data-start=\"1528\" data-end=\"1548\">uso intuitivo<\/li>\n<li data-start=\"1551\" data-end=\"1571\">design personalizzato<\/li>\n<li data-start=\"1574\" data-end=\"1610\">adatto a vari tipi di telai<\/li>\n<li data-start=\"1289\" data-end=\"1305\">Dimensioni: (L x P x A) 47 x 6 x 13 cm<\/li>\n<li data-start=\"1289\" data-end=\"1305\">Materiale: TPU (poliuretano termoplastico)<\/li>\n<li data-start=\"1289\" data-end=\"1305\">Volume: 3 litri<\/li>\n<\/ul>","protected":false},"excerpt":{"rendered":"<p>Borsa da telaio per bici ACID PACK PRO 3<\/p>","protected":false},"featured_media":19795,"template":"","meta":{"_acf_changed":false,"inline_featured_image":false,"_monsterinsights_skip_tracking":false,"_monsterinsights_sitenote_active":false,"_monsterinsights_sitenote_note":"","_monsterinsights_sitenote_category":0},"product_brand":[1192],"product_cat":[517],"product_tag":[1586,1752,1742,993,1753,914,1714],"class_list":{"0":"post-19787","1":"product","2":"type-product","3":"status-publish","4":"has-post-thumbnail","6":"product_brand-cube","7":"product_cat-torbice","8":"product_tag-acid","9":"product_tag-acid-pack-pro-3","10":"product_tag-acid-trunk","11":"product_tag-cube","12":"product_tag-pack-pro-3","13":"product_tag-torba","14":"product_tag-torba-za-na-kolo","16":"first","17":"instock","18":"taxable","19":"shipping-taxable","20":"purchasable","21":"product-type-simple"},"acf":[],"aioseo_notices":[],"_links":{"self":[{"href":"https:\/\/ritosa.click.si\/it\/wp-json\/wp\/v2\/product\/19787","targetHints":{"allow":["GET"]}}],"collection":[{"href":"https:\/\/ritosa.click.si\/it\/wp-json\/wp\/v2\/product"}],"about":[{"href":"https:\/\/ritosa.click.si\/it\/wp-json\/wp\/v2\/types\/product"}],"wp:featuredmedia":[{"embeddable":true,"href":"https:\/\/ritosa.click.si\/it\/wp-json\/wp\/v2\/media\/19795"}],"wp:attachment":[{"href":"https:\/\/ritosa.click.si\/it\/wp-json\/wp\/v2\/media?parent=19787"}],"wp:term":[{"taxonomy":"product_brand","embeddable":true,"href":"https:\/\/ritosa.click.si\/it\/wp-json\/wp\/v2\/product_brand?post=19787"},{"taxonomy":"product_cat","embeddable":true,"href":"https:\/\/ritosa.click.si\/it\/wp-json\/wp\/v2\/product_cat?post=19787"},{"taxonomy":"product_tag","embeddable":true,"href":"https:\/\/ritosa.click.si\/it\/wp-json\/wp\/v2\/product_tag?post=19787"}],"curies":[{"name":"parola chiave","href":"https:\/\/api.w.org\/{rel}","templated":true}]}}