{"id":19771,"date":"2025-09-26T09:52:11","date_gmt":"2025-09-26T07:52:11","guid":{"rendered":"https:\/\/ritosa.click.si\/?post_type=product&#038;p=19771"},"modified":"2025-09-26T09:59:37","modified_gmt":"2025-09-26T07:59:37","slug":"torba-acid-trunk-8","status":"publish","type":"product","link":"https:\/\/ritosa.click.si\/it\/negozio\/kolesarstvo\/kolesarska-oprema\/dodatna-oprema-in-rezervni-deli\/torbice\/torba-acid-trunk-8\/","title":{"rendered":"Borsa ACID TRUNK 8 RILINK"},"content":{"rendered":"<p data-start=\"81\" data-end=\"467\">Con ACID TRUNK 8 RILink, fare la spesa in bici o prepararsi rapidamente per una gita del fine settimana \u00e8 facile. La borsa \u00e8 compatibile con tutte le borse laterali ACID e CUBE e dispone anche di una tracolla regolabile, per portarla con s\u00e9 in modo facile e comodo. Con i suoi elementi riflettenti, la tasca in rete e la pratica copertura antipioggia, la borsa ACID \u00e8 molto utile e semplifica le attivit\u00e0 quotidiane.<\/p>\n<p data-start=\"469\" data-end=\"483\"><strong data-start=\"469\" data-end=\"483\">Caratteristiche:<\/strong><\/p>\n<ul>\n<li data-start=\"487\" data-end=\"503\">copertura antipioggia<\/li>\n<li data-start=\"506\" data-end=\"537\">compatibile con i portapacchi ACID<\/li>\n<li data-start=\"540\" data-end=\"566\">tracolla regolabile<\/li>\n<li data-start=\"569\" data-end=\"587\">elementi riflettenti<\/li>\n<li data-start=\"590\" data-end=\"603\">tasca a rete<\/li>\n<li data-start=\"606\" data-end=\"627\">materiale: poliestere<\/li>\n<li data-start=\"606\" data-end=\"627\">Dimensioni: (L x P x A) 35 x 23 x 20 cm<\/li>\n<li data-start=\"606\" data-end=\"627\">Volume: 8 litri<\/li>\n<\/ul>","protected":false},"excerpt":{"rendered":"<p>Borsa da viaggio ACID TRUNK 8 RILINK<\/p>","protected":false},"featured_media":19783,"template":"","meta":{"_acf_changed":false,"inline_featured_image":false,"_monsterinsights_skip_tracking":false,"_monsterinsights_sitenote_active":false,"_monsterinsights_sitenote_note":"","_monsterinsights_sitenote_category":0},"product_brand":[1192],"product_cat":[517],"product_tag":[1586,1742,1746,993,1745,1744,914,1714,1743,1748,1747],"class_list":{"0":"post-19771","1":"product","2":"type-product","3":"status-publish","4":"has-post-thumbnail","6":"product_brand-cube","7":"product_cat-torbice","8":"product_tag-acid","9":"product_tag-acid-trunk","10":"product_tag-acid-trunk-8-rilink","11":"product_tag-cube","12":"product_tag-potovalna-torba","13":"product_tag-potovalna-torba-cube","14":"product_tag-torba","15":"product_tag-torba-za-na-kolo","16":"product_tag-torba-za-na-prtljaznik","17":"product_tag-trunk-8","18":"product_tag-trunk-8-rilink","20":"first","21":"instock","22":"sale","23":"taxable","24":"shipping-taxable","25":"purchasable","26":"product-type-simple"},"acf":[],"aioseo_notices":[],"_links":{"self":[{"href":"https:\/\/ritosa.click.si\/it\/wp-json\/wp\/v2\/product\/19771","targetHints":{"allow":["GET"]}}],"collection":[{"href":"https:\/\/ritosa.click.si\/it\/wp-json\/wp\/v2\/product"}],"about":[{"href":"https:\/\/ritosa.click.si\/it\/wp-json\/wp\/v2\/types\/product"}],"wp:featuredmedia":[{"embeddable":true,"href":"https:\/\/ritosa.click.si\/it\/wp-json\/wp\/v2\/media\/19783"}],"wp:attachment":[{"href":"https:\/\/ritosa.click.si\/it\/wp-json\/wp\/v2\/media?parent=19771"}],"wp:term":[{"taxonomy":"product_brand","embeddable":true,"href":"https:\/\/ritosa.click.si\/it\/wp-json\/wp\/v2\/product_brand?post=19771"},{"taxonomy":"product_cat","embeddable":true,"href":"https:\/\/ritosa.click.si\/it\/wp-json\/wp\/v2\/product_cat?post=19771"},{"taxonomy":"product_tag","embeddable":true,"href":"https:\/\/ritosa.click.si\/it\/wp-json\/wp\/v2\/product_tag?post=19771"}],"curies":[{"name":"parola chiave","href":"https:\/\/api.w.org\/{rel}","templated":true}]}}