{"id":19570,"date":"2025-09-19T16:28:10","date_gmt":"2025-09-19T14:28:10","guid":{"rendered":"https:\/\/ritosa.click.si\/?post_type=product&#038;p=19570"},"modified":"2025-09-19T16:31:16","modified_gmt":"2025-09-19T14:31:16","slug":"nosilec-bidona-acid-silink","status":"publish","type":"product","link":"https:\/\/ritosa.click.si\/it\/negozio\/kolesarstvo\/kolesarska-oprema\/dodatna-oprema-in-rezervni-deli\/nosilci-bidonov\/nosilec-bidona-acid-silink\/","title":{"rendered":"Portaborraccia ACID SILINK"},"content":{"rendered":"<p data-start=\"45\" data-end=\"297\">La nuova versione del portaborraccia CUBE SILink mantiene la borraccia saldamente in posizione, indipendentemente dal terreno su cui si pedala. \u00c8 realizzato interamente in plastica riciclata e pu\u00f2 essere montato anche sul reggisella CUBE SILink per la massima versatilit\u00e0.<\/p>\n<p data-start=\"299\" data-end=\"313\"><strong data-start=\"299\" data-end=\"313\">Caratteristiche:<\/strong><\/p>\n<ul>\n<li data-start=\"317\" data-end=\"354\">Nuovo design per una presa ancora pi\u00f9 sicura<\/li>\n<li data-start=\"357\" data-end=\"394\">Realizzato con materiali riciclati<\/li>\n<li data-start=\"397\" data-end=\"448\">Compatibile con l&#039;adattatore SILink per portaborraccia<\/li>\n<li data-start=\"451\" data-end=\"487\">Materiale: plastica riciclata<\/li>\n<li data-start=\"490\" data-end=\"506\">Peso: 42 g<\/li>\n<\/ul>","protected":false},"excerpt":{"rendered":"<p class=\"product_title entry-title elementor-heading-title elementor-size-default\">Portaborraccia ACID SILINK, nero opaco<\/p>","protected":false},"featured_media":19571,"template":"","meta":{"_acf_changed":false,"inline_featured_image":false,"_monsterinsights_skip_tracking":false,"_monsterinsights_sitenote_active":false,"_monsterinsights_sitenote_note":"","_monsterinsights_sitenote_category":0},"product_brand":[],"product_cat":[635],"product_tag":[1586,1593,1587,1585],"class_list":{"0":"post-19570","1":"product","2":"type-product","3":"status-publish","4":"has-post-thumbnail","6":"product_cat-nosilci-bidonov","7":"product_tag-acid","8":"product_tag-acid-silink","9":"product_tag-nosilec-bidona","10":"product_tag-nosilec-bidonou-acid","12":"first","13":"instock","14":"taxable","15":"shipping-taxable","16":"purchasable","17":"product-type-simple"},"acf":[],"aioseo_notices":[],"_links":{"self":[{"href":"https:\/\/ritosa.click.si\/it\/wp-json\/wp\/v2\/product\/19570","targetHints":{"allow":["GET"]}}],"collection":[{"href":"https:\/\/ritosa.click.si\/it\/wp-json\/wp\/v2\/product"}],"about":[{"href":"https:\/\/ritosa.click.si\/it\/wp-json\/wp\/v2\/types\/product"}],"wp:featuredmedia":[{"embeddable":true,"href":"https:\/\/ritosa.click.si\/it\/wp-json\/wp\/v2\/media\/19571"}],"wp:attachment":[{"href":"https:\/\/ritosa.click.si\/it\/wp-json\/wp\/v2\/media?parent=19570"}],"wp:term":[{"taxonomy":"product_brand","embeddable":true,"href":"https:\/\/ritosa.click.si\/it\/wp-json\/wp\/v2\/product_brand?post=19570"},{"taxonomy":"product_cat","embeddable":true,"href":"https:\/\/ritosa.click.si\/it\/wp-json\/wp\/v2\/product_cat?post=19570"},{"taxonomy":"product_tag","embeddable":true,"href":"https:\/\/ritosa.click.si\/it\/wp-json\/wp\/v2\/product_tag?post=19570"}],"curies":[{"name":"parola chiave","href":"https:\/\/api.w.org\/{rel}","templated":true}]}}