{"id":19426,"date":"2025-09-10T12:43:55","date_gmt":"2025-09-10T10:43:55","guid":{"rendered":"https:\/\/ritosa.click.si\/?post_type=product&#038;p=19426"},"modified":"2026-03-12T16:34:20","modified_gmt":"2026-03-12T15:34:20","slug":"bidon-camelbak-podium-062l-roza","status":"publish","type":"product","link":"https:\/\/ritosa.click.si\/it\/negozio\/kolesarstvo\/kolesarska-oprema\/dodatna-oprema-in-rezervni-deli\/bidoni\/bidon-camelbak-podium-062l-roza\/","title":{"rendered":"Borraccia CamelBak Podium 0,62 l \u2013 Rosa"},"content":{"rendered":"<p>La migliore borraccia per ciclisti. Anti-perdite e ottima adattabilit\u00e0 ai portaborraccia delle bici.<br \/>\nLa borraccia CamelBak Podium \u00e8 perfetta per tutti i ciclisti, cos\u00ec come per gli escursionisti e gli atleti amatoriali che necessitano di un&#039;idratazione costante. \u00c8 progettata per adattarsi saldamente alla maggior parte dei portabici.<br \/>\nIl tappo \u00e8 dotato di una valvola Jet Valve autosigillante che aumenta il flusso con un flusso elevato, riducendo al contempo fuoriuscite e schizzi. \u00c8 sempre aperto o chiuso con una semplice rotazione. Il tuo corpo sar\u00e0 adeguatamente idratato, migliorando al contempo le tue prestazioni. \u00c8 inoltre dotato della tecnologia Trutaste in polipropilene con materiali Hydroguard, cos\u00ec sentirai sempre il sapore dell&#039;acqua e di nient&#039;altro.<br \/>\nLa bottiglia ha un&#039;ampia apertura per versare, aggiungere bevande energetiche e ghiaccio, e consente una facile pulizia. Tutti i componenti sono facilmente separabili e possono essere lavati in lavastoviglie senza problemi.<br \/>\nLa bottiglia Podium \u00e8 priva di BPA, BPS e BPF.<\/p>\n<p>VANTAGGI<br \/>\n\u2013 La tecnologia Trutaste Hydoguard ti assicura il gusto della tua bevanda<br \/>\n\u2013 La bottiglia comprimibile consente un maggiore flusso d&#039;acqua<br \/>\n\u2013 Valvola a getto autochiudente senza perdite<br \/>\n\u2013 Adatto a tutti i portabici<br \/>\n\u2013 Coperchio universale compatibile con le borracce CamelBak Peak Fitness<br \/>\n\u2013 Pulizia in lavastoviglie<\/p>\n<p><strong>Descrizione tecnica<\/strong><\/p>\n<ul>\n<li>Formato 0,62l<\/li>\n<li>Peso 80 g<\/li>\n<\/ul>","protected":false},"excerpt":{"rendered":"<p>Borraccia CamelBak Podium da 0,62 l<\/p>","protected":false},"featured_media":19422,"template":"","meta":{"_acf_changed":false,"inline_featured_image":false},"product_brand":[1251],"product_cat":[636],"product_tag":[1475,1479,1478,1474,1477],"class_list":{"0":"post-19426","1":"product","2":"type-product","3":"status-publish","4":"has-post-thumbnail","6":"product_brand-camelbak","7":"product_cat-bidoni","8":"product_tag-bidon","9":"product_tag-bidon-camelbak","10":"product_tag-bidon-camelbak-podium","11":"product_tag-camelbak","12":"product_tag-camelbak-podium","14":"first","15":"instock","16":"sale","17":"taxable","18":"shipping-taxable","19":"purchasable","20":"product-type-simple"},"acf":[],"_links":{"self":[{"href":"https:\/\/ritosa.click.si\/it\/wp-json\/wp\/v2\/product\/19426","targetHints":{"allow":["GET"]}}],"collection":[{"href":"https:\/\/ritosa.click.si\/it\/wp-json\/wp\/v2\/product"}],"about":[{"href":"https:\/\/ritosa.click.si\/it\/wp-json\/wp\/v2\/types\/product"}],"wp:featuredmedia":[{"embeddable":true,"href":"https:\/\/ritosa.click.si\/it\/wp-json\/wp\/v2\/media\/19422"}],"wp:attachment":[{"href":"https:\/\/ritosa.click.si\/it\/wp-json\/wp\/v2\/media?parent=19426"}],"wp:term":[{"taxonomy":"product_brand","embeddable":true,"href":"https:\/\/ritosa.click.si\/it\/wp-json\/wp\/v2\/product_brand?post=19426"},{"taxonomy":"product_cat","embeddable":true,"href":"https:\/\/ritosa.click.si\/it\/wp-json\/wp\/v2\/product_cat?post=19426"},{"taxonomy":"product_tag","embeddable":true,"href":"https:\/\/ritosa.click.si\/it\/wp-json\/wp\/v2\/product_tag?post=19426"}],"curies":[{"name":"parola chiave","href":"https:\/\/api.w.org\/{rel}","templated":true}]}}