{"id":19414,"date":"2025-09-10T12:18:10","date_gmt":"2025-09-10T10:18:10","guid":{"rendered":"https:\/\/ritosa.click.si\/?post_type=product&#038;p=19414"},"modified":"2026-03-12T16:33:28","modified_gmt":"2026-03-12T15:33:28","slug":"bidon-camelbak-podium-chill","status":"publish","type":"product","link":"https:\/\/ritosa.click.si\/it\/negozio\/kolesarstvo\/kolesarska-oprema\/dodatna-oprema-in-rezervni-deli\/bidoni\/bidon-camelbak-podium-chill\/","title":{"rendered":"Borraccia CamelBak Podium CHILL 0,71 l"},"content":{"rendered":"<p>La struttura a doppia parete della borraccia Podium Chill mantiene l&#039;acqua fredda il doppio del tempo rispetto alle altre borracce. La scelta migliore per garantire un&#039;idratazione fresca e costante durante il ciclismo.<br \/>\nLa borraccia CamelBak Chill \u00e8 perfetta per chi apprezza l&#039;acqua fredda durante le proprie avventure in bicicletta. \u00c8 progettata con un isolamento termico che mantiene l&#039;acqua calda due volte pi\u00f9 a lungo rispetto ad altre borracce non isolate. La CamelBak Chill \u00e8 facile da spremere, permettendoti di bere pi\u00f9 acqua con meno sforzo.<br \/>\nIl coperchio \u00e8 dotato di una valvola Jet Valve autosigillante che aumenta il flusso d&#039;acqua riducendo al contempo fuoriuscite e schizzi. \u00c8 sempre aperto o chiuso con una semplice rotazione. Il tuo corpo sar\u00e0 adeguatamente idratato e le tue prestazioni su strada saranno migliori.<br \/>\nLa bottiglia ha un&#039;ampia apertura per versare, aggiungere bevande energetiche e ghiaccio, e consente una facile pulizia. Tutti i componenti sono facilmente separabili e possono essere lavati in lavastoviglie senza problemi. \u00c8 inoltre dotata della tecnologia Trutaste in polipropilene con materiali Hydroguard, cos\u00ec sentirai sempre il sapore dell&#039;acqua e di nient&#039;altro.<br \/>\n\u00c8 progettato per adattarsi in modo sicuro alla maggior parte dei portabici.<br \/>\nPodium Chill \u00e8 100% privo di BPA, BPS e BPF.<\/p>\n<p>VANTAGGI<br \/>\n\u2013 La tecnologia Trutaste Hydroguard ti assicura il gusto della tua bevanda<br \/>\n\u2013 Mantiene le bevande calde 2 volte pi\u00f9 a lungo<br \/>\n\u2013 La bottiglia comprimibile consente un maggiore flusso d&#039;acqua<br \/>\n\u2013 Valvola a getto autochiudente senza perdite<br \/>\n\u2013 Adatto a tutti i portabici<br \/>\n\u2013 Coperchio universale compatibile con le borracce CamelBak Peak Fitness<br \/>\n\u2013 Pulizia in lavastoviglie<\/p>\n<p><strong>Descrizione tecnica<\/strong><\/p>\n<ul>\n<li>Formato 0,71l<\/li>\n<li>Peso 130 g<\/li>\n<\/ul>","protected":false},"excerpt":{"rendered":"<p>Borraccia CamelBak Podium CHILL 0,71 l<\/p>","protected":false},"featured_media":19413,"template":"","meta":{"_acf_changed":false,"inline_featured_image":false,"_monsterinsights_skip_tracking":false,"_monsterinsights_sitenote_active":false,"_monsterinsights_sitenote_note":"","_monsterinsights_sitenote_category":0},"product_brand":[1251],"product_cat":[636],"product_tag":[1475,1479,1491,1474,1492,1493],"class_list":{"0":"post-19414","1":"product","2":"type-product","3":"status-publish","4":"has-post-thumbnail","6":"product_brand-camelbak","7":"product_cat-bidoni","8":"product_tag-bidon","9":"product_tag-bidon-camelbak","10":"product_tag-bidon-camelbak-podium-chill","11":"product_tag-camelbak","12":"product_tag-camelbak-podium-chill","13":"product_tag-podium-chill","15":"first","16":"instock","17":"sale","18":"taxable","19":"shipping-taxable","20":"purchasable","21":"product-type-simple"},"acf":[],"aioseo_notices":[],"_links":{"self":[{"href":"https:\/\/ritosa.click.si\/it\/wp-json\/wp\/v2\/product\/19414","targetHints":{"allow":["GET"]}}],"collection":[{"href":"https:\/\/ritosa.click.si\/it\/wp-json\/wp\/v2\/product"}],"about":[{"href":"https:\/\/ritosa.click.si\/it\/wp-json\/wp\/v2\/types\/product"}],"wp:featuredmedia":[{"embeddable":true,"href":"https:\/\/ritosa.click.si\/it\/wp-json\/wp\/v2\/media\/19413"}],"wp:attachment":[{"href":"https:\/\/ritosa.click.si\/it\/wp-json\/wp\/v2\/media?parent=19414"}],"wp:term":[{"taxonomy":"product_brand","embeddable":true,"href":"https:\/\/ritosa.click.si\/it\/wp-json\/wp\/v2\/product_brand?post=19414"},{"taxonomy":"product_cat","embeddable":true,"href":"https:\/\/ritosa.click.si\/it\/wp-json\/wp\/v2\/product_cat?post=19414"},{"taxonomy":"product_tag","embeddable":true,"href":"https:\/\/ritosa.click.si\/it\/wp-json\/wp\/v2\/product_tag?post=19414"}],"curies":[{"name":"parola chiave","href":"https:\/\/api.w.org\/{rel}","templated":true}]}}