{"id":19393,"date":"2025-09-10T11:56:57","date_gmt":"2025-09-10T09:56:57","guid":{"rendered":"https:\/\/ritosa.click.si\/?post_type=product&#038;p=19393"},"modified":"2026-03-12T13:14:28","modified_gmt":"2026-03-12T12:14:28","slug":"otroski-bidon-camelbak-flip-straw-04l-morski-psi","status":"publish","type":"product","link":"https:\/\/ritosa.click.si\/it\/negozio\/kolesarstvo\/kolesarska-oprema\/dodatna-oprema-in-rezervni-deli\/bidoni\/otroski-bidon-camelbak-flip-straw-04l-morski-psi\/","title":{"rendered":"Bottiglia per bambini CamelBak FLIP STRAW 0,4l Sharks"},"content":{"rendered":"<p>Ora le migliori bottiglie per i pi\u00f9 piccoli, realizzate in poliestere riciclato. La bottiglia CamelBak migliorata per bambini che NON gocciola e non si rovescia! La bottiglia CamelBak Kids \u00e8 progettata appositamente per bambini dai tre anni in su.<\/p>\n<p>\u00c8 abbastanza grande da stare nelle mani dei bambini piccoli. \u00c8 sicuro da usare e non presenta rischi di soffocamento, n\u00e9 parti di esso possono essere ingerite.<br \/>\nIl tappo della bottiglia \u00e8 composto da due parti. Il boccaglio rimovibile \u00e8 realizzato in silicone medico, che si apre quando lo si morde e si chiude automaticamente quando si smette di bere. Il boccaglio \u00e8 quindi perfetto, morbido e non troppo duro. Il materiale accuratamente selezionato ne dimostra ulteriormente la sicurezza, la durata e il rispetto per la salute. All&#039;interno della bottiglia \u00e8 presente una cannuccia rimovibile e pi\u00f9 rigida, che consente di bere senza doverla inclinare o ruotare; i bambini possono semplicemente tenerla dritta.<br \/>\nIl beccuccio \u00e8 anti-goccia e si ripiega facilmente nel coperchio. Anche se la bottiglia viene capovolta, non perder\u00e0 una goccia d&#039;acqua. Il coperchio della bottiglia consente inoltre di trasportarla con un solo dito.<\/p>\n<p>VANTAGGI:<br \/>\n\u2013 Realizzato in copoliestere Tritan riciclato 50%<br \/>\n\u2013 Progettato appositamente per le mani dei bambini<br \/>\n\u2013 Utilizzo della bottiglia con una sola mano<br \/>\n\u2013 Beccuccio brevettato con cannuccia anti-goccia<br \/>\n\u2013 La maniglia di facile presa consente di trasportare la bottiglia con una o due dita<br \/>\n\u2013 Bottiglia leggera, a prova di perdite e resistente che non si rompe se cade a terra<br \/>\n\u2013 L\u2019ampia apertura facilita il riempimento con acqua e altre bevande<br \/>\n\u2013 Pu\u00f2 essere utilizzato nei portabottiglie delle auto<br \/>\n\u2013 Coperchio universale compatibile con altre borracce CamelBak Eddy+ Kids, Chute Mag e Carry Cap<br \/>\n\u2013 Pulizia in lavastoviglie<\/p>","protected":false},"excerpt":{"rendered":"<p>Bottiglia per bambini CamelBak FLIP STRAW 0,4l Sharks<\/p>","protected":false},"featured_media":19401,"template":"","meta":{"_acf_changed":false,"inline_featured_image":false,"_monsterinsights_skip_tracking":false,"_monsterinsights_sitenote_active":false,"_monsterinsights_sitenote_note":"","_monsterinsights_sitenote_category":0},"product_brand":[1251],"product_cat":[636],"product_tag":[1487,1198,1485,1484,1483,1486],"class_list":{"0":"post-19393","1":"product","2":"type-product","3":"status-publish","4":"has-post-thumbnail","6":"product_brand-camelbak","7":"product_cat-bidoni","8":"product_tag-flasa-za-vaodo-za-otroke","9":"product_tag-otroci","10":"product_tag-otroski-bidon","11":"product_tag-otroski-bidon-camelbak","12":"product_tag-otroski-bidon-camelbak-flip-straw","13":"product_tag-steklenicka-za-otroke","15":"first","16":"instock","17":"sale","18":"taxable","19":"shipping-taxable","20":"purchasable","21":"product-type-simple"},"acf":[],"aioseo_notices":[],"_links":{"self":[{"href":"https:\/\/ritosa.click.si\/it\/wp-json\/wp\/v2\/product\/19393","targetHints":{"allow":["GET"]}}],"collection":[{"href":"https:\/\/ritosa.click.si\/it\/wp-json\/wp\/v2\/product"}],"about":[{"href":"https:\/\/ritosa.click.si\/it\/wp-json\/wp\/v2\/types\/product"}],"wp:featuredmedia":[{"embeddable":true,"href":"https:\/\/ritosa.click.si\/it\/wp-json\/wp\/v2\/media\/19401"}],"wp:attachment":[{"href":"https:\/\/ritosa.click.si\/it\/wp-json\/wp\/v2\/media?parent=19393"}],"wp:term":[{"taxonomy":"product_brand","embeddable":true,"href":"https:\/\/ritosa.click.si\/it\/wp-json\/wp\/v2\/product_brand?post=19393"},{"taxonomy":"product_cat","embeddable":true,"href":"https:\/\/ritosa.click.si\/it\/wp-json\/wp\/v2\/product_cat?post=19393"},{"taxonomy":"product_tag","embeddable":true,"href":"https:\/\/ritosa.click.si\/it\/wp-json\/wp\/v2\/product_tag?post=19393"}],"curies":[{"name":"parola chiave","href":"https:\/\/api.w.org\/{rel}","templated":true}]}}