{"id":19260,"date":"2025-09-01T15:41:26","date_gmt":"2025-09-01T13:41:26","guid":{"rendered":"https:\/\/ritosa.click.si\/?post_type=product&#038;p=19260"},"modified":"2026-03-12T16:54:54","modified_gmt":"2026-03-12T15:54:54","slug":"bidon-cube-flow-750","status":"publish","type":"product","link":"https:\/\/ritosa.click.si\/it\/negozio\/kolesarstvo\/kolesarska-oprema\/dodatna-oprema-in-rezervni-deli\/bidoni\/bidon-cube-flow-750\/","title":{"rendered":"Borraccia Flow 750 Cube"},"content":{"rendered":"<p data-start=\"54\" data-end=\"71\"><strong data-start=\"54\" data-end=\"71\">CUBE FLOW 750<\/strong><\/p>\n<p data-start=\"73\" data-end=\"403\">La bottiglia CUBE FLOW \u00e8 dotata di un rubinetto push-pull appositamente sviluppato e di un comodo e morbido beccuccio, nonch\u00e9 di un ampio tappo a vite per un facile riempimento e pulizia. Il corpo della bottiglia \u00e8 realizzato in plastica LDPE resistente e inodore.<\/p>\n<p data-start=\"405\" data-end=\"421\"><strong data-start=\"405\" data-end=\"421\">Caratteristiche:<\/strong><\/p>\n<ul>\n<li data-start=\"425\" data-end=\"459\">Beccuccio per bere comodo e morbido<\/li>\n<li data-start=\"462\" data-end=\"480\">Valvola push-pull<\/li>\n<li data-start=\"483\" data-end=\"528\">Grande tappo a vite per un riempimento ottimale<\/li>\n<li data-start=\"531\" data-end=\"557\">Materiale LDPE inodore<\/li>\n<li data-start=\"560\" data-end=\"570\">Senza BPA<\/li>\n<li data-start=\"573\" data-end=\"622\">Lavabile in lavastoviglie fino a 50\u00b0C<\/li>\n<li data-start=\"573\" data-end=\"622\">Trasparente<\/li>\n<li data-start=\"625\" data-end=\"641\">Materiale: LDPE<\/li>\n<li data-start=\"644\" data-end=\"669\">Volume: 0,75 litri<\/li>\n<li data-start=\"644\" data-end=\"669\">Peso: 87 g<\/li>\n<\/ul>","protected":false},"excerpt":{"rendered":"<p>Borraccia Cube Flow con capacit\u00e0 di 0,75 litri.<\/p>","protected":false},"featured_media":19261,"template":"","meta":{"_acf_changed":false,"inline_featured_image":false},"product_brand":[1192],"product_cat":[636],"product_tag":[1338,1337],"class_list":{"0":"post-19260","1":"product","2":"type-product","3":"status-publish","4":"has-post-thumbnail","6":"product_brand-cube","7":"product_cat-bidoni","8":"product_tag-bidon-cube-flow-750-transparent","9":"product_tag-bidone-cube","11":"first","12":"instock","13":"sale","14":"taxable","15":"shipping-taxable","16":"purchasable","17":"product-type-simple"},"acf":[],"_links":{"self":[{"href":"https:\/\/ritosa.click.si\/it\/wp-json\/wp\/v2\/product\/19260","targetHints":{"allow":["GET"]}}],"collection":[{"href":"https:\/\/ritosa.click.si\/it\/wp-json\/wp\/v2\/product"}],"about":[{"href":"https:\/\/ritosa.click.si\/it\/wp-json\/wp\/v2\/types\/product"}],"wp:featuredmedia":[{"embeddable":true,"href":"https:\/\/ritosa.click.si\/it\/wp-json\/wp\/v2\/media\/19261"}],"wp:attachment":[{"href":"https:\/\/ritosa.click.si\/it\/wp-json\/wp\/v2\/media?parent=19260"}],"wp:term":[{"taxonomy":"product_brand","embeddable":true,"href":"https:\/\/ritosa.click.si\/it\/wp-json\/wp\/v2\/product_brand?post=19260"},{"taxonomy":"product_cat","embeddable":true,"href":"https:\/\/ritosa.click.si\/it\/wp-json\/wp\/v2\/product_cat?post=19260"},{"taxonomy":"product_tag","embeddable":true,"href":"https:\/\/ritosa.click.si\/it\/wp-json\/wp\/v2\/product_tag?post=19260"}],"curies":[{"name":"parola chiave","href":"https:\/\/api.w.org\/{rel}","templated":true}]}}