{"id":19166,"date":"2025-08-21T11:20:45","date_gmt":"2025-08-21T09:20:45","guid":{"rendered":"https:\/\/ritosa.click.si\/?post_type=product&#038;p=19166"},"modified":"2025-08-21T11:21:53","modified_gmt":"2025-08-21T09:21:53","slug":"scitniki-tempish-set","status":"publish","type":"product","link":"https:\/\/ritosa.click.si\/it\/negozio\/rolerji\/odrasli-rolerji\/scitniki-tempish-set\/","title":{"rendered":"Protettori Tempish \u2013 set"},"content":{"rendered":"<p>Il set di 3 protezioni per pattini TEMPISH TAKY offre una protezione sicura delle parti principali del corpo umano pi\u00f9 soggette a lesioni (tranne la testa e il casco). Il set \u00e8 composto da una polsiera, una ginocchiera e una gomitiera. La polsiera \u00e8 dotata di un&#039;imbottitura in plastica che protegge il polso dall&#039;interno da lesioni. La parte interna di tutte le protezioni \u00e8 realizzata in tessuto morbido che assorbe bene l&#039;umidit\u00e0 (sudore) e scivola delicatamente sulla pelle. La polsiera \u00e8 saldamente fissata con una cinghia pi\u00f9 sottile sul palmo e una cinghia pi\u00f9 larga sul polso con il logo TEMPISH. La scocca in plastica delle ginocchiere e delle gomitiere \u00e8 molto resistente e ha una perfetta forma anatomica, che garantisce una posizione stabile della protezione, comfort durante il pattinaggio e il movimento e un elevato livello di protezione contro le cadute. La parte in tessuto della protezione \u00e8 saldamente fissata a 3 paia di rivetti. La parte testurizzata della protezione \u00e8 composta da tre parti: la prima parte \u00e8 fissata con un elastico sopra l&#039;articolazione e si muove con essa.<\/p>\n<p>La seconda parte della protezione viene posizionata direttamente sull&#039;articolazione e la protegge in caso di impatto. La terza parte della protezione \u00e8 fissata con un elastico sotto l&#039;articolazione e si muove insieme alla parte sottostante. Questa struttura garantisce un movimento eccellente e la protezione riduce il blocco durante il movimento. Dopo un po&#039;, l&#039;utente non perde pi\u00f9 la protezione, poich\u00e9 si adatta naturalmente ai movimenti del pattinatore. Le protezioni sono dotate di una guaina che mantiene la protezione nella posizione corretta in caso di allentamento accidentale e allevia anche la pressione della cinghia sulla pelle. Le protezioni sono di un discreto colore nero, con piccole aggiunte di colore.<\/p>","protected":false},"excerpt":{"rendered":"<h4 class=\"product-meta__title heading h1\">Set di protezioni Tempish<\/h4>","protected":false},"featured_media":19170,"template":"","meta":{"_acf_changed":false,"inline_featured_image":false,"_monsterinsights_skip_tracking":false,"_monsterinsights_sitenote_active":false,"_monsterinsights_sitenote_note":"","_monsterinsights_sitenote_category":0},"product_brand":[1219],"product_cat":[584,583,521],"product_tag":[1233,1236,1229,1237,1234],"class_list":{"0":"post-19166","1":"product","2":"type-product","3":"status-publish","4":"has-post-thumbnail","6":"product_brand-tempish","7":"product_cat-odrasli-rolerji","8":"product_cat-otroski-rolerji","9":"product_cat-scitniki","10":"product_tag-scitniki-tempish","11":"product_tag-scitniki-za-odrasle","12":"product_tag-scitniki-za-rolanje","13":"product_tag-set-scitnikov","14":"product_tag-set-scitnikov-za-otroke","15":"pa_velikost-l","16":"pa_velikost-s","18":"first","19":"instock","20":"sale","21":"taxable","22":"shipping-taxable","23":"purchasable","24":"product-type-variable"},"acf":[],"aioseo_notices":[],"_links":{"self":[{"href":"https:\/\/ritosa.click.si\/it\/wp-json\/wp\/v2\/product\/19166","targetHints":{"allow":["GET"]}}],"collection":[{"href":"https:\/\/ritosa.click.si\/it\/wp-json\/wp\/v2\/product"}],"about":[{"href":"https:\/\/ritosa.click.si\/it\/wp-json\/wp\/v2\/types\/product"}],"wp:featuredmedia":[{"embeddable":true,"href":"https:\/\/ritosa.click.si\/it\/wp-json\/wp\/v2\/media\/19170"}],"wp:attachment":[{"href":"https:\/\/ritosa.click.si\/it\/wp-json\/wp\/v2\/media?parent=19166"}],"wp:term":[{"taxonomy":"product_brand","embeddable":true,"href":"https:\/\/ritosa.click.si\/it\/wp-json\/wp\/v2\/product_brand?post=19166"},{"taxonomy":"product_cat","embeddable":true,"href":"https:\/\/ritosa.click.si\/it\/wp-json\/wp\/v2\/product_cat?post=19166"},{"taxonomy":"product_tag","embeddable":true,"href":"https:\/\/ritosa.click.si\/it\/wp-json\/wp\/v2\/product_tag?post=19166"}],"curies":[{"name":"parola chiave","href":"https:\/\/api.w.org\/{rel}","templated":true}]}}