{"id":18961,"date":"2025-07-14T11:15:03","date_gmt":"2025-07-14T09:15:03","guid":{"rendered":"https:\/\/ritosa.click.si\/?post_type=product&#038;p=18961"},"modified":"2026-03-18T15:11:48","modified_gmt":"2026-03-18T14:11:48","slug":"cube-acid-200-disc","status":"publish","type":"product","link":"https:\/\/ritosa.click.si\/it\/negozio\/kolesarstvo\/kolesa\/otroska-kolesa\/20\/cube-acid-200-disc\/","title":{"rendered":"CUBE ACID 200 DISC"},"content":{"rendered":"<p><strong>Cube Acid 200 Disc<\/strong>\u00a0\u00e8 una bici per bambini realizzata con gli stessi tubi in alluminio 6061 trattati termicamente delle bici per adulti Cube. Il telaio \u00e8 robusto quanto una mountain bike di dimensioni normali, ma con il peso e le proporzioni giuste per un bambino.<\/p>\n<p>La maneggevolezza \u00e8 progettata per essere divertente e ispirare sicurezza; inoltre, \u00e8 stato aggiunto un supporto del deragliatore sostituibile, cos\u00ec un urto non comporta necessariamente una riparazione costosa.<\/p>\n<p><em>Il Cube Acid 200 \u00e8 ideale per bambini con un'altezza compresa tra 111 e 124 cm e una lunghezza interna della gamba tra 49 e 57 cm.<\/em><\/p>\n<p><em>Capacit\u00e0 di carico massima (incluso il peso della bici): 40 kg<\/em><\/p>\n<p><strong>Specifiche<\/strong><\/p>\n<ul>\n<li><strong>Telaio<\/strong>: Alluminio Lite 6061<\/li>\n<li><strong>Forchetta<\/strong>: Forcella rigida in alluminio<\/li>\n<li><strong>Cuscinetto della forcella<\/strong>: CUBE A-Headset<\/li>\n<li><strong>Supporto manubrio<\/strong>: CUBE Alluminio Lite<\/li>\n<li><strong>Volante<\/strong>: CUBE Alluminio Lite, 560mm<\/li>\n<li><strong>Manubrio \/ Nastro manubrio<\/strong>: Bambini ACID<\/li>\n<li><strong>deragliatore posteriore<\/strong>: Shimano RD-TY300, 7 marce<\/li>\n<li><strong>Leve del cambio<\/strong>: Shimano SL-RS45, Revo Shift<\/li>\n<li><strong>Freni<\/strong>: Shimano BR-MT200, freni a disco idraulici (160\/160)<\/li>\n<li><strong>asse motore<\/strong>: Thun PASO-ML BSA<\/li>\n<li><strong>Autista<\/strong>: Prowheel A105, 32T, 114mm con paracatena<\/li>\n<li><strong>Pedali<\/strong>: CUBE Kid<\/li>\n<li><strong>Catena<\/strong>: KMC Z8.3<\/li>\n<li><strong>Cassetta<\/strong>: Sunrace MFM300.7, 13-34T<\/li>\n<li><strong>Mozzo anteriore<\/strong>: CUBE Alluminio Disco 6 bulloni, 28H<\/li>\n<li><strong>Mozzo posteriore<\/strong>: CUBE Alluminio Disco 6 bulloni, 28H<\/li>\n<li><strong>Cerchi \/ Ruote<\/strong>: CUBO DB29<\/li>\n<li><strong>Coperture<\/strong>: Meghna, 2.1<\/li>\n<li><strong>Posto a sedere<\/strong>: CUBE Kid<\/li>\n<li><strong>Supporto del sedile<\/strong>: CUBE Alluminio Lite<\/li>\n<li><strong>Morsetto reggisella<\/strong>: CUBE Varioclose, 31,8 mm<\/li>\n<li><strong>Campana<\/strong>: ACIDO<\/li>\n<li><strong>Peso<\/strong>: <strong>9,4 kg<\/strong><\/li>\n<\/ul>","protected":false},"excerpt":{"rendered":"<p>Bicicletta per bambini 20\u201d Cube Acid 200 Disc Galactic &#039;n&#039; Cyan<\/p>","protected":false},"featured_media":18965,"template":"","meta":{"_acf_changed":false,"inline_featured_image":false,"_monsterinsights_skip_tracking":false,"_monsterinsights_sitenote_active":false,"_monsterinsights_sitenote_note":"","_monsterinsights_sitenote_category":0},"product_brand":[1192],"product_cat":[646],"product_tag":[1198,1202,1007],"class_list":{"0":"post-18961","1":"product","2":"type-product","3":"status-publish","4":"has-post-thumbnail","6":"product_brand-cube","7":"product_cat-646","8":"product_tag-otroci","9":"product_tag-otroska-kolesa","10":"product_tag-otrosko-kolo","12":"first","13":"instock","14":"taxable","15":"shipping-taxable","16":"purchasable","17":"product-type-simple"},"acf":[],"aioseo_notices":[],"_links":{"self":[{"href":"https:\/\/ritosa.click.si\/it\/wp-json\/wp\/v2\/product\/18961","targetHints":{"allow":["GET"]}}],"collection":[{"href":"https:\/\/ritosa.click.si\/it\/wp-json\/wp\/v2\/product"}],"about":[{"href":"https:\/\/ritosa.click.si\/it\/wp-json\/wp\/v2\/types\/product"}],"wp:featuredmedia":[{"embeddable":true,"href":"https:\/\/ritosa.click.si\/it\/wp-json\/wp\/v2\/media\/18965"}],"wp:attachment":[{"href":"https:\/\/ritosa.click.si\/it\/wp-json\/wp\/v2\/media?parent=18961"}],"wp:term":[{"taxonomy":"product_brand","embeddable":true,"href":"https:\/\/ritosa.click.si\/it\/wp-json\/wp\/v2\/product_brand?post=18961"},{"taxonomy":"product_cat","embeddable":true,"href":"https:\/\/ritosa.click.si\/it\/wp-json\/wp\/v2\/product_cat?post=18961"},{"taxonomy":"product_tag","embeddable":true,"href":"https:\/\/ritosa.click.si\/it\/wp-json\/wp\/v2\/product_tag?post=18961"}],"curies":[{"name":"parola chiave","href":"https:\/\/api.w.org\/{rel}","templated":true}]}}