{"id":18858,"date":"2025-07-12T12:22:00","date_gmt":"2025-07-12T10:22:00","guid":{"rendered":"https:\/\/ritosa.click.si\/?post_type=product&#038;p=18858"},"modified":"2026-03-13T16:49:36","modified_gmt":"2026-03-13T15:49:36","slug":"poganjalec-weezee-2","status":"publish","type":"product","link":"https:\/\/ritosa.click.si\/it\/negozio\/kolesarstvo\/kolesa\/otroska-kolesa\/otroski-poganjalci\/poganjalec-weezee-2\/","title":{"rendered":"Bici senza pedali Weezee"},"content":{"rendered":"<p><strong>Poggiapiedi<\/strong>\u00a0\u2013 Progettato con cura per offrire al tuo bambino una guida pi\u00f9 confortevole e uno sviluppo naturale dell&#039;equilibrio. Con il suo aiuto, il tuo piccolo impara intuitivamente a mantenere la corretta posizione del corpo, il che contribuisce a una maggiore stabilit\u00e0 e sicurezza durante la guida.<\/p>\n<p><strong>Sedile ergonomico<\/strong>\u00a0con altezze contrassegnate per una regolazione ottimale. L&#039;altezza minima della seduta \u00e8 di soli 31 cm, il che sposta il baricentro pi\u00f9 in basso, facilitando il raggiungimento del suolo e il mantenimento dell&#039;equilibrio da parte dei bambini.<\/p>\n<p><strong>Ruote in schiuma EVA<\/strong>, che non necessitano di gonfiaggio, il che significa meno manutenzione e maggiore resistenza alle forature.<\/p>\n<p><strong>Rondella arrotondata e vite senza spigoli vivi<\/strong>\u00a0garantisce il massimo livello di sicurezza per i bambini.<\/p>\n<p><strong>manopole del manubrio<\/strong>\u00a0Realizzati in gomma antiscivolo con ulteriore protezione estesa sui lati dei palmi dei bambini.<\/p>\n<p><strong>Limitatore di sterzo<\/strong>\u00a0riduce il rischio di lesioni impedendo improvvise ed eccessive rotazioni del volante.<\/p>\n<p>Quadro innovativo \u2013\u00a0<strong>telaio in alluminio estremamente leggero<\/strong>Il telaio anodizzato offre ulteriore protezione e resistenza ai graffi, rendendolo durevole e adatto a un uso prolungato. Il design a basso profilo facilita la salita e la discesa del bambino dal passeggino.<\/p>\n<p>Le unit\u00e0 Weezee pesano solo\u00a0<strong>2,45 kg<\/strong>, il che li rende tra i pi\u00f9 leggeri sul mercato. Grazie al loro peso ridotto, bambini e genitori possono trasportarli e spostarli facilmente.<\/p>\n<p>E la cosa migliore \u00e8 che, per la massima tranquillit\u00e0, il telaio di guida \u00e8 accompagnato da\u00a0<strong>garanzia limitata a vita<\/strong>, perch\u00e9 crediamo nella sua qualit\u00e0 e durata.<\/p>\n<h4>Specifiche tecniche<\/h4>\n<p>Materiali<\/p>\n<ul>\n<li>Telaio: alluminio 6062, anodizzato<\/li>\n<li>Reggisella: alluminio 6062<\/li>\n<li>Manubrio: alluminio 6062<\/li>\n<li>Forcella: alluminio 6062, anodizzato<\/li>\n<\/ul>\n<p>Peso: 2,45 kg<\/p>\n<p>Biciclette<\/p>\n<ul>\n<li>Realizzato in schiuma EVA<\/li>\n<li>Permettono una guida facile e confortevole senza bisogno di gonfiaggio<\/li>\n<li>Diametro ruota: 29 cm<\/li>\n<\/ul>\n<p>Sedile ergonomico e regolabile (con indicazione dell&#039;altezza)<\/p>\n<ul>\n<li>Altezza minima della seduta: 31 cm<\/li>\n<li>Altezza massima della seduta: 41 cm<\/li>\n<\/ul>\n<p>Telaio e forcella anodizzati:<\/p>\n<ul>\n<li>Maggiore resistenza ai graffi, alla corrosione e agli agenti atmosferici<\/li>\n<li>Stabilit\u00e0 del colore a lunga durata<\/li>\n<\/ul>\n<p>Weezee \u00e8 estremamente leggero, resistente e perfetto per i piccoli avventurieri.<\/p>\n<div><em>I colori nelle foto potrebbero differire leggermente da quelli reali, ma dal vivo sono ancora pi\u00f9 vivaci e belli.<\/em><\/div>\n<div>\n<p><strong>AVVERTENZE<\/strong><\/p>\n<ul>\n<li><strong><em>\u00c8 obbligatorio indossare dispositivi di protezione individuale (casco, polsiere, gomitiere e ginocchiere).<\/em><\/strong><\/li>\n<li><strong><em>L&#039;articolo non \u00e8 adatto all&#039;uso nel traffico!<\/em><\/strong><\/li>\n<li><strong><em>Prima dell&#039;uso, leggere attentamente le istruzioni per l&#039;uso e le avvertenze.<\/em><\/strong><\/li>\n<li><strong><em>Giocattolo<\/em>\u00a0<em>usare con cautela poich\u00e9 richiede molta abilit\u00e0 per evitare cadute o collisioni,\u00a0<\/em><em>che potrebbero causare lesioni all&#039;utente o a terzi.<\/em><\/strong><\/li>\n<\/ul>\n<\/div>","protected":false},"excerpt":{"rendered":"<p>La bicicletta senza pedali Weezee \u00e8 il compagno perfetto per il tuo bambino dai 2 ai 6 anni, cresce con lui e lo aiuta a esplorare e conquistare il mondo su due ruote!<\/p>\n<ul>\n<li>Estremamente leggero: solo 2,45 kg<\/li>\n<li>Garanzia a vita sul telaio in alluminio<\/li>\n<li>Poggiapiedi innovativo<\/li>\n<li>Progettato nell&#039;UE<\/li>\n<\/ul>","protected":false},"featured_media":21471,"template":"","meta":{"_acf_changed":false,"inline_featured_image":false,"_monsterinsights_skip_tracking":false,"_monsterinsights_sitenote_active":false,"_monsterinsights_sitenote_note":"","_monsterinsights_sitenote_category":0},"product_brand":[1205],"product_cat":[566],"product_tag":[1198,1202,1206,1207,1208],"class_list":{"0":"post-18858","1":"product","2":"type-product","3":"status-publish","4":"has-post-thumbnail","6":"product_brand-weezee","7":"product_cat-otroski-poganjalci","8":"product_tag-otroci","9":"product_tag-otroska-kolesa","10":"product_tag-otroski-poganjalci","11":"product_tag-poganjalci","12":"product_tag-weezee","13":"pa_barva-crna","14":"pa_barva-modra","15":"pa_barva-rdeca","16":"pa_barva-roza","18":"first","19":"instock","20":"sale","21":"taxable","22":"shipping-taxable","23":"purchasable","24":"product-type-variable"},"acf":[],"aioseo_notices":[],"_links":{"self":[{"href":"https:\/\/ritosa.click.si\/it\/wp-json\/wp\/v2\/product\/18858","targetHints":{"allow":["GET"]}}],"collection":[{"href":"https:\/\/ritosa.click.si\/it\/wp-json\/wp\/v2\/product"}],"about":[{"href":"https:\/\/ritosa.click.si\/it\/wp-json\/wp\/v2\/types\/product"}],"wp:featuredmedia":[{"embeddable":true,"href":"https:\/\/ritosa.click.si\/it\/wp-json\/wp\/v2\/media\/21471"}],"wp:attachment":[{"href":"https:\/\/ritosa.click.si\/it\/wp-json\/wp\/v2\/media?parent=18858"}],"wp:term":[{"taxonomy":"product_brand","embeddable":true,"href":"https:\/\/ritosa.click.si\/it\/wp-json\/wp\/v2\/product_brand?post=18858"},{"taxonomy":"product_cat","embeddable":true,"href":"https:\/\/ritosa.click.si\/it\/wp-json\/wp\/v2\/product_cat?post=18858"},{"taxonomy":"product_tag","embeddable":true,"href":"https:\/\/ritosa.click.si\/it\/wp-json\/wp\/v2\/product_tag?post=18858"}],"curies":[{"name":"parola chiave","href":"https:\/\/api.w.org\/{rel}","templated":true}]}}