{"id":14356,"date":"2025-06-11T12:49:49","date_gmt":"2025-06-11T12:49:49","guid":{"rendered":"https:\/\/ritosa.click.si\/?post_type=product&#038;p=14356"},"modified":"2026-03-12T12:40:41","modified_gmt":"2026-03-12T11:40:41","slug":"kolesarski-cevlji-zuatu-z001","status":"publish","type":"product","link":"https:\/\/ritosa.click.si\/it\/negozio\/kolesarstvo\/kolesarska-oprema\/kolesarski-cevlji\/kolesarski-cevlji-zuatu-z001\/","title":{"rendered":"Scarpe da ciclismo ZUATU Z001"},"content":{"rendered":"<p>Nastali so v sodelovanju med naprednim kitajskim proizvajalcem in elitnimi slovenskimi kolesarskimi prvaki,\u00a0ZUATU Z001\u00a0prina\u0161ajo kakovost na profesionalni ravni v vsako va\u0161o vo\u017enjo. S popolnim ravnovesjem med slogom, zmogljivostjo in dostopnostjo vas opolnomo\u010dijo, da vsak dan kolesarite kot profesionalec.<\/p>\n<p>Te\u017ea:\u00a0~ 213g (velikost 42) &#8211; manj kot 200 g brez vlo\u017ekov<\/p>\n<p>Podplat:\u00a0\u010colnasto oblikovan 3K karbonski podplat z zlatimi vlakni &#8211; lahek, izjemno tog in odporen na praske<\/p>\n<p>Zgornji del:\u00a0Mikrovlakna visoke gostote &#8211; trpe\u017ena, vodoodporna, zra\u010dna in hitro su\u0161e\u010da<\/p>\n<p>Podloga:\u00a0Mehka podloga iz mikro vlaken za udobje na dolgih vo\u017enjah<\/p>\n<p>Sistem zapiranja:\u00a0Dva zapiralna\u00a0gumba, za gladko upravljanje in hitro prilagajanje<\/p>\n<p>Zdru\u017eljivost s plo\u0161\u010dicami:\u00a0Titanski trojni sistem, zdru\u017eljiv z Wahoo\/Speedplay (vijaki so prilo\u017eeni)<\/p>\n<p>Inserti:<\/p>\n<ul>\n<li>Soletta ultraleggera e confortevole<\/li>\n<li>Inserto di supporto termoformabile (ideale per archi plantari alti\/collo del piede sottile)<\/li>\n<\/ul>\n<p>Velikosti:\u00a035\u201349 (na voljo v standardni, \u0161iroki in ozki \u0161irini)<\/p>\n<p><img fetchpriority=\"high\" decoding=\"async\" src=\"https:\/\/ritosa.si\/img\/cms\/Brez%20naslova_2.png\" alt=\"\" width=\"434\" height=\"362\" \/><\/p>","protected":false},"excerpt":{"rendered":"<div class=\"copy\">Le scarpe da ciclismo ZUATU Z001 combinano un design sofisticato, ispirato ai professionisti, con materiali di alta qualit\u00e0. Con una suola ultraleggera in carbonio 3K, chiusura a doppio bottone e tomaia in microfibra traspirante, offrono prestazioni competitive e comfort quotidiano. Ideali per ciclisti ambiziosi che desiderano una tecnologia professionale senza una calzata completamente personalizzata.<\/div>","protected":false},"featured_media":18943,"template":"","meta":{"_acf_changed":false,"inline_featured_image":false,"_monsterinsights_skip_tracking":false,"_monsterinsights_sitenote_active":false,"_monsterinsights_sitenote_note":"","_monsterinsights_sitenote_category":0},"product_brand":[1197],"product_cat":[549],"product_tag":[1780,1787,1806,1802,1804,1803],"class_list":{"0":"post-14356","1":"product","2":"type-product","3":"status-publish","4":"has-post-thumbnail","6":"product_brand-zuatu","7":"product_cat-kolesarski-cevlji","8":"product_tag-cevlji","9":"product_tag-kolesarski-cevlji","10":"product_tag-kolesarski-cevlji-zuatu","11":"product_tag-kolesarski-cevlji-zuatu-z001","12":"product_tag-zuatu","13":"product_tag-zuatu-z001","14":"pa_velikost-762","15":"pa_velikost-43-2","16":"pa_velikost-45-5","17":"pa_velikost-46-5","19":"first","20":"instock","21":"sale","22":"taxable","23":"shipping-taxable","24":"purchasable","25":"product-type-variable"},"acf":[],"aioseo_notices":[],"_links":{"self":[{"href":"https:\/\/ritosa.click.si\/it\/wp-json\/wp\/v2\/product\/14356","targetHints":{"allow":["GET"]}}],"collection":[{"href":"https:\/\/ritosa.click.si\/it\/wp-json\/wp\/v2\/product"}],"about":[{"href":"https:\/\/ritosa.click.si\/it\/wp-json\/wp\/v2\/types\/product"}],"wp:featuredmedia":[{"embeddable":true,"href":"https:\/\/ritosa.click.si\/it\/wp-json\/wp\/v2\/media\/18943"}],"wp:attachment":[{"href":"https:\/\/ritosa.click.si\/it\/wp-json\/wp\/v2\/media?parent=14356"}],"wp:term":[{"taxonomy":"product_brand","embeddable":true,"href":"https:\/\/ritosa.click.si\/it\/wp-json\/wp\/v2\/product_brand?post=14356"},{"taxonomy":"product_cat","embeddable":true,"href":"https:\/\/ritosa.click.si\/it\/wp-json\/wp\/v2\/product_cat?post=14356"},{"taxonomy":"product_tag","embeddable":true,"href":"https:\/\/ritosa.click.si\/it\/wp-json\/wp\/v2\/product_tag?post=14356"}],"curies":[{"name":"parola chiave","href":"https:\/\/api.w.org\/{rel}","templated":true}]}}