{"id":14342,"date":"2025-05-20T13:27:25","date_gmt":"2025-05-20T13:27:25","guid":{"rendered":"https:\/\/ritosa.click.si\/?post_type=product&#038;p=14342"},"modified":"2026-03-14T15:17:20","modified_gmt":"2026-03-14T14:17:20","slug":"cube-nuroad-pro-2025","status":"publish","type":"product","link":"https:\/\/ritosa.click.si\/it\/negozio\/kolesarstvo\/kolesa\/cestna-gravel-kolesa\/cube-nuroad-pro-2025\/","title":{"rendered":"CUBE NUROAD PRO"},"content":{"rendered":"<p><strong>CUBE NUROAD PRO<\/strong><\/p>\n<p>La CUBE Nuroad Pro \u00e8 la combinazione perfetta tra bici da strada, resistenza da ciclocross e versatilit\u00e0 da mountain bike. Questa bici gravel \u00e8 progettata per l&#039;esplorazione, indipendentemente dalla superficie: asfalto, ghiaia o sentieri forestali.<\/p>\n<p>Ispirata alle bici da strada e da ciclocross CUBE, ma con un pizzico di DNA MTB, la Nuroad Pro offre comfort, maneggevolezza e flessibilit\u00e0 eccezionali. Il telaio offre ampio spazio per pneumatici larghi (45 o 40 mm), per maggiore aderenza e comfort. Gli attacchi integrati per portapacchi, parafanghi e cavalletto la rendono facile da adattare alle esigenze quotidiane o alle avventure pi\u00f9 lunghe.<\/p>\n<p><strong>Caratteristiche principali:<\/strong><\/p>\n<ul>\n<li>Telaio in alluminio Superlite: design leggero, robusto ed elegante con morsetto reggisella integrato<\/li>\n<li>Forcella interamente in carbonio: smorza le vibrazioni provenienti dal terreno e consente l&#039;installazione di portapacchi lowrider<\/li>\n<li>Assali Thru-Axle: per una maggiore rigidit\u00e0 e una sterzata precisa anche su terreni impegnativi<\/li>\n<li>Cavi instradati internamente: protezione dallo sporco e maggiore durata del deragliatore<\/li>\n<li>Ampio spazio per gli pneumatici: fino a 45 mm di larghezza (40 mm con parafanghi) per il massimo comfort e trazione<\/li>\n<li>Ampia gamma di taglie (dalla XXS alla XL): vestibilit\u00e0 perfetta per quasi tutti i motociclisti<\/li>\n<li>Deragliatori Shimano e potenti freni a disco: cambiate precise e frenate sicure<\/li>\n<\/ul>\n<p><strong>Ideale per:<\/strong><\/p>\n<ul>\n<li>Guida su ghiaia<\/li>\n<li>Bikepacking e avventure<\/li>\n<li>Terreno misto (asfalto, ghiaia, sentieri forestali)<\/li>\n<li>Chi cerca una bici per tutto<\/li>\n<\/ul>\n<p><em>Capacit\u00e0 di carico massima (incluso il peso della bici): 115 kg<\/em><\/p>\n<h3><strong>Specifiche<\/strong><\/h3>\n<ul>\n<li><strong>Telaio<\/strong>: Alluminio 6061 T6 Superlite, geometria Gravel Comfort, disco Flat Mount, opzione parafango e portapacchi, 12\u00d7142 mm, AXH<\/li>\n<li><strong>Forchetta<\/strong>: Disco CUBE Nuroad Flat Mount, completamente in carbonio, conico 1 1\/8\u2033 \u2013 1 1\/4\u2033, supporti per parafanghi e portapacchi lowrider, 12\u00d7100 mm<\/li>\n<li><strong>Cuscinetto della forcella<\/strong>: VP Zt, Zero-Stack superiore 1 1\/8\u2033 (OD 44 mm), integrato inferiore 1 1\/4\u2033<\/li>\n<li><strong>Volante<\/strong>: Attacco manubrio CUBE Performance, 31,8 mm<\/li>\n<li><strong>Volante<\/strong>: Manubrio CUBE Gravel Race<\/li>\n<li><strong>Nastro manubrio<\/strong>: Nastro manubrio ACID CX<\/li>\n<li><strong>deragliatore posteriore<\/strong>: Shimano Cues RD-U6000-GS, 11 marce<\/li>\n<li><strong>Leve cambio\/freno<\/strong>: Stecche Shimano ST-U6030<\/li>\n<li><strong>Freni<\/strong>: Shimano Cues BR-U6030, freni a disco idraulici, Flat Mount (180\/180 mm)<\/li>\n<li><strong>Cuscinetto a manovella<\/strong>: Shimano BB-RS500PB, Pressfit<\/li>\n<li><strong>Autista<\/strong>: ACID Gravel Pro, 40 denti<\/li>\n<li><strong>Catena<\/strong>: KMC xGlide<\/li>\n<li><strong>Cassetta<\/strong>: Stecche Shimano CS-LG400, 11-50 denti<\/li>\n<li><strong>Cerchi\/ruote<\/strong>: CUBE GR 2.5 Disc, tubeless ready<\/li>\n<li><strong>Pneumatici<\/strong>: Schwalbe G-One Allround, 40-584 \/ 40-622<\/li>\n<li><strong>Posto a sedere<\/strong>: Venec Lite in forma naturale<\/li>\n<li><strong>Supporto del sedile<\/strong>: Reggisella CUBE Performance, 27,2 mm<\/li>\n<li><strong>Peso<\/strong>: 10,9 kg<\/li>\n<\/ul>","protected":false},"excerpt":{"rendered":"<p>Bici gravel Cube Nuroad Pro Night &#039;n&#039; Black<\/p>","protected":false},"featured_media":14347,"template":"","meta":{"_acf_changed":false,"inline_featured_image":false},"product_brand":[1192],"product_cat":[501],"product_tag":[],"class_list":{"0":"post-14342","1":"product","2":"type-product","3":"status-publish","4":"has-post-thumbnail","6":"product_brand-cube","7":"product_cat-cestna-gravel-kolesa","8":"pa_velikost-xl","10":"first","11":"instock","12":"sale","13":"taxable","14":"shipping-taxable","15":"purchasable","16":"product-type-variable"},"acf":[],"_links":{"self":[{"href":"https:\/\/ritosa.click.si\/it\/wp-json\/wp\/v2\/product\/14342","targetHints":{"allow":["GET"]}}],"collection":[{"href":"https:\/\/ritosa.click.si\/it\/wp-json\/wp\/v2\/product"}],"about":[{"href":"https:\/\/ritosa.click.si\/it\/wp-json\/wp\/v2\/types\/product"}],"wp:featuredmedia":[{"embeddable":true,"href":"https:\/\/ritosa.click.si\/it\/wp-json\/wp\/v2\/media\/14347"}],"wp:attachment":[{"href":"https:\/\/ritosa.click.si\/it\/wp-json\/wp\/v2\/media?parent=14342"}],"wp:term":[{"taxonomy":"product_brand","embeddable":true,"href":"https:\/\/ritosa.click.si\/it\/wp-json\/wp\/v2\/product_brand?post=14342"},{"taxonomy":"product_cat","embeddable":true,"href":"https:\/\/ritosa.click.si\/it\/wp-json\/wp\/v2\/product_cat?post=14342"},{"taxonomy":"product_tag","embeddable":true,"href":"https:\/\/ritosa.click.si\/it\/wp-json\/wp\/v2\/product_tag?post=14342"}],"curies":[{"name":"parola chiave","href":"https:\/\/api.w.org\/{rel}","templated":true}]}}