{"id":14335,"date":"2025-05-18T10:52:36","date_gmt":"2025-05-18T10:52:36","guid":{"rendered":"https:\/\/ritosa.click.si\/?post_type=product&#038;p=14335"},"modified":"2026-04-01T22:41:09","modified_gmt":"2026-04-01T20:41:09","slug":"rolerji-roces-otli-3x125","status":"publish","type":"product","link":"https:\/\/ritosa.click.si\/it\/negozio\/rolerji\/odrasli-rolerji\/rolerji-roces-otli-3x125\/","title":{"rendered":"Pattini in linea Roces OTLI 3\u00d7125"},"content":{"rendered":"<p>Roces OTLI 3X125 presenta una calotta esterna robusta, ma leggera e flessibile, che offre un&#039;elevata reattivit\u00e0. Presenta numerose aperture per una migliore ventilazione, che dissipa il calore in eccesso e previene l&#039;accumulo di umidit\u00e0. L&#039;ammortizzatore integrato rende la corsa ancora pi\u00f9 fluida e piacevole. Grazie a due fibbie e a un innovativo sistema di chiusura, il pattino pu\u00f2 essere allacciato rapidamente e con il minimo sforzo. La scarpetta interna \u00e8 anatomica e rivestita in memory foam che si adatta automaticamente al piede dell&#039;utente.<\/p>\n<h3>Caratteristiche:<\/h3>\n<p>\u2022 Scarpa esterna: polipropilene PP; calotta con presa d&#039;aria completa<br \/>\n\u2022 Chiusura: Due fibbie micrometriche, lacci<br \/>\n\u2022 Smorzamento: smorzatore integrato<br \/>\n\u2022 Scarpa interna: sagomata anatomicamente per una maggiore stabilit\u00e0<br \/>\n\u2022 Telaio: alluminio estruso<br \/>\n\u2022 Ruote: Roces 125mm 85A<br \/>\n\u2022 Cuscinetti: ABEC 9<br \/>\n\u2022 Distanziatori: Alluminio<br \/>\n\u2022 Freno: Incluso<\/p>","protected":false},"excerpt":{"rendered":"<p>Pattini in linea per adulti ROCES OTLI 3\u00d7125<\/p>\n<p><span style=\"color: #d0121a\">I numeri dei pattini in linea sono piccoli,\u00a0<span class=\"jCAhz ChMk0b\">con<\/span><span class=\"jCAhz ChMk0b\">Ti consigliamo di scegliere almeno una taglia in pi\u00f9 rispetto alla tua solita taglia di scarpe.<\/span><\/span><\/p>","protected":false},"featured_media":14341,"template":"","meta":{"_acf_changed":false,"inline_featured_image":false,"_monsterinsights_skip_tracking":false,"_monsterinsights_sitenote_active":false,"_monsterinsights_sitenote_note":"","_monsterinsights_sitenote_category":0},"product_brand":[684],"product_cat":[584],"product_tag":[],"class_list":{"0":"post-14335","1":"product","2":"type-product","3":"status-publish","4":"has-post-thumbnail","6":"product_brand-roces","7":"product_cat-odrasli-rolerji","8":"pa_velikost-41-2","9":"pa_velikost-43-2","10":"pa_velikost-766","11":"pa_velikost-45-2","12":"pa_velikost-773","14":"first","15":"instock","16":"sale","17":"taxable","18":"shipping-taxable","19":"purchasable","20":"product-type-variable"},"acf":[],"aioseo_notices":[],"_links":{"self":[{"href":"https:\/\/ritosa.click.si\/it\/wp-json\/wp\/v2\/product\/14335","targetHints":{"allow":["GET"]}}],"collection":[{"href":"https:\/\/ritosa.click.si\/it\/wp-json\/wp\/v2\/product"}],"about":[{"href":"https:\/\/ritosa.click.si\/it\/wp-json\/wp\/v2\/types\/product"}],"wp:featuredmedia":[{"embeddable":true,"href":"https:\/\/ritosa.click.si\/it\/wp-json\/wp\/v2\/media\/14341"}],"wp:attachment":[{"href":"https:\/\/ritosa.click.si\/it\/wp-json\/wp\/v2\/media?parent=14335"}],"wp:term":[{"taxonomy":"product_brand","embeddable":true,"href":"https:\/\/ritosa.click.si\/it\/wp-json\/wp\/v2\/product_brand?post=14335"},{"taxonomy":"product_cat","embeddable":true,"href":"https:\/\/ritosa.click.si\/it\/wp-json\/wp\/v2\/product_cat?post=14335"},{"taxonomy":"product_tag","embeddable":true,"href":"https:\/\/ritosa.click.si\/it\/wp-json\/wp\/v2\/product_tag?post=14335"}],"curies":[{"name":"parola chiave","href":"https:\/\/api.w.org\/{rel}","templated":true}]}}