{"id":14306,"date":"2025-05-16T18:53:02","date_gmt":"2025-05-16T18:53:02","guid":{"rendered":"https:\/\/ritosa.click.si\/?post_type=product&#038;p=14306"},"modified":"2026-03-22T13:30:56","modified_gmt":"2026-03-22T12:30:56","slug":"bianchi-sprint-icr-shimano-105-12s","status":"publish","type":"product","link":"https:\/\/ritosa.click.si\/it\/negozio\/kolesarstvo\/kolesa\/cestna-gravel-kolesa\/bianchi-sprint-icr-shimano-105-12s\/","title":{"rendered":"Bianchi Sprint ICR Shimano 105 12S"},"content":{"rendered":"<p><strong>Bianchi Sprint ICR Shimano 105 12S<\/strong><\/p>\n<p>Una bici da corsa premium che unisce design italiano e tecnologia moderna, pensata per i ciclisti che desiderano prestazioni al top senza compromessi. Questo modello \u00e8 ideale per chi cerca velocit\u00e0, comfort e versatilit\u00e0 su strada.<\/p>\n<p><strong>Caratteristiche:<\/strong><\/p>\n<ul>\n<li>Realizzata in carbonio leggero che offre un eccellente equilibrio tra rigidit\u00e0 e comfort. Il materiale consente un efficiente trasferimento di potenza alla strada, assorbendo al contempo le vibrazioni: ideale per le lunghe percorrenze.<\/li>\n<li>Il passaggio cavi \u00e8 interno, ovvero i cavi dei freni e del cambio sono nascosti all&#039;interno del telaio. Questo conferisce un aspetto elegante e aerodinamico, proteggendo al contempo i cavi da sporco e agenti atmosferici.<\/li>\n<li>Dotata del nuovissimo gruppo Shimano 105 a 12 velocit\u00e0, rinomato per la sua affidabilit\u00e0 e precisione. Il deragliatore offre una cambiata fluida e precisa e un&#039;ampia gamma di rapporti, adatta a qualsiasi terreno, dalle colline alla pianura.<\/li>\n<li>I freni a disco idraulici Shimano 105 garantiscono una frenata potente e affidabile in tutte le condizioni atmosferiche, migliorando la sicurezza e il controllo.<\/li>\n<\/ul>\n<p><em>L&#039;immagine \u00e8 simbolica. I componenti e i dettagli grafici potrebbero differire dal modello reale.<\/em><\/p>\n<h4><strong>Specifica<\/strong><\/h4>\n<p>Okvir: Sprint carbon monocoque, mehanski\/elektronski, BB PressFit 86,5&#215;41, krmilna cev 1.4&#8243;\u20131.5&#8243;, integrirana objemka sede\u017ea, full carbon dropout, Flat Mount disk zavore, thru axle 12&#215;142 mm, velikosti 47\u201361 cm<br data-start=\"229\" data-end=\"232\" \/>Vilica: Full Carbon Aero Road, 1.4&#8243;\u20131.5&#8243; integrirana, Flat Mount disk zavore, thru axle 12&#215;100 mm<br data-start=\"329\" data-end=\"332\" \/>Le\u017eaj vilice: ACROS &amp; FSA, za notranje vodenje kablov<br data-start=\"385\" data-end=\"388\" \/>Lula krmila: Velomann, aluminij 6061, kot -7\u00b0, dol\u017eine: 80 mm (47 cm), 90 mm (47\/50 cm), 100 mm (53 cm), 110 mm (55\/57 cm), 120 mm (59\/61 cm)<br data-start=\"529\" data-end=\"532\" \/>Krmilo: Velomann Compact, aluminij 6061, \u00d831,8 mm, reach 80 mm, drop 130 mm, \u0161irine: 400 mm (47\/53 cm), 420 mm (55\/59 cm), 440 mm (61 cm)<br data-start=\"669\" data-end=\"672\" \/>Trak krmila: Bianchi cork, \u010drn<br data-start=\"702\" data-end=\"705\" \/>Prednji menjalnik: Shimano 105 RD-R7100, direct attachment, max 36T<br data-start=\"767\" data-end=\"770\" \/>Zadnji menjalnik: Shimano 105 RD-R7100, direct attachment, max 36T<br data-start=\"831\" data-end=\"834\" \/>Ro\u010dice menjalnika\/zavor: Shimano 105 ST-R7120, BR-R7170, hidravli\u010dne disk zavore za 160 mm rotor<br data-start=\"930\" data-end=\"933\" \/>Zavore: Shimano, hidravli\u010dne disk zavore, integrirane v ro\u010dice<br data-start=\"995\" data-end=\"998\" \/>Rotor: Shimano SM-RT70, Center Lock, 160 mm<br data-start=\"1041\" data-end=\"1044\" \/>Gonilna os: Shimano SM-BB72-41B, PressFit za cestna kolesa<br data-start=\"1102\" data-end=\"1105\" \/>Gonilka: Shimano 105 12-stopenjska, dol\u017eine: 170 mm (47\/53 cm), 172,5 mm (55\/59 cm), 175 mm (61 cm)<br data-start=\"1204\" data-end=\"1207\" \/>Veriga: Shimano CN-M6100, 12-stopenjska<br data-start=\"1246\" data-end=\"1249\" \/>Kaseta: Shimano 105 CS-R7100, 11\u201334T (11-12-13-14-15-17-19-21-24-27-30-34T)<br data-start=\"1324\" data-end=\"1327\" \/>Obro\u010di \/ kolesa: Velomann aluminij, disk, profil 30 mm, pesta Team TC J-bend, napere 2 mm, clincher 622x19C, 12&#215;100 \/ 12&#215;142 mm<br data-start=\"1454\" data-end=\"1457\" \/>Pnevmatike: Vittoria Rubino IV G2.0 graphene, 700&#215;25, 60TPI<br data-start=\"1516\" data-end=\"1519\" \/>Sede\u017e: Velomann Seta<br data-start=\"1539\" data-end=\"1542\" \/>Sede\u017ena opora: Velomann aluminij 6061, 15 mm offset, 27,2 mm; dol\u017eine: 300 mm (47 cm), 350 mm (47\u201361 cm)<\/p>","protected":false},"excerpt":{"rendered":"<p>Bianchi Sprint ICR Road Bike Shimano 105 12S IC24R_SX<\/p>","protected":false},"featured_media":22066,"template":"","meta":{"_acf_changed":false,"inline_featured_image":false},"product_brand":[2276],"product_cat":[501],"product_tag":[],"class_list":{"0":"post-14306","1":"product","2":"type-product","3":"status-publish","4":"has-post-thumbnail","6":"product_brand-bianchi","7":"product_cat-cestna-gravel-kolesa","8":"pa_velikost-1182","10":"first","11":"instock","12":"sale","13":"taxable","14":"shipping-taxable","15":"purchasable","16":"product-type-variable"},"acf":[],"_links":{"self":[{"href":"https:\/\/ritosa.click.si\/it\/wp-json\/wp\/v2\/product\/14306","targetHints":{"allow":["GET"]}}],"collection":[{"href":"https:\/\/ritosa.click.si\/it\/wp-json\/wp\/v2\/product"}],"about":[{"href":"https:\/\/ritosa.click.si\/it\/wp-json\/wp\/v2\/types\/product"}],"wp:featuredmedia":[{"embeddable":true,"href":"https:\/\/ritosa.click.si\/it\/wp-json\/wp\/v2\/media\/22066"}],"wp:attachment":[{"href":"https:\/\/ritosa.click.si\/it\/wp-json\/wp\/v2\/media?parent=14306"}],"wp:term":[{"taxonomy":"product_brand","embeddable":true,"href":"https:\/\/ritosa.click.si\/it\/wp-json\/wp\/v2\/product_brand?post=14306"},{"taxonomy":"product_cat","embeddable":true,"href":"https:\/\/ritosa.click.si\/it\/wp-json\/wp\/v2\/product_cat?post=14306"},{"taxonomy":"product_tag","embeddable":true,"href":"https:\/\/ritosa.click.si\/it\/wp-json\/wp\/v2\/product_tag?post=14306"}],"curies":[{"name":"parola chiave","href":"https:\/\/api.w.org\/{rel}","templated":true}]}}