{"id":14294,"date":"2025-05-06T17:05:11","date_gmt":"2025-05-06T17:05:11","guid":{"rendered":"https:\/\/ritosa.click.si\/?post_type=product&#038;p=14294"},"modified":"2026-03-12T12:58:03","modified_gmt":"2026-03-12T11:58:03","slug":"kolesarski-cevlji-shimano-sh-me502","status":"publish","type":"product","link":"https:\/\/ritosa.click.si\/it\/negozio\/kolesarstvo\/kolesarska-oprema\/kolesarski-cevlji\/kolesarski-cevlji-shimano-sh-me502\/","title":{"rendered":"Scarpe da ciclismo SHIMANO SH-XC502"},"content":{"rendered":"<p>La tomaia \u00e8 realizzata in mesh e pelle sintetica, che offre comfort e traspirabilit\u00e0. L&#039;intersuola \u00e8 rinforzata con fibra di vetro, che aiuta a stabilizzare il piede e migliora il trasferimento di potenza per una maggiore efficienza. Ultread XC \u00e8 una suola in gomma leggera che offre un&#039;eccellente trazione su superfici asciutte e bagnate e una libert\u00e0 di movimento senza pensieri su terreni diversi. La suola \u00e8 realizzata in una mescola di gomma dura, estremamente resistente e antigraffio.<\/p>\n<p>Shimano ha sviluppato la tecnologia Dynalast, che ha migliorato il design della parte posteriore della scarpa e ottimizzato la forma del piede, consentendo una pedalata pi\u00f9 fluida ed efficiente e prevenendo la dispersione di energia nelle lunghe pedalate. Il sistema di chiusura migliorato Surround Wrapping Upper con rotelline BOA\u00ae L6 consente una regolazione ancora pi\u00f9 comoda e precisa delle scarpe da ciclismo.<\/p>\n<p>Caratteristiche:<br \/>\n-adatto per cross country e mountain bike<br \/>\n-comodo e durevole<br \/>\n- Attacco pedale SPD<br \/>\n- Tomaia avvolgente Surround con combinazione BOA\u00ae L6 per una chiusura rapida, comoda e precisa<br \/>\n-pelle sintetica ad alta densit\u00e0 con perforazioni migliora la vestibilit\u00e0 e la traspirabilit\u00e0<br \/>\n-intersuola rinforzata con fibra di vetro per un migliore trasferimento di potenza<br \/>\n-Utread XC offre un&#039;aderenza eccellente su terreni asciutti e bagnati<br \/>\n-rigidit\u00e0: 7\/12<br \/>\n-peso (taglia 42): 300 g<\/p>","protected":false},"excerpt":{"rendered":"<p>Le Shimano XC502 sono scarpe da ciclismo leggere e ad alte prestazioni, adatte al cross country o alla mountain bike.<\/p>","protected":false},"featured_media":19834,"template":"","meta":{"_acf_changed":false,"inline_featured_image":false,"_monsterinsights_skip_tracking":false,"_monsterinsights_sitenote_active":false,"_monsterinsights_sitenote_note":"","_monsterinsights_sitenote_category":0},"product_brand":[1189],"product_cat":[549],"product_tag":[1780,1787,1786,1799,1801,1794,1800],"class_list":{"0":"post-14294","1":"product","2":"type-product","3":"status-publish","4":"has-post-thumbnail","6":"product_brand-shimano","7":"product_cat-kolesarski-cevlji","8":"product_tag-cevlji","9":"product_tag-kolesarski-cevlji","10":"product_tag-kolesarski-cevlji-shimano","11":"product_tag-kolesarski-cevlji-shimano-sh-xc502","12":"product_tag-sh-xc502","13":"product_tag-shimano","14":"product_tag-shimano-sh-xc502","15":"pa_velikost-43-2","17":"first","18":"instock","19":"sale","20":"taxable","21":"shipping-taxable","22":"purchasable","23":"product-type-variable"},"acf":[],"aioseo_notices":[],"_links":{"self":[{"href":"https:\/\/ritosa.click.si\/it\/wp-json\/wp\/v2\/product\/14294","targetHints":{"allow":["GET"]}}],"collection":[{"href":"https:\/\/ritosa.click.si\/it\/wp-json\/wp\/v2\/product"}],"about":[{"href":"https:\/\/ritosa.click.si\/it\/wp-json\/wp\/v2\/types\/product"}],"wp:featuredmedia":[{"embeddable":true,"href":"https:\/\/ritosa.click.si\/it\/wp-json\/wp\/v2\/media\/19834"}],"wp:attachment":[{"href":"https:\/\/ritosa.click.si\/it\/wp-json\/wp\/v2\/media?parent=14294"}],"wp:term":[{"taxonomy":"product_brand","embeddable":true,"href":"https:\/\/ritosa.click.si\/it\/wp-json\/wp\/v2\/product_brand?post=14294"},{"taxonomy":"product_cat","embeddable":true,"href":"https:\/\/ritosa.click.si\/it\/wp-json\/wp\/v2\/product_cat?post=14294"},{"taxonomy":"product_tag","embeddable":true,"href":"https:\/\/ritosa.click.si\/it\/wp-json\/wp\/v2\/product_tag?post=14294"}],"curies":[{"name":"parola chiave","href":"https:\/\/api.w.org\/{rel}","templated":true}]}}