{"id":14283,"date":"2025-05-06T16:09:13","date_gmt":"2025-05-06T16:09:13","guid":{"rendered":"https:\/\/ritosa.click.si\/?post_type=product&#038;p=14283"},"modified":"2026-03-12T12:53:53","modified_gmt":"2026-03-12T11:53:53","slug":"kolesarski-cevlji-shimano-sh-rc302","status":"publish","type":"product","link":"https:\/\/ritosa.click.si\/it\/negozio\/kolesarstvo\/kolesarska-oprema\/kolesarski-cevlji\/kolesarski-cevlji-shimano-sh-rc302\/","title":{"rendered":"Scarpe da ciclismo SHIMANO SH-RC302"},"content":{"rendered":"<ul>\n<li>La versione aggiornata della RC302 unisce la tecnologia all&#039;avanguardia S-PHYRE da gara a un prezzo pi\u00f9 accessibile, offrendo comfort per tutto il giorno in una scarpa da strada leggera e ad alte prestazioni.<\/li>\n<li>Efficienza ottimale: la suola bassa e la nuova tomaia con sistema BOA e cinturino sul collo del piede forniscono una base stabile per la propulsione e una chiusura affidabile per un migliore trasferimento di potenza<\/li>\n<li>Traspirabilit\u00e0: la pelle sintetica con perforazioni posizionate appositamente aumenta la ventilazione e ti mantiene fresco e comodo durante la gara<\/li>\n<li>Vestibilit\u00e0 perfetta: la tomaia avvolgente si adatta a un&#039;ampia gamma di forme del piede e il quadrante di micro-regolazione BOA L6E consente una calzata personalizzata<\/li>\n<li>Ampia scelta: disponibile in tre colori e taglie standard 40-48 (e taglie estese 40-52), cos\u00ec tutti possono trovare il modello giusto per s\u00e9<\/li>\n<\/ul>","protected":false},"excerpt":{"rendered":"<p>Grazie alle sue numerose caratteristiche prestazionali, la RC302 \u00e8 una scarpa da strada dall&#039;ottimo rapporto qualit\u00e0-prezzo per l&#039;uso quotidiano. Progettata per offrire comfort e velocit\u00e0, combina un&#039;intersuola senza cuciture e una suola in nylon rinforzato con fibra di vetro per garantire rigidit\u00e0 e una piattaforma stabile per la propulsione.<\/p>","protected":false},"featured_media":14288,"template":"","meta":{"_acf_changed":false,"inline_featured_image":false,"_monsterinsights_skip_tracking":false,"_monsterinsights_sitenote_active":false,"_monsterinsights_sitenote_note":"","_monsterinsights_sitenote_category":0},"product_brand":[1189],"product_cat":[549],"product_tag":[1787,1786,1797,1794,1798],"class_list":{"0":"post-14283","1":"product","2":"type-product","3":"status-publish","4":"has-post-thumbnail","6":"product_brand-shimano","7":"product_cat-kolesarski-cevlji","8":"product_tag-kolesarski-cevlji","9":"product_tag-kolesarski-cevlji-shimano","10":"product_tag-kolesarski-cevlji-shimano-sh-rc302","11":"product_tag-shimano","12":"product_tag-shimano-sh-rc302","13":"pa_velikost-773","15":"first","16":"instock","17":"sale","18":"taxable","19":"shipping-taxable","20":"purchasable","21":"product-type-variable"},"acf":[],"aioseo_notices":[],"_links":{"self":[{"href":"https:\/\/ritosa.click.si\/it\/wp-json\/wp\/v2\/product\/14283","targetHints":{"allow":["GET"]}}],"collection":[{"href":"https:\/\/ritosa.click.si\/it\/wp-json\/wp\/v2\/product"}],"about":[{"href":"https:\/\/ritosa.click.si\/it\/wp-json\/wp\/v2\/types\/product"}],"wp:featuredmedia":[{"embeddable":true,"href":"https:\/\/ritosa.click.si\/it\/wp-json\/wp\/v2\/media\/14288"}],"wp:attachment":[{"href":"https:\/\/ritosa.click.si\/it\/wp-json\/wp\/v2\/media?parent=14283"}],"wp:term":[{"taxonomy":"product_brand","embeddable":true,"href":"https:\/\/ritosa.click.si\/it\/wp-json\/wp\/v2\/product_brand?post=14283"},{"taxonomy":"product_cat","embeddable":true,"href":"https:\/\/ritosa.click.si\/it\/wp-json\/wp\/v2\/product_cat?post=14283"},{"taxonomy":"product_tag","embeddable":true,"href":"https:\/\/ritosa.click.si\/it\/wp-json\/wp\/v2\/product_tag?post=14283"}],"curies":[{"name":"parola chiave","href":"https:\/\/api.w.org\/{rel}","templated":true}]}}