{"id":14214,"date":"2025-04-28T09:47:26","date_gmt":"2025-04-28T09:47:26","guid":{"rendered":"https:\/\/ritosa.click.si\/?post_type=product&#038;p=14214"},"modified":"2026-03-24T16:12:43","modified_gmt":"2026-03-24T15:12:43","slug":"alpina-brooklyn-2","status":"publish","type":"product","link":"https:\/\/ritosa.click.si\/it\/negozio\/kolesarstvo\/kolesarska-oprema\/kolesarske-celade\/odrasle-kolesarske-celade\/alpina-brooklyn-2\/","title":{"rendered":"Alpina Brooklyn"},"content":{"rendered":"<p>Il casco ALPINA BROOKLYN \u00e8 dotato di tecnologie avanzate e di una lunga serie di equipaggiamenti, per garantirti il massimo comfort e sicurezza in citt\u00e0. Il peso ridotto garantisce una vestibilit\u00e0 confortevole. La calotta superiore \u00e8 termosaldata all&#039;Hi-EPS. Questo si traduce in una connessione superficiale pi\u00f9 solida, che conferisce al casco un design estremamente solido. Il casco \u00e8 dotato di una fodera di altissima qualit\u00e0 che garantisce una calzata confortevole e ne enfatizza l&#039;aspetto. Allo stesso tempo, una visiera in tessuto \u00e8 integrata nel pannello frontale. Questo offre la migliore protezione nel campo visivo. Oltre alla vista, il casco Brooklyn si concentra anche sulla vista. Grazie alla luce integrata, puoi viaggiare in sicurezza anche di notte. Per garantire una perfetta vestibilit\u00e0 alla testa, il casco \u00e8 dotato del sistema Run Ergo Flex+ integrato, che consente di regolare la taglia con precisione. Le caratteristiche sono completate da passanti sui cinturini che possono essere utilizzati per fissare le cuffie. Con i suoi dettagli, il design pulito e la massima sicurezza possibile, l&#039;Alpina Brooklyn ti prepara per il tuo prossimo viaggio in citt\u00e0. Nella tua citt\u00e0. Di caff\u00e8 in caff\u00e8, di bar in bar, nel bel mezzo della vita.<\/p>\n<ul>\n<li>HI-EPS: Lo stampo interno dei caschi Alpina \u00e8 realizzato in HI-EPS (polistirene espandibile). Questo materiale \u00e8 composto da microscopici spazi d&#039;aria che assorbono efficacemente le forze generate dall&#039;impatto.<\/li>\n<li>Inmold Tec: nei caschi INMOLD, lo strato interno viene convertito in schiuma ad alta pressione e calore e incollato sotto lo strato esterno. Poich\u00e9 le parti interne ed esterne sono completamente collegate, i caschi INMOLD sono estremamente stabili e molto leggeri. Offrono inoltre una sicurezza significativamente maggiore rispetto ai caschi con incollaggio puntuale.<\/li>\n<li>CALOTTA IN CERAMICA: \u00e8 il nome della calotta esterna di tutti i caschi Alpina realizzata con il processo Inmold. \u00c8 un materiale sottile e leggero, estremamente resistente agli urti e ai graffi, contiene stabilizzatori UV ed \u00e8 antistatico.<\/li>\n<li>Run System Ergo Flex +: la manopola girevole posta sulla parte posteriore della testa consente di adattare facilmente la taglia del casco alla testa, garantendo una vestibilit\u00e0 perfetta e sicurezza.<\/li>\n<li>ERGOMATICA: la fibbia collaudata e collaudata \u00e8 utilizzata su tutti i caschi Alpina. Regolazione multistadio, azionabile con una sola mano. Inoltre, la fibbia non si slaccia da sola in caso di incidente.<\/li>\n<li>Y-CLIP: La clip a Y collega i cinturini anteriori e posteriori sotto le orecchie. Quando la clip \u00e8 slacciata, i cinturini possono essere facilmente riposizionati e regolati con precisione. Ci\u00f2 consente una vestibilit\u00e0 ottimale del casco.<\/li>\n<li>Il casco \u00e8 dotato di 6 canali di ventilazione, una visiera e passanti sulle cinghie che possono essere utilizzati per fissare le cuffie.<\/li>\n<li>Peso del casco: 290 g<\/li>\n<li>Luce posteriore inclusa<\/li>\n<\/ul>","protected":false},"excerpt":{"rendered":"<p>Casco da ciclismo ALPINA BROOKLYN<\/p>","protected":false},"featured_media":14216,"template":"","meta":{"_acf_changed":false,"inline_featured_image":false,"_monsterinsights_skip_tracking":false,"_monsterinsights_sitenote_active":false,"_monsterinsights_sitenote_note":"","_monsterinsights_sitenote_category":0},"product_brand":[678],"product_cat":[662],"product_tag":[],"class_list":{"0":"post-14214","1":"product","2":"type-product","3":"status-publish","4":"has-post-thumbnail","6":"product_brand-alpina","7":"product_cat-odrasle-kolesarske-celade","8":"pa_velikost-52-57","10":"first","11":"instock","12":"sale","13":"taxable","14":"shipping-taxable","15":"purchasable","16":"product-type-variable"},"acf":[],"aioseo_notices":[],"_links":{"self":[{"href":"https:\/\/ritosa.click.si\/it\/wp-json\/wp\/v2\/product\/14214","targetHints":{"allow":["GET"]}}],"collection":[{"href":"https:\/\/ritosa.click.si\/it\/wp-json\/wp\/v2\/product"}],"about":[{"href":"https:\/\/ritosa.click.si\/it\/wp-json\/wp\/v2\/types\/product"}],"wp:featuredmedia":[{"embeddable":true,"href":"https:\/\/ritosa.click.si\/it\/wp-json\/wp\/v2\/media\/14216"}],"wp:attachment":[{"href":"https:\/\/ritosa.click.si\/it\/wp-json\/wp\/v2\/media?parent=14214"}],"wp:term":[{"taxonomy":"product_brand","embeddable":true,"href":"https:\/\/ritosa.click.si\/it\/wp-json\/wp\/v2\/product_brand?post=14214"},{"taxonomy":"product_cat","embeddable":true,"href":"https:\/\/ritosa.click.si\/it\/wp-json\/wp\/v2\/product_cat?post=14214"},{"taxonomy":"product_tag","embeddable":true,"href":"https:\/\/ritosa.click.si\/it\/wp-json\/wp\/v2\/product_tag?post=14214"}],"curies":[{"name":"parola chiave","href":"https:\/\/api.w.org\/{rel}","templated":true}]}}