{"id":14169,"date":"2025-04-10T15:00:47","date_gmt":"2025-04-10T15:00:47","guid":{"rendered":"https:\/\/ritosa.click.si\/?post_type=product&#038;p=14169"},"modified":"2026-04-03T15:12:04","modified_gmt":"2026-04-03T13:12:04","slug":"otroska-celada-alpina-rupi-3","status":"publish","type":"product","link":"https:\/\/ritosa.click.si\/it\/negozio\/kolesarstvo\/kolesarska-oprema\/kolesarske-celade\/otroske-kolesarske-celade\/otroska-celada-alpina-rupi-3\/","title":{"rendered":"Casco per bambini ALPINA RUPI"},"content":{"rendered":"<p>L&#039;Alpina RUPI \u00e8 un casco integrale per bambini, ideale per percorsi di montagna impegnativi, ricchi di radici e rocce, che possono rivelarsi piuttosto insidiosi. Nonostante il peso estremamente ridotto di soli 385 g, il casco offre una protezione completa grazie alla tecnologia INMOLD, che combina una calotta esterna rigida con una parte interna in Hi-EPS, garantendo cos\u00ec il massimo livello di sicurezza. Grazie alla mentoniera rimovibile, il casco per bambini \u00e8 adatto sia per la discesa libera che per l&#039;uso quotidiano! Anche la visiera, che altrimenti funge da protezione da sole, fango e rocce, \u00e8 rimovibile. 15 prese d&#039;aria garantiscono un&#039;elevata traspirabilit\u00e0 del casco.<\/p>\n<ul>\n<li>HI-EPS \u2013 assorbimento degli urti ottimale grazie al materiale Hi-EPS con camere d&#039;aria microscopiche<\/li>\n<li>Inmold Tec \u2013 Il peso ridotto \u00e8 dovuto alla tecnologia Inmold, in cui la calotta superiore \u00e8 termosaldata all&#039;Hi-EPS. Ci\u00f2 si traduce in una connessione superficiale solida, garantendo un design estremamente solido.<\/li>\n<li>Edge Protect: uno strato protettivo che rende il casco pi\u00f9 resistente a rotture e graffi e offre una protezione aggiuntiva contro le influenze esterne durante l&#039;uso frequente<\/li>\n<li>Calotta in ceramica: \u00e8 il nome della calotta esterna di tutti i caschi Alpina realizzata con il processo Inmold. \u00c8 un materiale sottile e leggero, estremamente resistente agli urti e ai graffi, contiene stabilizzatori UV ed \u00e8 antistatico.<\/li>\n<li>Run System Classic: il sistema di regolazione fine \u00e8 fluido e morbido al tatto, garantendo il massimo livello di comfort<\/li>\n<li>Peso del casco 385 g<\/li>\n<li>15 aperture di ventilazione garantiscono un flusso d&#039;aria ideale all&#039;interno<\/li>\n<li>Rete anti-mosche \u2013 rete di protezione dagli insetti<\/li>\n<\/ul>","protected":false},"excerpt":{"rendered":"<p>Casco integrale da ciclismo per bambini ALPINA RUPI<\/p>","protected":false},"featured_media":14171,"template":"","meta":{"_acf_changed":false,"inline_featured_image":false,"_monsterinsights_skip_tracking":false,"_monsterinsights_sitenote_active":false,"_monsterinsights_sitenote_note":"","_monsterinsights_sitenote_category":0},"product_brand":[678],"product_cat":[577],"product_tag":[1198],"class_list":{"0":"post-14169","1":"product","2":"type-product","3":"status-publish","4":"has-post-thumbnail","6":"product_brand-alpina","7":"product_cat-otroske-kolesarske-celade","8":"product_tag-otroci","9":"pa_velikost-50-55","11":"first","12":"instock","13":"sale","14":"taxable","15":"shipping-taxable","16":"purchasable","17":"product-type-variable"},"acf":[],"aioseo_notices":[],"_links":{"self":[{"href":"https:\/\/ritosa.click.si\/it\/wp-json\/wp\/v2\/product\/14169","targetHints":{"allow":["GET"]}}],"collection":[{"href":"https:\/\/ritosa.click.si\/it\/wp-json\/wp\/v2\/product"}],"about":[{"href":"https:\/\/ritosa.click.si\/it\/wp-json\/wp\/v2\/types\/product"}],"wp:featuredmedia":[{"embeddable":true,"href":"https:\/\/ritosa.click.si\/it\/wp-json\/wp\/v2\/media\/14171"}],"wp:attachment":[{"href":"https:\/\/ritosa.click.si\/it\/wp-json\/wp\/v2\/media?parent=14169"}],"wp:term":[{"taxonomy":"product_brand","embeddable":true,"href":"https:\/\/ritosa.click.si\/it\/wp-json\/wp\/v2\/product_brand?post=14169"},{"taxonomy":"product_cat","embeddable":true,"href":"https:\/\/ritosa.click.si\/it\/wp-json\/wp\/v2\/product_cat?post=14169"},{"taxonomy":"product_tag","embeddable":true,"href":"https:\/\/ritosa.click.si\/it\/wp-json\/wp\/v2\/product_tag?post=14169"}],"curies":[{"name":"parola chiave","href":"https:\/\/api.w.org\/{rel}","templated":true}]}}