{"id":13967,"date":"2025-03-13T20:02:29","date_gmt":"2025-03-13T20:02:29","guid":{"rendered":"https:\/\/ritosa.click.si\/?post_type=product&#038;p=13967"},"modified":"2026-03-18T14:13:07","modified_gmt":"2026-03-18T13:13:07","slug":"cube-aim-slx-2025","status":"publish","type":"product","link":"https:\/\/ritosa.click.si\/it\/negozio\/kolesarstvo\/kolesa\/gorska-kolesa\/zenska-gorska-kolesa\/cube-aim-slx-2025\/","title":{"rendered":"CUBE AIM SLX"},"content":{"rendered":"<p><strong>CUBE AIM SLX<\/strong><\/p>\n<p>La bellezza non \u00e8 solo una questione di superficie: l&#039;aspetto elegante di Aim \u00e8 il risultato di giunzioni saldate perfettamente tra telaio e tubo sella. \u00c8 dotata di passaggio cavi interno, che garantisce un utilizzo duraturo e una facile manutenzione. I supporti per portapacchi e parafanghi, accuratamente nascosti, rendono rapido, facile ed elegante l&#039;adattamento della bici per tour pi\u00f9 lunghi o gite del fine settimana.<\/p>\n<p>La geometria aggiornata include un tubo orizzontale pi\u00f9 basso per una maneggevolezza pi\u00f9 sicura, pur offrendo spazio sufficiente per pneumatici da 2,25&quot; larghi, aderenti e comodi. Il sistema SizeSplit di Cube offre una gamma di misure ampliata, quindi, indipendentemente dalla tua altezza, c&#039;\u00e8 un&#039;Aim perfetta per te.<\/p>\n<p><em>Capacit\u00e0 di carico massima (incluso il peso della bici): 140 kg<\/em><\/p>\n<p><em>Divisione delle dimensioni:<\/em><\/p>\n<ul>\n<li><em>14&quot; (XS), 16&quot; (S) = 27,5&quot;\u201d<\/em><\/li>\n<li><em>18&quot; (M), 20&quot; (L), 22&quot; (XL), 24&quot; (XXL) = 29&quot;\u201d<\/em><\/li>\n<\/ul>\n<h3><strong>Specifiche<\/strong><\/h3>\n<ul>\n<li><strong>Telaio<\/strong>: Alluminio Lite, AMF, doppio spessore, passaggio cavi interno, tubo sterzo conico, freno Flat Mount, attacco SIC, attacco cavalletto FM<\/li>\n<li><strong>Forchetta<\/strong>: RockShox Judy Silver TK Coil, 100 mm, blocco<\/li>\n<li><strong>Cuscinetto della forcella<\/strong>: CUBE FPH868, semi-integrato<\/li>\n<li><strong>Supporto manubrio<\/strong>: Attacco manubrio CUBE Performance Race, 31,8 mm<\/li>\n<li><strong>Volante<\/strong>: Manubrio CUBE Rise Trail, 680 mm<\/li>\n<li><strong>Manubrio \/ Nastro manubrio<\/strong>: ACIDO Reagisce<\/li>\n<li><strong>deragliatore posteriore<\/strong>: Shimano RD-M3100-SGS, 9 velocit\u00e0<\/li>\n<li><strong>Leve del cambio<\/strong>: Shimano SL-M2010-9R, Rapidfire-Plus<\/li>\n<li><strong>Freni<\/strong>: Shimano BR-MT200\/UR300, idraulico, freno a disco, PM\/FM (160\/160)<\/li>\n<li><strong>asse motore<\/strong>: Thun Paso-ML, 73mm BSA<\/li>\n<li><strong>Autista<\/strong>: Prowheel CC10Y-NW, 32T, 170mm<\/li>\n<li><strong>Pedali<\/strong>: ACID PP MTB<\/li>\n<li><strong>Catena<\/strong>: KMC X9<\/li>\n<li><strong>Cassetta<\/strong>: Shimano CS-HG201, 11-36T<\/li>\n<li><strong>Mozzo anteriore<\/strong>: Shimano HB-TX505, QR, Centerlock<\/li>\n<li><strong>Mozzo posteriore<\/strong>: Shimano FH-TX505, QR, Centerlock<\/li>\n<li><strong>Cerchi \/ Ruote<\/strong>: CUBE ZX20, 32H, Disco<\/li>\n<li><strong>Coperture<\/strong>: Schwalbe Smart Sam, Attivo, 2.25<\/li>\n<li><strong>Posto a sedere<\/strong>: Venec Lite in forma naturale<\/li>\n<li><strong>Supporto del sedile<\/strong>: Reggisella CUBE Performance, 27,2 mm<\/li>\n<li><strong>Peso<\/strong>: <strong>13,8 kg<\/strong><\/li>\n<\/ul>","protected":false},"excerpt":{"rendered":"<p>Gorsko kolo Cube Aim SLX Flashlime &#8216;n&#8217; Juniper<\/p>","protected":false},"featured_media":21757,"template":"","meta":{"_acf_changed":false,"inline_featured_image":false},"product_brand":[1192],"product_cat":[488,572],"product_tag":[1840,1839,993,1137,1143,1144,1838,863],"class_list":{"0":"post-13967","1":"product","2":"type-product","3":"status-publish","4":"has-post-thumbnail","6":"product_brand-cube","7":"product_cat-gorska-kolesa","8":"product_cat-zenska-gorska-kolesa","9":"product_tag-aim-slx","10":"product_tag-bike-cube-aim-slx","11":"product_tag-cube","12":"product_tag-cube-aim-slx","13":"product_tag-gorsko-kolo","14":"product_tag-gorsko-kolo-cube","15":"product_tag-gorsko-kolo-cube-aim-slx","16":"product_tag-kolo","17":"pa_velikost-l","18":"pa_velikost-xl","20":"first","21":"instock","22":"sale","23":"taxable","24":"shipping-taxable","25":"purchasable","26":"product-type-variable"},"acf":[],"_links":{"self":[{"href":"https:\/\/ritosa.click.si\/it\/wp-json\/wp\/v2\/product\/13967","targetHints":{"allow":["GET"]}}],"collection":[{"href":"https:\/\/ritosa.click.si\/it\/wp-json\/wp\/v2\/product"}],"about":[{"href":"https:\/\/ritosa.click.si\/it\/wp-json\/wp\/v2\/types\/product"}],"wp:featuredmedia":[{"embeddable":true,"href":"https:\/\/ritosa.click.si\/it\/wp-json\/wp\/v2\/media\/21757"}],"wp:attachment":[{"href":"https:\/\/ritosa.click.si\/it\/wp-json\/wp\/v2\/media?parent=13967"}],"wp:term":[{"taxonomy":"product_brand","embeddable":true,"href":"https:\/\/ritosa.click.si\/it\/wp-json\/wp\/v2\/product_brand?post=13967"},{"taxonomy":"product_cat","embeddable":true,"href":"https:\/\/ritosa.click.si\/it\/wp-json\/wp\/v2\/product_cat?post=13967"},{"taxonomy":"product_tag","embeddable":true,"href":"https:\/\/ritosa.click.si\/it\/wp-json\/wp\/v2\/product_tag?post=13967"}],"curies":[{"name":"parola chiave","href":"https:\/\/api.w.org\/{rel}","templated":true}]}}