{"id":13934,"date":"2025-03-11T18:21:40","date_gmt":"2025-03-11T18:21:40","guid":{"rendered":"https:\/\/ritosa.click.si\/?post_type=product&#038;p=13934"},"modified":"2026-04-01T22:59:38","modified_gmt":"2026-04-01T20:59:38","slug":"rolerji-roces-otli-4x84","status":"publish","type":"product","link":"https:\/\/ritosa.click.si\/it\/negozio\/rolerji\/odrasli-rolerji\/rolerji-roces-otli-4x84\/","title":{"rendered":"Pattini in linea Roces OTLI 4\u00d784"},"content":{"rendered":"<p>Roces OTLI 84 presenta una calotta esterna robusta, ma leggera e flessibile, che offre un&#039;elevata reattivit\u00e0. Presenta molteplici aperture per una migliore ventilazione, che dissipa il calore in eccesso e previene l&#039;accumulo di umidit\u00e0. Un ammortizzatore integrato rende la corsa ancora pi\u00f9 fluida e piacevole. Grazie a due fibbie e a un innovativo sistema di chiusura, il pattino pu\u00f2 essere allacciato rapidamente e con il minimo sforzo. La scarpetta interna \u00e8 anatomica e rivestita in memory foam che si adatta automaticamente al piede dell&#039;utente.<\/p>\n<h3>Caratteristiche:<\/h3>\n<p>\u2022 Scarpa esterna: polipropilene PP; calotta con presa d&#039;aria completa<br \/>\n\u2022 Chiusura: Due fibbie micrometriche, lacci<br \/>\n\u2022 Smorzamento: smorzatore integrato<br \/>\n\u2022 Scarpa interna: sagomata anatomicamente per una maggiore stabilit\u00e0<br \/>\n\u2022 Telaio: alluminio estruso<br \/>\n\u2022 Ruote: Roces 84mm 85A<br \/>\n\u2022 Cuscinetti: ABEC 7<br \/>\n\u2022 Distanziatori: Alluminio<br \/>\n\u2022 Freno: Incluso<\/p>","protected":false},"excerpt":{"rendered":"<p>Pattini in linea per adulti ROCES OTLI 4\u00d784<\/p>\n<p><span style=\"color: #d0121a\">Le taglie dei pattini a rotelle vestono piccole, quindi ti consigliamo di scegliere almeno una taglia in pi\u00f9 rispetto alla tua solita taglia di scarpe.<\/span><\/p>","protected":false},"featured_media":13945,"template":"","meta":{"_acf_changed":false,"inline_featured_image":false},"product_brand":[684],"product_cat":[584],"product_tag":[],"class_list":{"0":"post-13934","1":"product","2":"type-product","3":"status-publish","4":"has-post-thumbnail","6":"product_brand-roces","7":"product_cat-odrasli-rolerji","8":"pa_velikost-742","9":"pa_velikost-762","10":"pa_velikost-766","12":"first","13":"instock","14":"sale","15":"taxable","16":"shipping-taxable","17":"purchasable","18":"product-type-variable"},"acf":[],"_links":{"self":[{"href":"https:\/\/ritosa.click.si\/it\/wp-json\/wp\/v2\/product\/13934","targetHints":{"allow":["GET"]}}],"collection":[{"href":"https:\/\/ritosa.click.si\/it\/wp-json\/wp\/v2\/product"}],"about":[{"href":"https:\/\/ritosa.click.si\/it\/wp-json\/wp\/v2\/types\/product"}],"wp:featuredmedia":[{"embeddable":true,"href":"https:\/\/ritosa.click.si\/it\/wp-json\/wp\/v2\/media\/13945"}],"wp:attachment":[{"href":"https:\/\/ritosa.click.si\/it\/wp-json\/wp\/v2\/media?parent=13934"}],"wp:term":[{"taxonomy":"product_brand","embeddable":true,"href":"https:\/\/ritosa.click.si\/it\/wp-json\/wp\/v2\/product_brand?post=13934"},{"taxonomy":"product_cat","embeddable":true,"href":"https:\/\/ritosa.click.si\/it\/wp-json\/wp\/v2\/product_cat?post=13934"},{"taxonomy":"product_tag","embeddable":true,"href":"https:\/\/ritosa.click.si\/it\/wp-json\/wp\/v2\/product_tag?post=13934"}],"curies":[{"name":"parola chiave","href":"https:\/\/api.w.org\/{rel}","templated":true}]}}