{"id":13911,"date":"2025-03-11T17:57:32","date_gmt":"2025-03-11T17:57:32","guid":{"rendered":"https:\/\/ritosa.click.si\/?post_type=product&#038;p=13911"},"modified":"2026-04-01T22:09:08","modified_gmt":"2026-04-01T20:09:08","slug":"rolerji-roces-x35-4x80-tif","status":"publish","type":"product","link":"https:\/\/ritosa.click.si\/it\/negozio\/rolerji\/odrasli-rolerji\/rolerji-roces-x35-4x80-tif\/","title":{"rendered":"Roller Roces X35 4\u00d780 TIF"},"content":{"rendered":"<p>Il modello Roces X35 4\u00d780 \u00e8 perfetto per tutti i pattinatori freestyle amatoriali. Grazie alle ruote pi\u00f9 piccole, \u00e8 estremamente maneggevole. L&#039;X35 ha una scarpa completamente traspirante e leggera. Grazie a due fibbie e a un innovativo sistema di chiusura, il pattino pu\u00f2 essere allacciato rapidamente e con il minimo sforzo, offrendo il massimo supporto durante la pattinata. La scarpetta interna \u00e8 anatomica e rivestita in memory foam, che si adatta automaticamente al piede dell&#039;utente. L&#039;ammortizzatore integrato rende la corsa ancora pi\u00f9 fluida e piacevole. Una piastra protettiva rimovibile \u00e8 fissata all&#039;esterno della scarpa. Le ruote da 80 mm hanno una durezza di 84A e cuscinetti Abec-7 integrati, il che significa che i pattini sono sufficientemente veloci nonostante il diametro ridotto. I pattini sono dotati di freno.<\/p>\n<h3>Caratteristiche tecniche:<\/h3>\n<ul>\n<li>Scarpa esterna: polipropilene PP; calotta con presa d&#039;aria completa<\/li>\n<li>Chiusura: Perno in alluminio e fibbie micrometriche, per una chiusura facile e veloce<\/li>\n<li>Ammortizzazione: ammortizzatore integrato<\/li>\n<li>Scarpa interna: fodera in pelle, sagomata anatomicamente per una maggiore stabilit\u00e0<\/li>\n<li>Telaio: alluminio estruso<\/li>\n<li>Ruote: Roces 80mm-84A<\/li>\n<li>Cuscinetti: ABEC 7<\/li>\n<li>Distanziatori: Alluminio<\/li>\n<li>Freno: Incluso<\/li>\n<\/ul>","protected":false},"excerpt":{"rendered":"<p>Pattini a rotelle per adulti ROCES X35 4\u00d780 TIF<\/p>\n<p><span style=\"color: #d0121a\">Le taglie dei pattini a rotelle vestono piccole, quindi ti consigliamo di scegliere almeno una taglia in pi\u00f9 rispetto alla tua solita taglia di scarpe.<\/span><\/p>","protected":false},"featured_media":13920,"template":"","meta":{"_acf_changed":false,"inline_featured_image":false,"_monsterinsights_skip_tracking":false,"_monsterinsights_sitenote_active":false,"_monsterinsights_sitenote_note":"","_monsterinsights_sitenote_category":0},"product_brand":[684],"product_cat":[584],"product_tag":[],"class_list":{"0":"post-13911","1":"product","2":"type-product","3":"status-publish","4":"has-post-thumbnail","6":"product_brand-roces","7":"product_cat-odrasli-rolerji","8":"pa_velikost-41-2","9":"pa_velikost-45-2","11":"first","12":"instock","13":"sale","14":"taxable","15":"shipping-taxable","16":"purchasable","17":"product-type-variable"},"acf":[],"aioseo_notices":[],"_links":{"self":[{"href":"https:\/\/ritosa.click.si\/it\/wp-json\/wp\/v2\/product\/13911","targetHints":{"allow":["GET"]}}],"collection":[{"href":"https:\/\/ritosa.click.si\/it\/wp-json\/wp\/v2\/product"}],"about":[{"href":"https:\/\/ritosa.click.si\/it\/wp-json\/wp\/v2\/types\/product"}],"wp:featuredmedia":[{"embeddable":true,"href":"https:\/\/ritosa.click.si\/it\/wp-json\/wp\/v2\/media\/13920"}],"wp:attachment":[{"href":"https:\/\/ritosa.click.si\/it\/wp-json\/wp\/v2\/media?parent=13911"}],"wp:term":[{"taxonomy":"product_brand","embeddable":true,"href":"https:\/\/ritosa.click.si\/it\/wp-json\/wp\/v2\/product_brand?post=13911"},{"taxonomy":"product_cat","embeddable":true,"href":"https:\/\/ritosa.click.si\/it\/wp-json\/wp\/v2\/product_cat?post=13911"},{"taxonomy":"product_tag","embeddable":true,"href":"https:\/\/ritosa.click.si\/it\/wp-json\/wp\/v2\/product_tag?post=13911"}],"curies":[{"name":"parola chiave","href":"https:\/\/api.w.org\/{rel}","templated":true}]}}