{"id":13901,"date":"2025-03-11T17:48:23","date_gmt":"2025-03-11T17:48:23","guid":{"rendered":"https:\/\/ritosa.click.si\/?post_type=product&#038;p=13901"},"modified":"2026-03-06T16:09:22","modified_gmt":"2026-03-06T15:09:22","slug":"rolerji-roces-ego-3x110-tif","status":"publish","type":"product","link":"https:\/\/ritosa.click.si\/it\/negozio\/rolerji\/odrasli-rolerji\/rolerji-roces-ego-3x110-tif\/","title":{"rendered":"Pattini in linea Roces EGO 3\u00d7110 TIF"},"content":{"rendered":"<p>Roces EGO \u00e8 dotato di una calotta esterna robusta, ma leggera e flessibile, che offre un&#039;elevata reattivit\u00e0. Presenta numerose aperture per una migliore ventilazione, che dissipa il calore in eccesso e previene l&#039;accumulo di umidit\u00e0. L&#039;ammortizzatore integrato rende la corsa ancora pi\u00f9 fluida e piacevole. Grazie a due fibbie e a un innovativo sistema di chiusura, il pattino pu\u00f2 essere allacciato rapidamente e con il minimo sforzo. La scarpetta interna ha una forma anatomica per adattarsi al piede dell&#039;utente.<\/p>\n<h3>Caratteristiche:<\/h3>\n<ul>\n<li>Scarpa esterna: polipropilene PP; calotta con presa d&#039;aria completa<\/li>\n<li>Chiusura: Due fibbie micrometriche, lacci<\/li>\n<li>Ammortizzazione: ammortizzatore integrato<\/li>\n<li>Scarpa interna: sagomata anatomicamente per una maggiore stabilit\u00e0<\/li>\n<li>Telaio: alluminio estruso<\/li>\n<li>Ruote: Roces 110mm-85A<\/li>\n<li>Cuscinetti: ABEC 11<\/li>\n<li>Distanziatori: Alluminio<\/li>\n<li>Freno: Incluso<\/li>\n<\/ul>","protected":false},"excerpt":{"rendered":"<p>Pattini in linea per adulti ROCES EGO 3\u00d7110 TIF<\/p>\n<p><span style=\"color: #d0121a\">Le taglie dei pattini a rotelle vestono piccole, quindi ti consigliamo di scegliere almeno una taglia in pi\u00f9 rispetto alla tua solita taglia di scarpe.<\/span><\/p>","protected":false},"featured_media":13910,"template":"","meta":{"_acf_changed":false,"inline_featured_image":false,"_monsterinsights_skip_tracking":false,"_monsterinsights_sitenote_active":false,"_monsterinsights_sitenote_note":"","_monsterinsights_sitenote_category":0},"product_brand":[684],"product_cat":[584],"product_tag":[],"class_list":{"0":"post-13901","1":"product","2":"type-product","3":"status-publish","4":"has-post-thumbnail","6":"product_brand-roces","7":"product_cat-odrasli-rolerji","8":"pa_velikost-742","9":"pa_velikost-41-2","10":"pa_velikost-762","11":"pa_velikost-766","12":"pa_velikost-45-2","14":"first","15":"instock","16":"sale","17":"taxable","18":"shipping-taxable","19":"purchasable","20":"product-type-variable"},"acf":[],"aioseo_notices":[],"_links":{"self":[{"href":"https:\/\/ritosa.click.si\/it\/wp-json\/wp\/v2\/product\/13901","targetHints":{"allow":["GET"]}}],"collection":[{"href":"https:\/\/ritosa.click.si\/it\/wp-json\/wp\/v2\/product"}],"about":[{"href":"https:\/\/ritosa.click.si\/it\/wp-json\/wp\/v2\/types\/product"}],"wp:featuredmedia":[{"embeddable":true,"href":"https:\/\/ritosa.click.si\/it\/wp-json\/wp\/v2\/media\/13910"}],"wp:attachment":[{"href":"https:\/\/ritosa.click.si\/it\/wp-json\/wp\/v2\/media?parent=13901"}],"wp:term":[{"taxonomy":"product_brand","embeddable":true,"href":"https:\/\/ritosa.click.si\/it\/wp-json\/wp\/v2\/product_brand?post=13901"},{"taxonomy":"product_cat","embeddable":true,"href":"https:\/\/ritosa.click.si\/it\/wp-json\/wp\/v2\/product_cat?post=13901"},{"taxonomy":"product_tag","embeddable":true,"href":"https:\/\/ritosa.click.si\/it\/wp-json\/wp\/v2\/product_tag?post=13901"}],"curies":[{"name":"parola chiave","href":"https:\/\/api.w.org\/{rel}","templated":true}]}}