{"id":13884,"date":"2025-03-11T15:35:30","date_gmt":"2025-03-11T15:35:30","guid":{"rendered":"https:\/\/ritosa.click.si\/?post_type=product&#038;p=13884"},"modified":"2026-03-06T16:18:49","modified_gmt":"2026-03-06T15:18:49","slug":"rolerji-roces-moody-x-boy-tif-2","status":"publish","type":"product","link":"https:\/\/ritosa.click.si\/it\/negozio\/rolerji\/otroski-rolerji\/rolerji-roces-moody-x-boy-tif-2\/","title":{"rendered":"Pattini a rotelle Roces MOODY X BOY TIF"},"content":{"rendered":"<p>Il pattino a rotelle per bambini Moody X TIF \u00e8 il successore del popolarissimo modello Moody TIF ed \u00e8 sicuramente la scelta adatta a tutti i bambini che hanno gi\u00e0 padroneggiato le basi del pattinaggio a rotelle. La scarpa morbida \u00e8 molto traspirante e confortevole e la taglia pu\u00f2 essere regolata esattamente in base al piede del bambino. Ci\u00f2 \u00e8 reso possibile da un nuovo sistema a vite con precisione millimetrica. Chiusura con lacci, nastro memory e fibbia.<\/p>\n<p>\u2022 Cuscinetti: ABEC 3;<br \/>\n\u2022 Ruote: Roces 76mm \/ 82A (72mm nella misura 30-35);<br \/>\n\u2022 Telaio: alluminio<br \/>\n\u2022 Inserto anatomico<br \/>\n\u2022 Freno incluso<\/p>","protected":false},"excerpt":{"rendered":"<p>Pattini a rotelle regolabili per bambini MOODY X BOY TIF<\/p>","protected":false},"featured_media":13887,"template":"","meta":{"_acf_changed":false,"inline_featured_image":false},"product_brand":[684],"product_cat":[583],"product_tag":[1198],"class_list":{"0":"post-13884","1":"product","2":"type-product","3":"status-publish","4":"has-post-thumbnail","6":"product_brand-roces","7":"product_cat-otroski-rolerji","8":"product_tag-otroci","9":"pa_velikost-30-35","10":"pa_velikost-36-40","12":"first","13":"instock","14":"sale","15":"taxable","16":"shipping-taxable","17":"purchasable","18":"product-type-variable"},"acf":[],"_links":{"self":[{"href":"https:\/\/ritosa.click.si\/it\/wp-json\/wp\/v2\/product\/13884","targetHints":{"allow":["GET"]}}],"collection":[{"href":"https:\/\/ritosa.click.si\/it\/wp-json\/wp\/v2\/product"}],"about":[{"href":"https:\/\/ritosa.click.si\/it\/wp-json\/wp\/v2\/types\/product"}],"wp:featuredmedia":[{"embeddable":true,"href":"https:\/\/ritosa.click.si\/it\/wp-json\/wp\/v2\/media\/13887"}],"wp:attachment":[{"href":"https:\/\/ritosa.click.si\/it\/wp-json\/wp\/v2\/media?parent=13884"}],"wp:term":[{"taxonomy":"product_brand","embeddable":true,"href":"https:\/\/ritosa.click.si\/it\/wp-json\/wp\/v2\/product_brand?post=13884"},{"taxonomy":"product_cat","embeddable":true,"href":"https:\/\/ritosa.click.si\/it\/wp-json\/wp\/v2\/product_cat?post=13884"},{"taxonomy":"product_tag","embeddable":true,"href":"https:\/\/ritosa.click.si\/it\/wp-json\/wp\/v2\/product_tag?post=13884"}],"curies":[{"name":"parola chiave","href":"https:\/\/api.w.org\/{rel}","templated":true}]}}