{"id":13822,"date":"2025-03-03T12:23:53","date_gmt":"2025-03-03T12:23:53","guid":{"rendered":"https:\/\/ritosa.click.si\/?post_type=product&#038;p=13822"},"modified":"2026-03-14T09:29:38","modified_gmt":"2026-03-14T08:29:38","slug":"cube-numove-200","status":"publish","type":"product","link":"https:\/\/ritosa.click.si\/it\/negozio\/kolesarstvo\/kolesa\/otroska-kolesa\/20\/cube-numove-200\/","title":{"rendered":"CUBE NUMOVE 200 \u2013 bianco"},"content":{"rendered":"<p><strong>CUBO NUMOVE 200<\/strong><\/p>\n<p>Elegante, <strong>telaio in alluminio leggero<\/strong> <strong>Numero 200<\/strong> \u00e8 attentamente progettato per offrire <strong>perfetto equilibrio tra peso ridotto, resistenza e durata<\/strong>, adattato alle esigenze <strong>un giovane ciclista entusiasta<\/strong>. <strong>Una bicicletta leggera \u00e8 pi\u00f9 facile da guidare, pi\u00f9 facile da manovrare, pi\u00f9 divertente e, ultimo ma non meno importante, pi\u00f9 sicura.<\/strong>. Con appropriato <strong>forcella rigida<\/strong> E <strong>geometria<\/strong>, che \u00e8 progettato per <strong>maneggevolezza vivace ma sicura<\/strong>, \u00c8 <strong>Numove 200 un punto di partenza ideale<\/strong> per il tuo <strong>piccolo ciclista<\/strong>.<\/p>\n<p><em>Altezza consigliata: 111 \u2013 124 cm<\/em><\/p>\n<p><em>Capacit\u00e0 di carico massima (incluso il peso della bici): 50 kg<\/em><\/p>\n<p><strong>Specifiche<\/strong><\/p>\n<ul>\n<li><strong>Telaio<\/strong>: Alluminio Lite 6061<\/li>\n<li><strong>Forchetta<\/strong>: Alluminio Lite 6061<\/li>\n<li><strong>Cuscinetto della forcella<\/strong>: CUBO<\/li>\n<li><strong>Supporto manubrio<\/strong>: CUBE Numove regolabile<\/li>\n<li><strong>Volante<\/strong>: CUBO PER BAMBINI 540mm, \u00d8 19mm<\/li>\n<li><strong>Manubrio \/ Nastro manubrio<\/strong>: Natural Fit Kids 19.0<\/li>\n<li><strong>deragliatore posteriore<\/strong>: Shimano RD-M3020, 8 marce<\/li>\n<li><strong>Leve del cambio<\/strong>: Shimano SL-M315, Rapidfire-Plus<\/li>\n<li><strong>Freni<\/strong>: Freni a V in alluminio<\/li>\n<li><strong>asse motore<\/strong>: Thun Shorty-ML Sl, quadrato, larghezza BB 68 mm<\/li>\n<li><strong>Autista<\/strong>: ACID Numove 30T, 115mm, fattore Q stretto<\/li>\n<li><strong>Pedali<\/strong>: CUBE PP MTB<\/li>\n<li><strong>Catena<\/strong>: KMC HV500<\/li>\n<li><strong>Cassetta<\/strong>: Sunrace CSM55, 11-34<\/li>\n<li><strong>Mozzo anteriore<\/strong>: Novatec SL<\/li>\n<li><strong>Mozzo posteriore<\/strong>: Novatec SL<\/li>\n<li><strong>Coperture<\/strong>: Schwalbe Little Joe, 20 x 1.4<\/li>\n<li><strong>Posto a sedere<\/strong>: CUBE Kid<\/li>\n<li><strong>Supporto del sedile<\/strong>: Reggisella CUBE Performance, 27,2 mm<\/li>\n<li><strong>Peso<\/strong>: <strong>7,4 kg<\/strong><\/li>\n<\/ul>","protected":false},"excerpt":{"rendered":"<p>Bicicletta per bambini 20\u201d Cube Numove 200<\/p>","protected":false},"featured_media":13823,"template":"","meta":{"_acf_changed":false,"inline_featured_image":false,"_monsterinsights_skip_tracking":false,"_monsterinsights_sitenote_active":false,"_monsterinsights_sitenote_note":"","_monsterinsights_sitenote_category":0},"product_brand":[1192],"product_cat":[646],"product_tag":[1198,1202,1007],"class_list":{"0":"post-13822","1":"product","2":"type-product","3":"status-publish","4":"has-post-thumbnail","6":"product_brand-cube","7":"product_cat-646","8":"product_tag-otroci","9":"product_tag-otroska-kolesa","10":"product_tag-otrosko-kolo","12":"first","13":"instock","14":"sale","15":"taxable","16":"shipping-taxable","17":"purchasable","18":"product-type-simple"},"acf":[],"aioseo_notices":[],"_links":{"self":[{"href":"https:\/\/ritosa.click.si\/it\/wp-json\/wp\/v2\/product\/13822","targetHints":{"allow":["GET"]}}],"collection":[{"href":"https:\/\/ritosa.click.si\/it\/wp-json\/wp\/v2\/product"}],"about":[{"href":"https:\/\/ritosa.click.si\/it\/wp-json\/wp\/v2\/types\/product"}],"wp:featuredmedia":[{"embeddable":true,"href":"https:\/\/ritosa.click.si\/it\/wp-json\/wp\/v2\/media\/13823"}],"wp:attachment":[{"href":"https:\/\/ritosa.click.si\/it\/wp-json\/wp\/v2\/media?parent=13822"}],"wp:term":[{"taxonomy":"product_brand","embeddable":true,"href":"https:\/\/ritosa.click.si\/it\/wp-json\/wp\/v2\/product_brand?post=13822"},{"taxonomy":"product_cat","embeddable":true,"href":"https:\/\/ritosa.click.si\/it\/wp-json\/wp\/v2\/product_cat?post=13822"},{"taxonomy":"product_tag","embeddable":true,"href":"https:\/\/ritosa.click.si\/it\/wp-json\/wp\/v2\/product_tag?post=13822"}],"curies":[{"name":"parola chiave","href":"https:\/\/api.w.org\/{rel}","templated":true}]}}