{"id":13791,"date":"2025-03-02T13:05:52","date_gmt":"2025-03-02T13:05:52","guid":{"rendered":"https:\/\/ritosa.click.si\/?post_type=product&#038;p=13791"},"modified":"2026-03-18T14:17:15","modified_gmt":"2026-03-18T13:17:15","slug":"cube-attention-pro-2025","status":"publish","type":"product","link":"https:\/\/ritosa.click.si\/it\/negozio\/kolesarstvo\/kolesa\/gorska-kolesa\/zenska-gorska-kolesa\/cube-attention-pro-2025\/","title":{"rendered":"CUBE ATTENTION PRO"},"content":{"rendered":"<p><strong>CUBE ATTENTION PRO<\/strong><\/p>\n<p><strong>Cube Attenzione<\/strong> Deve il suo aspetto elegante a <strong>giunto saldato liscio<\/strong>\u00a0tubo sterzo e tubo sella. Ha <strong>passaggio cavi interno<\/strong>, che garantisce <strong>funzionamento duraturo e facile manutenzione<\/strong>. <strong>Parentesi accuratamente nascoste<\/strong> per il bagagliaio e i parafanghi consentono <strong>trasformazione rapida, semplice ed elegante<\/strong>, che rende la bici <strong>ideale per viaggi pi\u00f9 lunghi o gite del fine settimana<\/strong>.<\/p>\n<p><strong>Geometria aggiornata<\/strong> include <strong>tubo superiore ribassato e tubo sterzo conico<\/strong> per <strong>funzionamento pi\u00f9 sicuro<\/strong>, offrendo anche <strong>spazio sufficiente per pneumatici larghi, aderenti e comodi da 2,25 pollici<\/strong>. Sistema Cube <strong>SizeSplit<\/strong> offre una gamma di dimensioni ampliata, il che significa che <strong>Qualunque sia la tua altezza, c&#039;\u00e8 un&#039;attenzione che si adatta perfettamente a te.<\/strong>.<\/p>\n<p>Man mano che le tue abilit\u00e0 migliorano, <strong>c&#039;\u00e8 spazio per gli aggiornamenti<\/strong>, cos\u00ec com&#039;\u00e8 <strong>aggiungendo un reggisella retrattile per una guida ancora pi\u00f9 attiva e confortevole in ogni momento<\/strong>.<\/p>\n<p><em>Capacit\u00e0 di carico massima (incluso il peso della bici): 140 kg<\/em><\/p>\n<p><em>Divisione delle dimensioni:<\/em><\/p>\n<ul>\n<li><em>27,5\u2033: XS, S<\/em><\/li>\n<li><em>29\u2033: M, L, XL, XXL<\/em><\/li>\n<\/ul>\n<h3><strong>Specifiche<\/strong><\/h3>\n<ul>\n<li><strong>Telaio<\/strong>: Alluminio Lite, AMF, doppio spessore, passaggio cavi interno, tubo sterzo conico, freno Flat Mount, attacco SIC, attacco cavalletto FM<\/li>\n<li><strong>Forchetta<\/strong>: SR Suntour X1-32, 15x110mm, 100mm, RL<\/li>\n<li><strong>Cuscinetto della forcella<\/strong>: CUBE FPH868, semi-integrato<\/li>\n<li><strong>Supporto manubrio<\/strong>: Attacco manubrio CUBE Performance, 31,8 mm<\/li>\n<li><strong>Volante<\/strong>: Manubrio CUBE Rise Trail, 680 mm<\/li>\n<li><strong>Manubrio \/ Nastro manubrio<\/strong>: Icona ACID<\/li>\n<li><strong>deragliatore posteriore<\/strong>: Shimano Deore RD-M6100-SGS, ShadowPlus, 12 velocit\u00e0<\/li>\n<li><strong>Leve del cambio<\/strong>: Shimano Deore SL-M6100, Rapidfire-Plus<\/li>\n<li><strong>Freni<\/strong>: Shimano BR-MT200\/UR300, freni a disco idraulici, PM\/FM (160\/180)<\/li>\n<li><strong>asse motore<\/strong>: Prowheel BSA PW-MB68<\/li>\n<li><strong>Autista<\/strong>: ACID MTB Pro, 32T<\/li>\n<li><strong>Pedali<\/strong>: CUBE PP MTB<\/li>\n<li><strong>Catena<\/strong>: KMC X12<\/li>\n<li><strong>Cassetta<\/strong>: Shimano Deore CS-M6100, 10-51T<\/li>\n<li><strong>Mozzo anteriore<\/strong>: Shimano HB-TC500, QR, Centerlock<\/li>\n<li><strong>Mozzo posteriore<\/strong>: Shimano FH-QC500-MS, QR, Centerlock<\/li>\n<li><strong>Cerchi \/ Ruote<\/strong>: CUBE EX25, 32H, Disco, Tubeless Ready<\/li>\n<li><strong>Coperture<\/strong>: Schwalbe Smart Sam, ActivL, 2.25<\/li>\n<li><strong>Posto a sedere<\/strong>: ACID Wreath Lite<\/li>\n<li><strong>Supporto del sedile<\/strong>: Reggisella CUBE Performance, 27,2 mm<\/li>\n<li><strong>Peso<\/strong>: <strong>14,7 kg<\/strong><\/li>\n<\/ul>","protected":false},"excerpt":{"rendered":"<p>Cerchio Attention Pro Metallicteal &#039;n&#039; White Cube<\/p>","protected":false},"featured_media":13793,"template":"","meta":{"_acf_changed":false,"inline_featured_image":false,"_monsterinsights_skip_tracking":false,"_monsterinsights_sitenote_active":false,"_monsterinsights_sitenote_note":"","_monsterinsights_sitenote_category":0},"product_brand":[1192],"product_cat":[488,572],"product_tag":[],"class_list":{"0":"post-13791","1":"product","2":"type-product","3":"status-publish","4":"has-post-thumbnail","6":"product_brand-cube","7":"product_cat-gorska-kolesa","8":"product_cat-zenska-gorska-kolesa","9":"pa_velikost-l","11":"first","12":"instock","13":"sale","14":"taxable","15":"shipping-taxable","16":"purchasable","17":"product-type-variable"},"acf":[],"aioseo_notices":[],"_links":{"self":[{"href":"https:\/\/ritosa.click.si\/it\/wp-json\/wp\/v2\/product\/13791","targetHints":{"allow":["GET"]}}],"collection":[{"href":"https:\/\/ritosa.click.si\/it\/wp-json\/wp\/v2\/product"}],"about":[{"href":"https:\/\/ritosa.click.si\/it\/wp-json\/wp\/v2\/types\/product"}],"wp:featuredmedia":[{"embeddable":true,"href":"https:\/\/ritosa.click.si\/it\/wp-json\/wp\/v2\/media\/13793"}],"wp:attachment":[{"href":"https:\/\/ritosa.click.si\/it\/wp-json\/wp\/v2\/media?parent=13791"}],"wp:term":[{"taxonomy":"product_brand","embeddable":true,"href":"https:\/\/ritosa.click.si\/it\/wp-json\/wp\/v2\/product_brand?post=13791"},{"taxonomy":"product_cat","embeddable":true,"href":"https:\/\/ritosa.click.si\/it\/wp-json\/wp\/v2\/product_cat?post=13791"},{"taxonomy":"product_tag","embeddable":true,"href":"https:\/\/ritosa.click.si\/it\/wp-json\/wp\/v2\/product_tag?post=13791"}],"curies":[{"name":"parola chiave","href":"https:\/\/api.w.org\/{rel}","templated":true}]}}