{"id":13626,"date":"2025-01-07T10:41:08","date_gmt":"2025-01-07T10:41:08","guid":{"rendered":"https:\/\/ritosa.click.si\/?post_type=product&#038;p=13626"},"modified":"2026-03-06T08:23:44","modified_gmt":"2026-03-06T07:23:44","slug":"elan-primetime-55-fx-2025","status":"publish","type":"product","link":"https:\/\/ritosa.click.si\/it\/negozio\/sciare\/sci\/sci-da-uomo\/elan-primetime-55-fx-2025\/","title":{"rendered":"Elan PRIMETIME 55+ FX"},"content":{"rendered":"<div class=\"product-info-secondary__column\">\n<div class=\"product attribute overview\">\n<div class=\"value\">\n<p>Il Primetime 55+ offre potenza e un migliore controllo del marciapiede. \u00c8 progettato su una piattaforma pi\u00f9 ampia che offre una guida generosa ed emozionante.<\/p>\n<\/div>\n<\/div>\n<div class=\"product attribute description\">\n<div class=\"value\">\n<p>Gli sci Primetime 55+ offrono prestazioni di taglio ad arco su una piattaforma leggermente pi\u00f9 larga (74 mm) che fornisce supporto ed equilibrio, pur mantenendo l&#039;agilit\u00e0 grazie a un raggio pi\u00f9 corto. Sono progettati con la tecnologia PowerMatch, che adatta la costruzione dello sci al modo in cui gli sciatori caricano le lamine, consentendo al contempo un trasferimento di potenza fluido. Il profilo Amphibio \u00e8 migliorato con un&#039;anima in legno a doppia densit\u00e0 basata su legni pi\u00f9 duri. Un profilo pi\u00f9 spesso lungo la lamina interna e un profilo pi\u00f9 sottile con legni pi\u00f9 leggeri lungo le lamine esterne offrono la perfetta quantit\u00e0 di potenza, stabilit\u00e0 e reattivit\u00e0 con manovre intuitive e una sciata fluida. Uno strato di doppio titanal posizionato lungo la lamina interna fornisce ulteriore supporto. E il nuovo sistema di attacchi Fusion X, con la sua punta rialzata, offre una sensazione di flex accentuata e un migliore equilibrio. Questi sci sono progettati per gli sciatori che cercano prestazioni entusiasmanti su sci leggermente pi\u00f9 larghi.<\/p>\n<\/div>\n<\/div>\n<\/div>\n<div class=\"pdp-attributes__accordion mage-accordion-disabled\">\n<div class=\"pdp-attributes__collapsible allow active\">\n<div class=\"pdp-attributes__content\">\n<div class=\"pdp-attributes__sustainability\">\n<ul class=\"checkmark\">\n<li>Una piattaforma pi\u00f9 ampia fornisce pi\u00f9 supporto<\/li>\n<li>Reattivit\u00e0 eccezionale<\/li>\n<li>I bordi pi\u00f9 precisi<\/li>\n<li>Per sciatori intermedi<\/li>\n<\/ul>\n<\/div>\n<\/div>\n<\/div>\n<\/div>\n<div class=\"product attribute description\">\n<div class=\"value\">\n<div class=\"pdp-attributes__trigger\">\n<h3 class=\"pdp-attributes__title\">GUIDA TAGLIE<\/h3>\n<\/div>\n<div class=\"pdp-attributes__content\">\n<table class=\"pdp-attributes__size-guide\">\n<thead>\n<tr>\n<th>Altezza dello sciatore<\/th>\n<th>Lunghezza dello sci<\/th>\n<\/tr>\n<\/thead>\n<tbody>\n<tr>\n<td>144 \u2013 154 centimetri<\/td>\n<td>144<\/td>\n<\/tr>\n<tr>\n<td>151 \u2013 161 centimetri<\/td>\n<td>151<\/td>\n<\/tr>\n<tr>\n<td>158 \u2013 168 centimetri<\/td>\n<td>158<\/td>\n<\/tr>\n<tr>\n<td>165 \u2013 175 centimetri<\/td>\n<td>165<\/td>\n<\/tr>\n<tr>\n<td>172 \u2013 182 centimetri<\/td>\n<td>172<\/td>\n<\/tr>\n<tr>\n<td>179 \u2013 189 centimetri<\/td>\n<td>179<\/td>\n<\/tr>\n<\/tbody>\n<\/table>\n<\/div>\n<div class=\"pdp-attributes__content\">\n<h3>INFORMAZIONI TECNICHE<\/h3>\n<table>\n<tbody>\n<tr>\n<td><\/td>\n<td>144 centimetri<\/td>\n<td>151 centimetri<\/td>\n<td>158 centimetri<\/td>\n<td>165 centimetri<\/td>\n<td>172 centimetri<\/td>\n<td>179 centimetri<\/td>\n<\/tr>\n<tr>\n<td>Raggio<\/td>\n<td>9.3<\/td>\n<td>10.4<\/td>\n<td>11.5<\/td>\n<td>12.8<\/td>\n<td>14<\/td>\n<td>15.3<\/td>\n<\/tr>\n<tr>\n<td>Larghezza della punta dello sci<\/td>\n<td>130<\/td>\n<td>130<\/td>\n<td>130<\/td>\n<td>130<\/td>\n<td>130<\/td>\n<td>130<\/td>\n<\/tr>\n<tr>\n<td>Larghezza della parte centrale dello sci<\/td>\n<td>74<\/td>\n<td>74<\/td>\n<td>74<\/td>\n<td>74<\/td>\n<td>74<\/td>\n<td>74<\/td>\n<\/tr>\n<tr>\n<td>Larghezza della coda dello sci<\/td>\n<td>111<\/td>\n<td>111<\/td>\n<td>111<\/td>\n<td>111<\/td>\n<td>111<\/td>\n<td>111<\/td>\n<\/tr>\n<\/tbody>\n<\/table>\n<h3>DETTAGLI<\/h3>\n<table>\n<tbody>\n<tr>\n<td>Codice<\/td>\n<td>ABBKJW23<\/td>\n<\/tr>\n<tr>\n<td>Legame<\/td>\n<td>EMX 12.0 GW Fusion X BLK\/SIL<\/td>\n<\/tr>\n<tr>\n<td>Lunghezza\/Raggio<\/td>\n<td>172 (14.0)<\/td>\n<\/tr>\n<tr>\n<td>Sistema<\/td>\n<td>Fusion X<\/td>\n<\/tr>\n<tr>\n<td>Profilo<\/td>\n<td>Amphibio<\/td>\n<\/tr>\n<tr>\n<td>Frastuono<\/td>\n<td>3,5 \u2013 12<\/td>\n<\/tr>\n<tr>\n<td>Tecnologia<\/td>\n<td>Base ad alta velocit\u00e0, Dual Ti, anima in legno DualDensity, tecnologia Power Match, fianchetti RST<\/td>\n<\/tr>\n<\/tbody>\n<\/table>\n<\/div>\n<\/div>\n<\/div>","protected":false},"excerpt":{"rendered":"<p>Elan PRIMETIME 55+ Fusion X EMX 12.0<\/p>\n<p>Il Primetime 55+ offre potenza e un migliore controllo del marciapiede. \u00c8 progettato su una piattaforma pi\u00f9 ampia che offre una guida generosa ed emozionante.<\/p>","protected":false},"featured_media":13628,"template":"","meta":{"_acf_changed":false,"inline_featured_image":false,"_monsterinsights_skip_tracking":false,"_monsterinsights_sitenote_active":false,"_monsterinsights_sitenote_note":"","_monsterinsights_sitenote_category":0},"product_brand":[677],"product_cat":[508],"product_tag":[],"class_list":{"0":"post-13626","1":"product","2":"type-product","3":"status-publish","4":"has-post-thumbnail","6":"product_brand-elan","7":"product_cat-moske-smuci","8":"pa_velikost-2221","10":"first","11":"instock","12":"sale","13":"taxable","14":"shipping-taxable","15":"purchasable","16":"product-type-variable"},"acf":[],"aioseo_notices":[],"_links":{"self":[{"href":"https:\/\/ritosa.click.si\/it\/wp-json\/wp\/v2\/product\/13626","targetHints":{"allow":["GET"]}}],"collection":[{"href":"https:\/\/ritosa.click.si\/it\/wp-json\/wp\/v2\/product"}],"about":[{"href":"https:\/\/ritosa.click.si\/it\/wp-json\/wp\/v2\/types\/product"}],"wp:featuredmedia":[{"embeddable":true,"href":"https:\/\/ritosa.click.si\/it\/wp-json\/wp\/v2\/media\/13628"}],"wp:attachment":[{"href":"https:\/\/ritosa.click.si\/it\/wp-json\/wp\/v2\/media?parent=13626"}],"wp:term":[{"taxonomy":"product_brand","embeddable":true,"href":"https:\/\/ritosa.click.si\/it\/wp-json\/wp\/v2\/product_brand?post=13626"},{"taxonomy":"product_cat","embeddable":true,"href":"https:\/\/ritosa.click.si\/it\/wp-json\/wp\/v2\/product_cat?post=13626"},{"taxonomy":"product_tag","embeddable":true,"href":"https:\/\/ritosa.click.si\/it\/wp-json\/wp\/v2\/product_tag?post=13626"}],"curies":[{"name":"parola chiave","href":"https:\/\/api.w.org\/{rel}","templated":true}]}}