{"id":13590,"date":"2024-12-05T13:00:40","date_gmt":"2024-12-05T13:00:40","guid":{"rendered":"https:\/\/ritosa.click.si\/?post_type=product&#038;p=13590"},"modified":"2025-06-23T15:21:12","modified_gmt":"2025-06-23T13:21:12","slug":"smucarska-jakna-elan-areh","status":"publish","type":"product","link":"https:\/\/ritosa.click.si\/it\/negozio\/sciare\/ostali-zimski-sporti\/smucarska-jakna-elan-areh\/","title":{"rendered":"Giacca da sci ELAN AREH"},"content":{"rendered":"<div class=\"product attribute overview\">\n<div class=\"value\">\n<p>Rimani asciutto e caldo con la giacca da sci Elan Areh, dotata di impermeabilit\u00e0 e traspirabilit\u00e0 pari a 20K.<\/p>\n<\/div>\n<\/div>\n<h3>Protezione perfetta per gli sciatori appassionati<\/h3>\n<p>La giacca da sci Elan Areh \u00e8 progettata per gli sciatori pi\u00f9 esigenti e combina un isolamento termico leggero con caratteristiche tecniche avanzate. \u00c8 realizzata in resistente tessuto di poliestere a due strati con membrana in poliuretano con impermeabilit\u00e0 20K e traspirabilit\u00e0 20K, che offre un&#039;eccellente protezione da acqua e vento e consente una gestione ottimale del calore. Cuciture nastrate e cerniere impermeabili offrono ulteriore protezione, mantenendo gli sciatori asciutti anche in condizioni di bagnato.<\/p>\n<h3>Taglio funzionale<\/h3>\n<p>Un cappuccio regolabile e compatibile con il casco consente una vestibilit\u00e0 personalizzata, mentre le cerniere di ventilazione sotto le ascelle aiutano a dissipare il calore in eccesso durante l&#039;attivit\u00e0 intensa. Una comoda tasca per lo skipass sulla manica offre un facile accesso allo skipass, mentre una ghetta antineve impedisce alla neve di entrare nella giacca quando si scia nella neve fresca. La giacca da sci Elan Areh offre calore, comfort e protezione dalle intemperie per tutto il giorno, sia che si scia su piste battute o nella natura incontaminata.<\/p>\n<div class=\"pdp-attributes__collapsible allow active\">\n<div class=\"pdp-attributes__trigger\">\n<h3 class=\"pdp-attributes__title\">Caratteristiche principali<\/h3>\n<\/div>\n<div class=\"pdp-attributes__content\">\n<div class=\"pdp-attributes__sustainability\">\n<ul class=\"checkmark\">\n<li>Diaframma 20k\/20k<\/li>\n<li>Idrorepellente<\/li>\n<li>Include fibre riciclate<\/li>\n<li>Realizzato in materiale privo di PFC<\/li>\n<li>Cuciture nastrate<\/li>\n<li>Cerniere impermeabili<\/li>\n<li>Cappuccio regolabile in due direzioni, compatibile con il casco<\/li>\n<li>Cerniere per la ventilazione sotto le ascelle<\/li>\n<li>Tasca per lo skipass<\/li>\n<li>Protezione dalla neve<\/li>\n<li>MATERIALE: Materiale esterno: 100% poliestere %; 125 g Imbottitura: 100% poliestere riciclato %; corpo 80 g\/m\u00b2 \/ maniche e cappuccio 60 g\/m\u00b2<\/li>\n<li>TAGLIO: Taglio standard<\/li>\n<\/ul>\n<\/div>\n<\/div>\n<\/div>","protected":false},"excerpt":{"rendered":"<p>Giacca da sci Elan Areh \u2013 GIACCA INVERNALE ELAN<\/p>\n<\/p>\n<p>Realizziamo anche pantaloni da sci su ordinazione. <\/p>","protected":false},"featured_media":13593,"template":"","meta":{"_acf_changed":false,"inline_featured_image":false},"product_brand":[],"product_cat":[513],"product_tag":[],"class_list":{"0":"post-13590","1":"product","2":"type-product","3":"status-publish","4":"has-post-thumbnail","6":"product_cat-ostali-zimski-sporti","7":"pa_velikost-xl","8":"pa_velikost-xxl","10":"first","11":"instock","12":"sale","13":"taxable","14":"shipping-taxable","15":"purchasable","16":"product-type-variable"},"acf":[],"_links":{"self":[{"href":"https:\/\/ritosa.click.si\/it\/wp-json\/wp\/v2\/product\/13590","targetHints":{"allow":["GET"]}}],"collection":[{"href":"https:\/\/ritosa.click.si\/it\/wp-json\/wp\/v2\/product"}],"about":[{"href":"https:\/\/ritosa.click.si\/it\/wp-json\/wp\/v2\/types\/product"}],"wp:featuredmedia":[{"embeddable":true,"href":"https:\/\/ritosa.click.si\/it\/wp-json\/wp\/v2\/media\/13593"}],"wp:attachment":[{"href":"https:\/\/ritosa.click.si\/it\/wp-json\/wp\/v2\/media?parent=13590"}],"wp:term":[{"taxonomy":"product_brand","embeddable":true,"href":"https:\/\/ritosa.click.si\/it\/wp-json\/wp\/v2\/product_brand?post=13590"},{"taxonomy":"product_cat","embeddable":true,"href":"https:\/\/ritosa.click.si\/it\/wp-json\/wp\/v2\/product_cat?post=13590"},{"taxonomy":"product_tag","embeddable":true,"href":"https:\/\/ritosa.click.si\/it\/wp-json\/wp\/v2\/product_tag?post=13590"}],"curies":[{"name":"parola chiave","href":"https:\/\/api.w.org\/{rel}","templated":true}]}}