{"id":13574,"date":"2024-12-03T16:58:57","date_gmt":"2024-12-03T16:58:57","guid":{"rendered":"https:\/\/ritosa.click.si\/?post_type=product&#038;p=13574"},"modified":"2026-03-07T16:12:06","modified_gmt":"2026-03-07T15:12:06","slug":"alpina-taos-q-lite-black-willow","status":"publish","type":"product","link":"https:\/\/ritosa.click.si\/it\/negozio\/sciare\/smucarska-oprema\/smucarska-ocala\/odrasla-smucarska-ocala\/alpina-taos-q-lite-black-willow\/","title":{"rendered":"Alpina Taos Q-Lite nero-salice"},"content":{"rendered":"<div class=\"product-short-description\">\n<p>TAOS \u00e8 una maschera per gli amanti degli sport invernali che attribuiscono grande importanza non solo alle prestazioni, ma anche all&#039;aspetto. TAOS \u00e8 moderna e consente numerose combinazioni di stile. La maschera da sci non \u00e8 eccessivamente grande, ma esprime comunque audacia con il suo design. La maschera ha una doppia lente Q-LITE, che aumenta il contrasto. La lente ha anche una lente a specchio, che assorbe i raggi IR e quindi protegge gli occhi, mentre le lenti sono antigraffio e offrono protezione UV 100%. La montatura comoda \u00e8 ben ventilata e offre anche spazio per occhiali da vista sottostanti. L&#039;ampia lente offre inoltre un&#039;eccellente visione a 360\u00b0. TAOS \u00e8 prodotta in Germania con materiali riciclati e biologici. Livello di oscuramento: S2<\/p>\n<ul>\n<li>Q-lite le\u010da:\u00a0odbija infrarde\u010de \u017earke in tako zmanj\u0161a obremenitev o\u010di hkrati pa pove\u010da kontraste<\/li>\n<li>Mirror (M):\u00a0le\u010da z mo\u010dno odsevno plastjo \u0161\u010diti pred ble\u0161\u010danjem in infrarde\u010do svetlobo<\/li>\n<li>Fogstop: je premaz na notranji strani le\u010d za za\u0161\u010dito o\u010dal pred rosenjem<\/li>\n<li>Doublelens thermoblock: smu\u010darska o\u010dala z dvojnimi le\u010dami, ki ju lo\u010duje zrak med njima<\/li>\n<li>180\u00b0+ view: Alpina smu\u010darska o\u010dala s 180\u00b0+ pogledom imajo \u0161e ve\u010dje vidno polje kot je zahtevano po CE standardu<\/li>\n<li>Comfort frame: Za\u0161\u010ditna o\u010dala so ergonomi\u010dno oblikovana in se tako optimalno prilegajo vsaki obliki obraza<\/li>\n<li>Venting lens: Zra\u010dne odprtine na le\u010dah zagotavljajo dobro zra\u010denje notranjosti o\u010dal. To posledi\u010dno u\u010dinkovito prepre\u010duje rosenje le\u010d<\/li>\n<li>Ventilazione della montatura: le aperture sui bordi laterali e inferiori della montatura consentono all&#039;aria di fluire all&#039;interno degli occhiali, prevenendo l&#039;appannamento delle lenti<\/li>\n<li>Rimless: Smu\u010darska o\u010dala brez vidnega okvirja imajo ve\u010dje vidno polje<\/li>\n<li>OTG\u00a0\u2013 O\u010dala se lahko nosijo skupaj z va\u0161imi korekcijskimi o\u010dali.<\/li>\n<\/ul>\n<\/div>","protected":false},"excerpt":{"rendered":"<p>Maschera da sci per adulti Alpina Taos Q-Lite<\/p>","protected":false},"featured_media":21095,"template":"","meta":{"_acf_changed":false,"inline_featured_image":false,"_monsterinsights_skip_tracking":false,"_monsterinsights_sitenote_active":false,"_monsterinsights_sitenote_note":"","_monsterinsights_sitenote_category":0},"product_brand":[678],"product_cat":[606],"product_tag":[],"class_list":{"0":"post-13574","1":"product","2":"type-product","3":"status-publish","4":"has-post-thumbnail","6":"product_brand-alpina","7":"product_cat-odrasla-smucarska-ocala","9":"first","10":"instock","11":"sale","12":"taxable","13":"shipping-taxable","14":"purchasable","15":"product-type-simple"},"acf":[],"aioseo_notices":[],"_links":{"self":[{"href":"https:\/\/ritosa.click.si\/it\/wp-json\/wp\/v2\/product\/13574","targetHints":{"allow":["GET"]}}],"collection":[{"href":"https:\/\/ritosa.click.si\/it\/wp-json\/wp\/v2\/product"}],"about":[{"href":"https:\/\/ritosa.click.si\/it\/wp-json\/wp\/v2\/types\/product"}],"wp:featuredmedia":[{"embeddable":true,"href":"https:\/\/ritosa.click.si\/it\/wp-json\/wp\/v2\/media\/21095"}],"wp:attachment":[{"href":"https:\/\/ritosa.click.si\/it\/wp-json\/wp\/v2\/media?parent=13574"}],"wp:term":[{"taxonomy":"product_brand","embeddable":true,"href":"https:\/\/ritosa.click.si\/it\/wp-json\/wp\/v2\/product_brand?post=13574"},{"taxonomy":"product_cat","embeddable":true,"href":"https:\/\/ritosa.click.si\/it\/wp-json\/wp\/v2\/product_cat?post=13574"},{"taxonomy":"product_tag","embeddable":true,"href":"https:\/\/ritosa.click.si\/it\/wp-json\/wp\/v2\/product_tag?post=13574"}],"curies":[{"name":"parola chiave","href":"https:\/\/api.w.org\/{rel}","templated":true}]}}