{"id":13553,"date":"2024-12-03T11:43:55","date_gmt":"2024-12-03T11:43:55","guid":{"rendered":"https:\/\/ritosa.click.si\/?post_type=product&#038;p=13553"},"modified":"2026-03-05T18:03:00","modified_gmt":"2026-03-05T17:03:00","slug":"elan-jett-jrs-130-150","status":"publish","type":"product","link":"https:\/\/ritosa.click.si\/it\/negozio\/sciare\/sci\/sci-per-bambini\/elan-jett-jrs-130-150\/","title":{"rendered":"Elan JETT JRS (130 \u2013 150)"},"content":{"rendered":"<div class=\"product-info-secondary__column\">\n<p class=\"product-info-secondary__title\"><span style=\"font-size: 16px\">Sono gli sci per bambini pi\u00f9 innovativi sul mercato grazie alla tecnologia brevettata U-Flex di Elan. U-Flex consente ai giovani sciatori di piegare lo sci con facilit\u00e0 e di provare il piacere del carving fin dalle prime curve.<\/span><\/p>\n<div class=\"product attribute description\">\n<div class=\"value\">Fornire una curvatura degli sci sufficientemente morbida per i giovani sciatori \u00e8 stata una delle sfide pi\u00f9 grandi che abbiamo affrontato negli ultimi anni. La soluzione \u00e8 la nostra pluripremiata tecnologia U-Flex. La rivoluzionaria costruzione degli sci aumenta la curvatura dello sci del 25% %. Questo ci ha permesso di creare un set completo di sci per bambini, abbinato a scarponi da sci appositamente progettati, realizzati in plastica pi\u00f9 morbida e flessibile. Gli sci consentono quindi un apprendimento pi\u00f9 facile e transizioni pi\u00f9 rapide da una lamina all&#039;altra. L&#039;aspetto grafico dello sci Jett si basa sulla serie Precision.<\/div>\n<\/div>\n<\/div>\n<div class=\"pdp-attributes__collapsible allow active\">\n<div class=\"pdp-attributes__content\">\n<div class=\"pdp-attributes__sustainability\">\n<ul class=\"checkmark\">\n<li>Tecnologia innovativa per i giovani sciatori<\/li>\n<li>Peso ridotto<\/li>\n<li>Piegatura morbida<\/li>\n<li>Promuove un apprendimento rapido<\/li>\n<\/ul>\n<\/div>\n<\/div>\n<\/div>\n<div class=\"pdp-attributes__trigger\">\n<h3 class=\"pdp-attributes__title\">GUIDA TAGLIE<\/h3>\n<\/div>\n<table class=\"pdp-attributes__size-guide\">\n<thead>\n<tr>\n<th>Altezza dello sciatore<\/th>\n<th>Lunghezza dello sci<\/th>\n<\/tr>\n<\/thead>\n<tbody>\n<tr>\n<td>130 \u2013 145 centimetri<\/td>\n<td>130<\/td>\n<\/tr>\n<tr>\n<td>140 \u2013 155 centimetri<\/td>\n<td>140<\/td>\n<\/tr>\n<tr>\n<td>150 \u2013 165 centimetri<\/td>\n<td>150<\/td>\n<\/tr>\n<\/tbody>\n<\/table>\n<h3>INFORMAZIONI TECNICHE<\/h3>\n<table>\n<tbody>\n<tr>\n<td><\/td>\n<td>130 centimetri<\/td>\n<td>140 centimetri<\/td>\n<td>150 cm<\/td>\n<\/tr>\n<tr>\n<td>Raggio<\/td>\n<td>9.4<\/td>\n<td>11.2<\/td>\n<td>13.1<\/td>\n<\/tr>\n<tr>\n<td>Larghezza della punta dello sci<\/td>\n<td>109<\/td>\n<td>109<\/td>\n<td>109<\/td>\n<\/tr>\n<tr>\n<td>Larghezza della parte centrale dello sci<\/td>\n<td>67<\/td>\n<td>67<\/td>\n<td>67<\/td>\n<\/tr>\n<tr>\n<td>Larghezza della coda dello sci<\/td>\n<td>95<\/td>\n<td>95<\/td>\n<td>95<\/td>\n<\/tr>\n<\/tbody>\n<\/table>\n<h3>DETTAGLI<\/h3>\n<table>\n<tbody>\n<tr>\n<td>Legame<\/td>\n<td>EL 4,5 GW CA JRS NERO \/ EL 7,5 GW CA JRS NERO<\/td>\n<\/tr>\n<tr>\n<td>Lunghezza\/Raggio<\/td>\n<td>100 (6.2)<\/td>\n<\/tr>\n<tr>\n<td>Sistema<\/td>\n<td>Junior Shift<\/td>\n<\/tr>\n<tr>\n<td>Profilo<\/td>\n<td>Early Rise Rocker<\/td>\n<\/tr>\n<tr>\n<td>Frastuono<\/td>\n<td>0,75 \u2013 4,5 \/ 2 \u2013 7,5<\/td>\n<\/tr>\n<tr>\n<td>Tecnologia<\/td>\n<td>Fibra di vetro, Synflex, tecnologia U-Flex, Full Power Cap<\/td>\n<\/tr>\n<\/tbody>\n<\/table>\n<h3 class=\"pdp-attributes__title\"><\/h3>","protected":false},"excerpt":{"rendered":"<p>Sci per bambini Elan JETT JRS (130 \u2013 150)<\/p>\n<p>Gli sci per bambini pi\u00f9 innovativi sul mercato grazie alla tecnologia brevettata U-Flex di Elan.<\/p>","protected":false},"featured_media":20310,"template":"","meta":{"_acf_changed":false,"inline_featured_image":false,"_monsterinsights_skip_tracking":false,"_monsterinsights_sitenote_active":false,"_monsterinsights_sitenote_note":"","_monsterinsights_sitenote_category":0},"product_brand":[677],"product_cat":[592],"product_tag":[2109,2107,2108,2110],"class_list":{"0":"post-13553","1":"product","2":"type-product","3":"status-publish","4":"has-post-thumbnail","6":"product_brand-elan","7":"product_cat-otroske-smuci","8":"product_tag-elan-jett","9":"product_tag-otroske-smuci","10":"product_tag-otroske-smuci-elan","11":"product_tag-otroske-smuci-elan-jett","12":"pa_velikost-130-4","13":"pa_velikost-719","15":"first","16":"instock","17":"sale","18":"taxable","19":"shipping-taxable","20":"purchasable","21":"product-type-variable"},"acf":[],"aioseo_notices":[],"_links":{"self":[{"href":"https:\/\/ritosa.click.si\/it\/wp-json\/wp\/v2\/product\/13553","targetHints":{"allow":["GET"]}}],"collection":[{"href":"https:\/\/ritosa.click.si\/it\/wp-json\/wp\/v2\/product"}],"about":[{"href":"https:\/\/ritosa.click.si\/it\/wp-json\/wp\/v2\/types\/product"}],"wp:featuredmedia":[{"embeddable":true,"href":"https:\/\/ritosa.click.si\/it\/wp-json\/wp\/v2\/media\/20310"}],"wp:attachment":[{"href":"https:\/\/ritosa.click.si\/it\/wp-json\/wp\/v2\/media?parent=13553"}],"wp:term":[{"taxonomy":"product_brand","embeddable":true,"href":"https:\/\/ritosa.click.si\/it\/wp-json\/wp\/v2\/product_brand?post=13553"},{"taxonomy":"product_cat","embeddable":true,"href":"https:\/\/ritosa.click.si\/it\/wp-json\/wp\/v2\/product_cat?post=13553"},{"taxonomy":"product_tag","embeddable":true,"href":"https:\/\/ritosa.click.si\/it\/wp-json\/wp\/v2\/product_tag?post=13553"}],"curies":[{"name":"parola chiave","href":"https:\/\/api.w.org\/{rel}","templated":true}]}}