{"id":13535,"date":"2024-12-02T18:37:32","date_gmt":"2024-12-02T18:37:32","guid":{"rendered":"https:\/\/ritosa.click.si\/?post_type=product&#038;p=13535"},"modified":"2026-03-06T19:30:17","modified_gmt":"2026-03-06T18:30:17","slug":"alpina-brix-grey","status":"publish","type":"product","link":"https:\/\/ritosa.click.si\/it\/negozio\/sciare\/smucarska-oprema\/smucarske-celade\/odrasle-smucarske-celade\/alpina-brix-grey\/","title":{"rendered":"Alpina Brix \u2013 grigio"},"content":{"rendered":"<p>Grazie al suo look moderno e all&#039;eccellente vestibilit\u00e0, questo casco \u00e8 estremamente popolare tra sciatori e snowboarder, poich\u00e9 \u00e8 perfetto sia nella neve profonda che sulle piste, dove protegge in modo affidabile l&#039;utente in caso di caduta. \u00c8 possibile scegliere tra un&#039;ampia gamma di colori. Brix offre il massimo livello di sicurezza grazie alla sua costruzione Inmold, al nucleo Hi-EPS e alla robusta calotta in ceramica, mentre la morbida fodera, rimovibile e lavabile, garantisce il massimo comfort. Il controllo Airstream consente un&#039;eccellente ventilazione attraverso i canali d&#039;aria. Con le prese d&#039;aria aperte, l&#039;aria fresca fluisce nel casco nelle giornate calde, ma quando le temperature scendono o durante le discese veloci, possono essere facilmente chiuse. Il sistema di regolazione della taglia Ergo Snow consente di adattare Brix individualmente alla testa dell&#039;utente.<\/p>\n<p>Caratteristiche:<\/p>\n<ul>\n<li>Inmold: la tecnologia prevede il riscaldamento della calotta esterna in policarbonato ad alta temperatura e la sua successiva cottura ad alta pressione sulla calotta in EPS. Il processo crea un legame permanente su tutta la superficie delle calotte esterna e interna, rendendo il casco estremamente leggero e stabile;<\/li>\n<li>La collaudata fibbia Ergomatic \u00e8 utilizzata su tutti i caschi Alpina. Regolazione multistadio, azionabile con una sola mano. La fibbia non si slaccia da sola in caso di incidente.<\/li>\n<li>Controllo del flusso d&#039;aria: consente una ventilazione e un comfort ottimali;<\/li>\n<li>Run system Ergo Snow: sistema regolabile per adattare la taglia del casco da sci a qualsiasi forma della testa, garantendo comfort e vestibilit\u00e0 perfetta<\/li>\n<li>Protezione dei bordi: i bordi ulteriormente rinforzati proteggono il casco dagli urti<\/li>\n<li>Clip a Y: la clip a Y collega le cinghie anteriori e posteriori sotto le orecchie, consentendo una vestibilit\u00e0 ottimale del casco<\/li>\n<li>Fodera in tessuto rimovibile e lavabile e cuscinetti auricolari rimovibili<\/li>\n<li>Scaldacollo caldo<\/li>\n<\/ul>","protected":false},"excerpt":{"rendered":"<p>Casco da sci per adulti Alpina Brix<\/p>","protected":false},"featured_media":13537,"template":"","meta":{"_acf_changed":false,"inline_featured_image":false},"product_brand":[678],"product_cat":[509],"product_tag":[],"class_list":{"0":"post-13535","1":"product","2":"type-product","3":"status-publish","4":"has-post-thumbnail","6":"product_brand-alpina","7":"product_cat-odrasle-smucarske-celade","8":"pa_velikost-55-59","10":"first","11":"instock","12":"sale","13":"taxable","14":"shipping-taxable","15":"purchasable","16":"product-type-variable"},"acf":[],"_links":{"self":[{"href":"https:\/\/ritosa.click.si\/it\/wp-json\/wp\/v2\/product\/13535","targetHints":{"allow":["GET"]}}],"collection":[{"href":"https:\/\/ritosa.click.si\/it\/wp-json\/wp\/v2\/product"}],"about":[{"href":"https:\/\/ritosa.click.si\/it\/wp-json\/wp\/v2\/types\/product"}],"wp:featuredmedia":[{"embeddable":true,"href":"https:\/\/ritosa.click.si\/it\/wp-json\/wp\/v2\/media\/13537"}],"wp:attachment":[{"href":"https:\/\/ritosa.click.si\/it\/wp-json\/wp\/v2\/media?parent=13535"}],"wp:term":[{"taxonomy":"product_brand","embeddable":true,"href":"https:\/\/ritosa.click.si\/it\/wp-json\/wp\/v2\/product_brand?post=13535"},{"taxonomy":"product_cat","embeddable":true,"href":"https:\/\/ritosa.click.si\/it\/wp-json\/wp\/v2\/product_cat?post=13535"},{"taxonomy":"product_tag","embeddable":true,"href":"https:\/\/ritosa.click.si\/it\/wp-json\/wp\/v2\/product_tag?post=13535"}],"curies":[{"name":"parola chiave","href":"https:\/\/api.w.org\/{rel}","templated":true}]}}