{"id":13517,"date":"2024-12-02T18:13:54","date_gmt":"2024-12-02T18:13:54","guid":{"rendered":"https:\/\/ritosa.click.si\/?post_type=product&#038;p=13517"},"modified":"2026-03-06T19:20:29","modified_gmt":"2026-03-06T18:20:29","slug":"alpina-alto-q-lite-lilac-black","status":"publish","type":"product","link":"https:\/\/ritosa.click.si\/it\/negozio\/sciare\/smucarska-oprema\/smucarske-celade\/odrasle-smucarske-celade\/alpina-alto-q-lite-lilac-black\/","title":{"rendered":"Alpina Alto Q-Lite \u2013 lilla-nero"},"content":{"rendered":"<p>Stile, estetica, innovazione. Alpina ALTO Q-LITE \u00e8 un nuovo casco da sci con visiera, progettato per gli sciatori che amano apparire al meglio e vedere tutto. Il meccanismo di ripiegamento della visiera (TRM) \u00e8 stato riprogettato, stabilendo nuovi standard in termini di comfort. Il meccanismo di ripiegamento permette alla visiera di aderire perfettamente al viso, offrendo cos\u00ec una buona protezione da vento e neve, mentre la lente migliora i contrasti. La visiera offre anche protezione UV 100% e allo stesso tempo enfatizza i contrasti. Il casco offre una maggiore sicurezza rispetto ai caschi da sci convenzionali grazie alla tecnologia Hard Shell, un utilizzo confortevole con l&#039;esclusivo sistema di ventilazione Airstream Control. Il sistema Run System consente la regolazione continua della taglia con chiusura Fidlock. Il casco \u00e8 dotato di paraorecchie rimovibili e di uno scaldacollo aggiuntivo. \u00c8 inclusa una custodia per riporre il casco.<\/p>\n<p>Caratteristiche della visiera:<\/p>\n<ul>\n<li>Specchio: la lente presenta fino a 16 strati di rivestimento che proteggono dalle radiazioni IR. Questo filtro \u00e8 altamente raccomandato per lo sci in alta quota e migliora anche i contrasti.<\/li>\n<li>Jet vision: la visiera integrata offre un campo visivo pi\u00f9 ampio rispetto ai classici occhiali da sci.<\/li>\n<li>TRM: preklopni mehanizem za vizir.<\/li>\n<li>Termoblock: tehnologija dveh le\u010d, ki ju lo\u010duje zrak med njima. Ustvari se blokada zunanjega mrzlega zraka z notranjim toplim, s \u010dimer se dodatno prepre\u010di rosenje na notranji strani le\u010d.<\/li>\n<li>Fog stop: rivestimento sulla parte interna delle lenti per proteggere gli occhiali dall&#039;appannamento.<\/li>\n<li>Protezione: S2, 100% protezione contro i raggi UV-A, UV-B e UV-C fino a 400 nm.<\/li>\n<\/ul>\n<p>Caratteristiche del casco:<\/p>\n<ul>\n<li>Guscio rigido: combinazione di un guscio rigido in ABS e di una struttura interna in EPS. L&#039;imbottitura in HI-EPS offre un maggiore assorbimento degli urti. Il casco \u00e8 adatto anche al Freeride grazie alla sua migliore protezione.<\/li>\n<li>Sistema Run: consente la regolazione individuale della taglia tramite una manopola rotante nella parte posteriore della testa<\/li>\n<li>Airstream control: omogo\u010da optimalno prezra\u010devanje in udobno po\u010dutje<\/li>\n<li>Cuscinetti auricolari rimovibili: Cuscinetti auricolari rimovibili<\/li>\n<li>Scaldacollo: la fodera interna estesa riscalda la parte posteriore del collo.<\/li>\n<li>Fidlock: magnetna sponka za zapenjanje \u010delade pod brado nudi hitrej\u0161e zapenjanje.<\/li>\n<li>Y-Clip: sistema di regolazione del cinturino 3D.<\/li>\n<li>Conforme alla norma: CE EN 1077 B<\/li>\n<\/ul>","protected":false},"excerpt":{"rendered":"<p>Casco da sci per adulti Alpina Alto Q-Lite<\/p>","protected":false},"featured_media":13519,"template":"","meta":{"_acf_changed":false,"inline_featured_image":false},"product_brand":[678],"product_cat":[509],"product_tag":[],"class_list":{"0":"post-13517","1":"product","2":"type-product","3":"status-publish","4":"has-post-thumbnail","6":"product_brand-alpina","7":"product_cat-odrasle-smucarske-celade","8":"pa_velikost-51-55","10":"first","11":"instock","12":"sale","13":"taxable","14":"shipping-taxable","15":"purchasable","16":"product-type-variable"},"acf":[],"_links":{"self":[{"href":"https:\/\/ritosa.click.si\/it\/wp-json\/wp\/v2\/product\/13517","targetHints":{"allow":["GET"]}}],"collection":[{"href":"https:\/\/ritosa.click.si\/it\/wp-json\/wp\/v2\/product"}],"about":[{"href":"https:\/\/ritosa.click.si\/it\/wp-json\/wp\/v2\/types\/product"}],"wp:featuredmedia":[{"embeddable":true,"href":"https:\/\/ritosa.click.si\/it\/wp-json\/wp\/v2\/media\/13519"}],"wp:attachment":[{"href":"https:\/\/ritosa.click.si\/it\/wp-json\/wp\/v2\/media?parent=13517"}],"wp:term":[{"taxonomy":"product_brand","embeddable":true,"href":"https:\/\/ritosa.click.si\/it\/wp-json\/wp\/v2\/product_brand?post=13517"},{"taxonomy":"product_cat","embeddable":true,"href":"https:\/\/ritosa.click.si\/it\/wp-json\/wp\/v2\/product_cat?post=13517"},{"taxonomy":"product_tag","embeddable":true,"href":"https:\/\/ritosa.click.si\/it\/wp-json\/wp\/v2\/product_tag?post=13517"}],"curies":[{"name":"parola chiave","href":"https:\/\/api.w.org\/{rel}","templated":true}]}}